{"id":10052,"date":"2025-01-28T16:35:24","date_gmt":"2025-01-28T14:35:24","guid":{"rendered":"https:\/\/candeebaar.ee\/?post_type=product&#038;p=10052"},"modified":"2025-01-29T09:20:56","modified_gmt":"2025-01-29T07:20:56","slug":"milestiba-mamma-sokolades","status":"publish","type":"product","link":"https:\/\/candeebaar.ee\/lv\/veikals\/milestiba-mamma-sokolades\/","title":{"rendered":"Chocotopper \u201cLove MOM\u201d 50*50mm"},"content":{"rendered":"<p>\u0112damais chocotopper ir lieto\u0161anai gatavs dekors. Varat to vienk\u0101r\u0161i izmantot t\u0101du, k\u0101ds tas ir, vai uzlabot t\u0101, k\u0101 v\u0113laties.<br \/>\nTopper ir druk\u0101ts uz 3D \u0161okoprintera, padarot fontu kaligr\u0101fisku un prec\u012bzu.<br \/>\nVarat to kr\u0101sot ar mirdzo\u0161iem vai samta aerosoliem vai kr\u0101sainu balto \u0161okol\u0101di, lai nosauktu da\u017eus variantus.<\/p>\n<p>Neto svars: 4g<br \/>\nIzm\u0113rs: 50*50*3mm<\/p>\n<p>Sast\u0101vs: cukurs, cietin\u0101ti augu tauki (kokosrieksts, palmu kodols), kakao pulveris, vani\u013cas ekstrakts, emulgators (<strong>sojas<\/strong> lecit\u012bns).<br \/>\nVar satur\u0113t p\u0113das <strong>piens un rieksti.<\/strong><\/p>\n<p>Sast\u0101vs uz 100 g:<br \/>\nEner\u0123ija: 2452kJ\/591kcal<br \/>\nTauki (pies\u0101tin\u0101tie): 44,2\u00a0g (39,5\u00a0g)<br \/>\nOg\u013chidr\u0101ti (cukuri): 36,7g<br \/>\nOlbaltumvielas: 4,7g<br \/>\nS\u0101ls: 0,2 g<br \/>\nUzglab\u0101t v\u0113s\u0101, saus\u0101 un tum\u0161\u0101 viet\u0101.<br \/>\nProdukts k\u016bst aptuveni 30\u00b0C temperat\u016br\u0101.<\/p>\n<p><strong>Pirms atv\u0113r\u0161anas un p\u0101rvieto\u0161anas topperu ieteicams atdzes\u0113t ledusskap\u012b 5-10 min\u016btes, lai tas k\u013c\u016btu iztur\u012bg\u0101ks un ciet\u0101ks. Daudzsl\u0101\u0146u matricas izveides procesa d\u0113\u013c Topper var b\u016bt nelieli skr\u0101p\u0113jumi.<\/strong><br \/>\n<strong>M\u0113s iesai\u0146ojam tonerus ar papildu aizsardz\u012bbu, t\u0101p\u0113c tiem j\u0101b\u016bt neboj\u0101tiem 99%. Jebkur\u0101 gad\u012bjum\u0101, lai ieg\u0101d\u0101tos topper, ir nepiecie\u0161ama zin\u0101ma pieredze ar \u0161okol\u0101di, lai var\u0113tu veikt remontu un pareizi r\u012bkoties. L\u016bdzu, inform\u0113jiet m\u016bs, ja virsma ir boj\u0101ta, lai m\u0113s zin\u0101tu, vai mums ir j\u0101uzlabo iepakojums.<\/strong><\/p>","protected":false},"excerpt":{"rendered":"<p>\u0112damais chocotopper ir lieto\u0161anai gatavs dekors. Varat to vienk\u0101r\u0161i izmantot t\u0101du, k\u0101ds tas ir, vai uzlabot t\u0101, k\u0101 v\u0113laties. Topper ir druk\u0101ts uz 3D \u0161okoprintera, padarot fontu kaligr\u0101fisku un prec\u012bzu. Varat to kr\u0101sot ar mirdzo\u0161iem vai samta aerosoliem vai kr\u0101sainu balto \u0161okol\u0101di, lai nosauktu tikai da\u017eus [\u2026]<\/p>","protected":false},"featured_media":10053,"template":"","meta":{"_seopress_robots_primary_cat":"none","_seopress_titles_title":"","_seopress_titles_desc":"Edible chocotopper. 3D printed chocolate topper! Ready or custom made!","_seopress_robots_index":""},"product_brand":[],"product_cat":[174],"product_tag":[],"class_list":{"0":"post-10052","1":"product","2":"type-product","3":"status-publish","4":"has-post-thumbnail","6":"product_cat-chocotoppers","8":"first","9":"instock","10":"taxable","11":"shipping-taxable","12":"purchasable","13":"product-type-simple"},"_links":{"self":[{"href":"https:\/\/candeebaar.ee\/lv\/wp-json\/wp\/v2\/product\/10052","targetHints":{"allow":["GET"]}}],"collection":[{"href":"https:\/\/candeebaar.ee\/lv\/wp-json\/wp\/v2\/product"}],"about":[{"href":"https:\/\/candeebaar.ee\/lv\/wp-json\/wp\/v2\/types\/product"}],"version-history":[{"count":2,"href":"https:\/\/candeebaar.ee\/lv\/wp-json\/wp\/v2\/product\/10052\/revisions"}],"predecessor-version":[{"id":10067,"href":"https:\/\/candeebaar.ee\/lv\/wp-json\/wp\/v2\/product\/10052\/revisions\/10067"}],"wp:featuredmedia":[{"embeddable":true,"href":"https:\/\/candeebaar.ee\/lv\/wp-json\/wp\/v2\/media\/10053"}],"wp:attachment":[{"href":"https:\/\/candeebaar.ee\/lv\/wp-json\/wp\/v2\/media?parent=10052"}],"wp:term":[{"taxonomy":"product_brand","embeddable":true,"href":"https:\/\/candeebaar.ee\/lv\/wp-json\/wp\/v2\/product_brand?post=10052"},{"taxonomy":"product_cat","embeddable":true,"href":"https:\/\/candeebaar.ee\/lv\/wp-json\/wp\/v2\/product_cat?post=10052"},{"taxonomy":"product_tag","embeddable":true,"href":"https:\/\/candeebaar.ee\/lv\/wp-json\/wp\/v2\/product_tag?post=10052"}],"curies":[{"name":"wp","href":"https:\/\/api.w.org\/{rel}","templated":true}]}}