{"id":10071,"date":"2025-01-29T09:27:34","date_gmt":"2025-01-29T07:27:34","guid":{"rendered":"https:\/\/candeebaar.ee\/?post_type=product&#038;p=10071"},"modified":"2025-11-07T10:04:59","modified_gmt":"2025-11-07T08:04:59","slug":"pielagotu-chocotopper-savu-tekstu","status":"publish","type":"product","link":"https:\/\/candeebaar.ee\/lv\/veikals\/pielagotu-chocotopper-savu-tekstu\/","title":{"rendered":"Piel\u0101gots Chocotopper \u201cTavs v\u0101rds\u201d"},"content":{"rendered":"<p>\u0112damais chocotopper ir lieto\u0161anai gatavs dekors. Varat to vienk\u0101r\u0161i izmantot t\u0101du, k\u0101ds tas ir, vai uzlabot t\u0101, k\u0101 v\u0113laties.<br \/>\nTopper ir druk\u0101ts uz 3D \u0161okoprintera, padarot fontu kaligr\u0101fisku un prec\u012bzu.<br \/>\nVarat to kr\u0101sot vai piepild\u012bt ar \u0161okol\u0101di, lai nosauktu da\u017eus variantus.<\/p>\n<p>Piel\u0101go\u0161ana:<\/p>\n<p>J\u016bs varat izv\u0113l\u0113ties izveidojamo tekstu.<br \/>\nNoklus\u0113juma fonts ir TERRA, par\u0101d\u012bts produkta att\u0113l\u0101.<br \/>\nKirilicas fonts pagaid\u0101m ir tikai Source Sans Pro (atsevi\u0161\u0137i taisni burti).<\/p>\n<p>Maksim\u0101lais platums un garums ir 90 mm. Standarta burtu augstums ir 3mm (var regul\u0113t p\u0113c piepras\u012bjuma).<\/p>\n<p>Burti iek\u0161pus\u0113 ir dobi, t\u0101p\u0113c to var viegli piepild\u012bt ar visu, kas jums pat\u012bk (\u0161okol\u0101de, kr\u0113jums, ganache vai k\u0101ds cits pild\u012bjums), kas pie\u0161\u0137irs gal\u012bgajam izskatam vair\u0101k individualit\u0101tes!<\/p>\n<p>Ja vien\u0101 v\u0101rd\u0101 ir 9 vai vair\u0101k burti, lab\u0101kai iz\u0161\u0137irtsp\u0113jai lab\u0101k to sadal\u012bt div\u0101s da\u013c\u0101s. Piem\u0113ram, &quot;Aleksandrs&quot; izskat\u012bsies lab\u0101k k\u0101 &quot;Aleks andr&quot;. V\u0113l\u0101k to var sal\u012bm\u0113t kop\u0101.<\/p>\n<p>L\u016bdzu, past\u0101stiet mums, ja jums ir nepiecie\u0161ams konkr\u0113ts izm\u0113rs, m\u0113s to viegli piel\u0101gosim j\u016bsu vajadz\u012bb\u0101m!<\/p>\n<p>Vairum\u0101 gad\u012bjumu produkcijas cena b\u016bs t\u0101da pati. Bet, ja j\u016bsu piepras\u012bjums ir sare\u017e\u0123\u012bts, tas var b\u016bt nedaudz liel\u0101ks.<\/p>\n<p>L\u016bdzu, nos\u016btiet mums visas savas preferences uz: shop@candeebaar.ee<\/p>\n<p>Neto svars: p\u0113c pas\u016bt\u012bjuma<br \/>\nIzm\u0113rs: piel\u0101gots (maksimums 90 * 90 * 40 mm)<\/p>\n<p>Sast\u0101vs: cukurs, cietin\u0101ti augu tauki (kokosrieksts, palmu kodols), kakao pulveris, vani\u013cas ekstrakts, emulgators (<strong>sojas<\/strong> lecit\u012bns).<br \/>\nVar satur\u0113t p\u0113das <strong>piens un rieksti.<\/strong><\/p>\n<p>Sast\u0101vs uz 100 g:<br \/>\nEner\u0123ija: 2452kJ\/591kcal<br \/>\nTauki (pies\u0101tin\u0101tie): 44,2\u00a0g (39,5\u00a0g)<br \/>\nOg\u013chidr\u0101ti (cukuri): 36,7g<br \/>\nOlbaltumvielas: 4,7g<br \/>\nS\u0101ls: 0,2 g<br \/>\nUzglab\u0101t v\u0113s\u0101, saus\u0101 un tum\u0161\u0101 viet\u0101.<br \/>\nProdukts k\u016bst aptuveni 30\u00b0C temperat\u016br\u0101.<\/p>\n<p><strong>Pirms atv\u0113r\u0161anas un p\u0101rvieto\u0161anas topperu ieteicams atdzes\u0113t ledusskap\u012b 5-10 min\u016btes, lai tas k\u013c\u016btu iztur\u012bg\u0101ks un ciet\u0101ks. Daudzsl\u0101\u0146u matricas izveides procesa d\u0113\u013c Topper var b\u016bt nelieli skr\u0101p\u0113jumi.<\/strong><br \/>\n<strong>M\u0113s iesai\u0146ojam tonerus ar papildu aizsardz\u012bbu, t\u0101p\u0113c tiem j\u0101b\u016bt neboj\u0101tiem 99%. Jebkur\u0101 gad\u012bjum\u0101, lai ieg\u0101d\u0101tos topper, ir nepiecie\u0161ama zin\u0101ma pieredze ar \u0161okol\u0101di, lai var\u0113tu veikt remontu un pareizi r\u012bkoties. L\u016bdzu, inform\u0113jiet m\u016bs, ja virsma ir boj\u0101ta, lai m\u0113s zin\u0101tu, vai mums ir j\u0101uzlabo iepakojums.<\/strong><\/p>","protected":false},"excerpt":{"rendered":"<p>\u0112damais chocotopper ir lieto\u0161anai gatavs dekors. Varat to vienk\u0101r\u0161i izmantot t\u0101du, k\u0101ds tas ir, vai uzlabot t\u0101, k\u0101 v\u0113laties. Topper ir druk\u0101ts uz 3D \u0161okoprintera, padarot fontu kaligr\u0101fisku un prec\u012bzu. Varat to kr\u0101sot vai piepild\u012bt ar \u0161okol\u0101di, lai nosauktu da\u017eus variantus. Piel\u0101go\u0161ana: varat izv\u0113l\u0113ties [\u2026]<\/p>","protected":false},"featured_media":10186,"template":"","meta":{"_seopress_robots_primary_cat":"none","_seopress_titles_title":"www.%%sitetitle%% 3D chocoprinting exlusive service!","_seopress_titles_desc":"Here you can create edible topper made with 3D printing technology. It can be wedding toppers, your name, number or other object! Prices from 2.99 euros per topper! Fast and safe shipping!","_seopress_robots_index":""},"product_brand":[],"product_cat":[180,174,105,106],"product_tag":[],"class_list":{"0":"post-10071","1":"product","2":"type-product","3":"status-publish","4":"has-post-thumbnail","6":"product_cat-wedding-products","7":"product_cat-chocotoppers","8":"product_cat-edible-print","9":"product_cat-new","11":"first","12":"instock","13":"taxable","14":"shipping-taxable","15":"purchasable","16":"product-type-simple"},"_links":{"self":[{"href":"https:\/\/candeebaar.ee\/lv\/wp-json\/wp\/v2\/product\/10071","targetHints":{"allow":["GET"]}}],"collection":[{"href":"https:\/\/candeebaar.ee\/lv\/wp-json\/wp\/v2\/product"}],"about":[{"href":"https:\/\/candeebaar.ee\/lv\/wp-json\/wp\/v2\/types\/product"}],"version-history":[{"count":4,"href":"https:\/\/candeebaar.ee\/lv\/wp-json\/wp\/v2\/product\/10071\/revisions"}],"predecessor-version":[{"id":10189,"href":"https:\/\/candeebaar.ee\/lv\/wp-json\/wp\/v2\/product\/10071\/revisions\/10189"}],"wp:featuredmedia":[{"embeddable":true,"href":"https:\/\/candeebaar.ee\/lv\/wp-json\/wp\/v2\/media\/10186"}],"wp:attachment":[{"href":"https:\/\/candeebaar.ee\/lv\/wp-json\/wp\/v2\/media?parent=10071"}],"wp:term":[{"taxonomy":"product_brand","embeddable":true,"href":"https:\/\/candeebaar.ee\/lv\/wp-json\/wp\/v2\/product_brand?post=10071"},{"taxonomy":"product_cat","embeddable":true,"href":"https:\/\/candeebaar.ee\/lv\/wp-json\/wp\/v2\/product_cat?post=10071"},{"taxonomy":"product_tag","embeddable":true,"href":"https:\/\/candeebaar.ee\/lv\/wp-json\/wp\/v2\/product_tag?post=10071"}],"curies":[{"name":"wp","href":"https:\/\/api.w.org\/{rel}","templated":true}]}}