{"id":10086,"date":"2025-01-29T13:53:50","date_gmt":"2025-01-29T11:53:50","guid":{"rendered":"https:\/\/candeebaar.ee\/?post_type=product&#038;p=10086"},"modified":"2026-04-08T10:22:33","modified_gmt":"2026-04-08T08:22:33","slug":"burgeru-kastite-bento-kukai-88cm-balta","status":"publish","type":"product","link":"https:\/\/candeebaar.ee\/lv\/veikals\/burgeru-kastite-bento-kukai-88cm-balta\/","title":{"rendered":"Burgeru kast\u012bte 8*8cm Balta"},"content":{"rendered":"<p>Burgera kaste bento k\u016bkai. Lamin\u0113ts kartons iek\u0161pus\u0113 ir mitruma un tauku necaurlaid\u012bgs<br \/>\nPamatne \u2013 kartons, v\u0101ks \u2013 caursp\u012bd\u012bga plastmasa.<br \/>\nPamatne: 85*85mm, kop\u0113jais augstums: 8cm<br \/>\nDeserta diametrs: ~6-7cm<\/p>","protected":false},"excerpt":{"rendered":"<p>Burgera kaste bento k\u016bkai. Lamin\u0113ts kartons iek\u0161pus\u0113 ir mitruma un tauku necaurlaid\u012bgs. Pamatne \u2013 kartons, v\u0101ks \u2013 caursp\u012bd\u012bga plastmasa. Pamatne: 85*85mm, kop\u0113jais augstums: 8cm Deserta diametrs: ~6-7cm<\/p>","protected":false},"featured_media":10084,"template":"","meta":{"_seopress_robots_primary_cat":"none","_seopress_titles_title":"","_seopress_titles_desc":"","_seopress_robots_index":""},"product_brand":[],"product_cat":[15,129,154,106],"product_tag":[],"class_list":{"0":"post-10086","1":"product","2":"type-product","3":"status-publish","4":"has-post-thumbnail","6":"product_cat-all-products","7":"product_cat-small-and-bento-size","8":"product_cat-different-style","9":"product_cat-new","11":"first","12":"instock","13":"taxable","14":"shipping-taxable","15":"purchasable","16":"product-type-simple"},"_links":{"self":[{"href":"https:\/\/candeebaar.ee\/lv\/wp-json\/wp\/v2\/product\/10086","targetHints":{"allow":["GET"]}}],"collection":[{"href":"https:\/\/candeebaar.ee\/lv\/wp-json\/wp\/v2\/product"}],"about":[{"href":"https:\/\/candeebaar.ee\/lv\/wp-json\/wp\/v2\/types\/product"}],"version-history":[{"count":2,"href":"https:\/\/candeebaar.ee\/lv\/wp-json\/wp\/v2\/product\/10086\/revisions"}],"predecessor-version":[{"id":10088,"href":"https:\/\/candeebaar.ee\/lv\/wp-json\/wp\/v2\/product\/10086\/revisions\/10088"}],"wp:featuredmedia":[{"embeddable":true,"href":"https:\/\/candeebaar.ee\/lv\/wp-json\/wp\/v2\/media\/10084"}],"wp:attachment":[{"href":"https:\/\/candeebaar.ee\/lv\/wp-json\/wp\/v2\/media?parent=10086"}],"wp:term":[{"taxonomy":"product_brand","embeddable":true,"href":"https:\/\/candeebaar.ee\/lv\/wp-json\/wp\/v2\/product_brand?post=10086"},{"taxonomy":"product_cat","embeddable":true,"href":"https:\/\/candeebaar.ee\/lv\/wp-json\/wp\/v2\/product_cat?post=10086"},{"taxonomy":"product_tag","embeddable":true,"href":"https:\/\/candeebaar.ee\/lv\/wp-json\/wp\/v2\/product_tag?post=10086"}],"curies":[{"name":"wp","href":"https:\/\/api.w.org\/{rel}","templated":true}]}}