{"id":10099,"date":"2025-01-29T14:22:45","date_gmt":"2025-01-29T12:22:45","guid":{"rendered":"https:\/\/candeebaar.ee\/?post_type=product&#038;p=10099"},"modified":"2026-04-07T02:13:49","modified_gmt":"2026-04-07T00:13:49","slug":"tortes-delis-20-30-balts-sudrabs","status":"publish","type":"product","link":"https:\/\/candeebaar.ee\/lv\/veikals\/tortes-delis-20-30-balts-sudrabs\/","title":{"rendered":"Cake Board 20*30cm*3mm taisnst\u016brveida Balts\/Sudrabs"},"content":{"rendered":"<p>Taisnst\u016bra pamatne no bl\u012bva pastiprin\u0101ta kartona, mitrumiztur\u012bga un taukiztur\u012bga.<br \/>\nKr\u0101sa: balta\/sudraba<br \/>\nIzm\u0113rs: 200*300mm<br \/>\nBiezums: 3mm<\/p>","protected":false},"excerpt":{"rendered":"<p>Taisnst\u016bra pamatne no bl\u012bva pastiprin\u0101ta kartona, mitrumiztur\u012bga un taukiztur\u012bga. Kr\u0101sa: balta\/sudraba Izm\u0113rs: 200*300mm Biezums: 3mm<\/p>","protected":false},"featured_media":10097,"template":"","meta":{"_seopress_robots_primary_cat":"none","_seopress_titles_title":"","_seopress_titles_desc":"","_seopress_robots_index":""},"product_brand":[],"product_cat":[15,141,147,149,106],"product_tag":[],"class_list":{"0":"post-10099","1":"product","2":"type-product","3":"status-publish","4":"has-post-thumbnail","6":"product_cat-all-products","7":"product_cat-20cm","8":"product_cat-30cm","9":"product_cat-square-and-rectangular","10":"product_cat-new","12":"first","13":"instock","14":"taxable","15":"shipping-taxable","16":"purchasable","17":"product-type-simple"},"_links":{"self":[{"href":"https:\/\/candeebaar.ee\/lv\/wp-json\/wp\/v2\/product\/10099","targetHints":{"allow":["GET"]}}],"collection":[{"href":"https:\/\/candeebaar.ee\/lv\/wp-json\/wp\/v2\/product"}],"about":[{"href":"https:\/\/candeebaar.ee\/lv\/wp-json\/wp\/v2\/types\/product"}],"version-history":[{"count":2,"href":"https:\/\/candeebaar.ee\/lv\/wp-json\/wp\/v2\/product\/10099\/revisions"}],"predecessor-version":[{"id":10385,"href":"https:\/\/candeebaar.ee\/lv\/wp-json\/wp\/v2\/product\/10099\/revisions\/10385"}],"wp:featuredmedia":[{"embeddable":true,"href":"https:\/\/candeebaar.ee\/lv\/wp-json\/wp\/v2\/media\/10097"}],"wp:attachment":[{"href":"https:\/\/candeebaar.ee\/lv\/wp-json\/wp\/v2\/media?parent=10099"}],"wp:term":[{"taxonomy":"product_brand","embeddable":true,"href":"https:\/\/candeebaar.ee\/lv\/wp-json\/wp\/v2\/product_brand?post=10099"},{"taxonomy":"product_cat","embeddable":true,"href":"https:\/\/candeebaar.ee\/lv\/wp-json\/wp\/v2\/product_cat?post=10099"},{"taxonomy":"product_tag","embeddable":true,"href":"https:\/\/candeebaar.ee\/lv\/wp-json\/wp\/v2\/product_tag?post=10099"}],"curies":[{"name":"wp","href":"https:\/\/api.w.org\/{rel}","templated":true}]}}