{"id":10101,"date":"2025-12-01T14:32:51","date_gmt":"2025-12-01T12:32:51","guid":{"rendered":"https:\/\/candeebaar.ee\/?post_type=product&#038;p=10101"},"modified":"2026-03-04T10:52:00","modified_gmt":"2026-03-04T08:52:00","slug":"smidzinajumi-vienradza-sapni-45g","status":"publish","type":"product","link":"https:\/\/candeebaar.ee\/lv\/veikals\/smidzinajumi-vienradza-sapni-45g\/","title":{"rendered":"Smidzin\u0101t\u0101ji \u201cUnicorn Dreams\u201d 45g"},"content":{"rendered":"<p>Smidzin\u0101t\u0101ji desertu dekor\u0113\u0161anai.<br \/>\nMasa: 45g<br \/>\nSast\u0101vs: cukurs, <strong>kvie\u0161u milti<\/strong>, s\u012brups, emulgators E476, konditorejas glaz\u016bra, kr\u0101svielas E102, E110, E122, E124, E170, E133.<br \/>\nUzturv\u0113rt\u012bba uz 100 g:<br \/>\nEner\u0123\u0113tisk\u0101 v\u0113rt\u012bba: 1465kJ\/350kcal<br \/>\nTauki (pies\u0101tin\u0101tie): 2g<br \/>\nOg\u013chidr\u0101ti: 83g<br \/>\nOlbaltumvielas: 0g<br \/>\nUzglab\u0101t sl\u0113gt\u0101 iepakojum\u0101, tum\u0161\u0101 v\u0113s\u0101 viet\u0101.<\/p>\n<p>Nav piem\u0113rots b\u0113rniem l\u012bdz 3 gadu vecumam.<br \/>\nRa\u017eot\u0101js: Ukraina<\/p>","protected":false},"excerpt":{"rendered":"<p>Smidzin\u0101t\u0101ji desertu dekor\u0113\u0161anai. Masa: 45g Sast\u0101vs: cukurs, kvie\u0161u milti, s\u012brups, emulgators E476, konditorejas glaz\u016bra, kr\u0101svielas E102, E110, E122, E124, E170, E133. Uzturv\u0113rt\u012bba uz 100g: Ener\u0123\u0113tisk\u0101 v\u0113rt\u012bba: 1465kJ\/350kcal Tauki (pies\u0101tin\u0101tie): 2g Og\u013chidr\u0101ti: 83g Olbaltumvielas: 0g Uzglab\u0101t sl\u0113gt\u0101 iepakojum\u0101, tum\u0161\u0101, v\u0113s\u0101 viet\u0101. Nav piem\u0113rots b\u0113rniem l\u012bdz 3 gadu vecumam. Ra\u017eot\u0101js: [\u2026]<\/p>","protected":false},"featured_media":10102,"template":"","meta":{"_seopress_robots_primary_cat":"none","_seopress_titles_title":"","_seopress_titles_desc":"","_seopress_robots_index":""},"product_brand":[],"product_cat":[15,104,109],"product_tag":[175],"class_list":{"0":"post-10101","1":"product","2":"type-product","3":"status-publish","4":"has-post-thumbnail","6":"product_cat-all-products","7":"product_cat-sprinkles","8":"product_cat-sale","9":"product_tag-easter","11":"first","12":"outofstock","13":"sale","14":"taxable","15":"shipping-taxable","16":"purchasable","17":"product-type-simple"},"_links":{"self":[{"href":"https:\/\/candeebaar.ee\/lv\/wp-json\/wp\/v2\/product\/10101","targetHints":{"allow":["GET"]}}],"collection":[{"href":"https:\/\/candeebaar.ee\/lv\/wp-json\/wp\/v2\/product"}],"about":[{"href":"https:\/\/candeebaar.ee\/lv\/wp-json\/wp\/v2\/types\/product"}],"version-history":[{"count":3,"href":"https:\/\/candeebaar.ee\/lv\/wp-json\/wp\/v2\/product\/10101\/revisions"}],"predecessor-version":[{"id":15406,"href":"https:\/\/candeebaar.ee\/lv\/wp-json\/wp\/v2\/product\/10101\/revisions\/15406"}],"wp:featuredmedia":[{"embeddable":true,"href":"https:\/\/candeebaar.ee\/lv\/wp-json\/wp\/v2\/media\/10102"}],"wp:attachment":[{"href":"https:\/\/candeebaar.ee\/lv\/wp-json\/wp\/v2\/media?parent=10101"}],"wp:term":[{"taxonomy":"product_brand","embeddable":true,"href":"https:\/\/candeebaar.ee\/lv\/wp-json\/wp\/v2\/product_brand?post=10101"},{"taxonomy":"product_cat","embeddable":true,"href":"https:\/\/candeebaar.ee\/lv\/wp-json\/wp\/v2\/product_cat?post=10101"},{"taxonomy":"product_tag","embeddable":true,"href":"https:\/\/candeebaar.ee\/lv\/wp-json\/wp\/v2\/product_tag?post=10101"}],"curies":[{"name":"wp","href":"https:\/\/api.w.org\/{rel}","templated":true}]}}