{"id":10129,"date":"2025-01-31T12:09:19","date_gmt":"2025-01-31T10:09:19","guid":{"rendered":"https:\/\/candeebaar.ee\/?post_type=product&#038;p=10129"},"modified":"2026-02-18T18:10:10","modified_gmt":"2026-02-18T16:10:10","slug":"baltas-sokolades-dekoresanas-komplekts-25g","status":"publish","type":"product","link":"https:\/\/candeebaar.ee\/lv\/veikals\/baltas-sokolades-dekoresanas-komplekts-25g\/","title":{"rendered":"Balt\u0101s \u0161okol\u0101des dekoru komplekts 25g"},"content":{"rendered":"<p>Viegli lietojams dekor\u0101cijas komplekts ietver:<br \/>\n25 g t\u012bras \u0161okol\u0101des;<br \/>\n2x cauru\u013cvadu maisi.<\/p>\n<p>Nor\u0101d\u012bjumi:<br \/>\n1) Pievelciet maisu un ievietojiet to silt\u0101 \u016bden\u012b (apm\u0113ram 45\u00b0C), lai \u0161okol\u0101de piln\u012bb\u0101 izkus\u012bs.<br \/>\n2) Noslaukiet atliku\u0161o \u016bdeni.<br \/>\n3) Izgrieziet somas st\u016bri, lai t\u0101 gal\u0101 ieg\u016btu taisnu, apa\u013cu caurumu, kas nepiecie\u0161ams vajadz\u012bg\u0101 izm\u0113ra.<br \/>\n4) P\u0101rbaudiet to, lai ieg\u016btu pareizu rakst\u012b\u0161anas rezult\u0101tu.<br \/>\n5) Tikai p\u0113c tam uzkl\u0101t uz gatav\u0101 produkta un \u013caut atdzist.<br \/>\n6) P\u0113c pabeig\u0161anas izmantojiet otro cauru\u013cvadu maisu (iek\u013cauts), lai p\u0101rpalikumus ielej turpm\u0101kai lieto\u0161anai.<br \/>\nJa nepiecie\u0161ama maig\u0101ka un sp\u012bd\u012bg\u0101ka konsistence \u2013 m\u0113\u0123iniet pagatavot ganache (recepte ir viegli atrodama tie\u0161saist\u0113) un uzkl\u0101jiet l\u012bdz\u012bg\u0101 veid\u0101.<\/p>\n<p>Balt\u0101 \u0161okol\u0101de ar augstu kakao sviesta saturu, ar maigu kr\u0113m\u012bgu gar\u0161u.<br \/>\nPl\u016bstsp\u0113ja: 4\/5<br \/>\nMasa: 25g<br \/>\nSast\u0101vs uz 100 g:<br \/>\nEner\u0123ija: 565kcal\/2359kJ<br \/>\nTauki (pies\u0101tin\u0101tie): 35(22,4)g<br \/>\nOg\u013chidr\u0101ti (cukurs): 56g<br \/>\nOlbaltumvielas: 6,5g<br \/>\nKakao saturs: 32%<br \/>\nSast\u0101vs: kakao sviests, cukurs, v\u0101jpiens <strong>pienu<\/strong>, E322 (lecit\u012bns <strong>sojas<\/strong>), vanil\u012bns.<\/p>\n<p>Ra\u017eot\u0101js: Ibercacao, Sp\u0101nija<br \/>\nUzglab\u0101\u0161anas temperat\u016bra: <strong>18 <\/strong>\u00b0<strong>C<br \/>\n<\/strong>Var satur\u0113t p\u0113das <strong>piens, laktoze, soja un rieksti.<\/strong><\/p>","protected":false},"excerpt":{"rendered":"<p>\u0112rti lietojam\u0101 dekor\u0113\u0161anas komplekt\u0101 ietilpst: 25g t\u012bras \u0161okol\u0101des; 2x cauru\u013cvadu maisi. Nor\u0101d\u012bjumi: 1) Pievelciet cauru\u013cu maisi\u0146u un ievietojiet to silt\u0101 \u016bden\u012b (apm\u0113ram 45\u00b0C), lai \u0161okol\u0101de piln\u012bb\u0101 izkaus\u0113tu. 2) Noslaukiet atliku\u0161o \u016bdeni. 3) Nogrieziet somas st\u016bri, lai ieg\u016btu vajadz\u012bg\u0101 izm\u0113ra taisnu, apa\u013cu caurumu uz [\u2026]<\/p>","protected":false},"featured_media":10135,"template":"","meta":{"_seopress_robots_primary_cat":"none","_seopress_titles_title":"","_seopress_titles_desc":"","_seopress_robots_index":""},"product_brand":[],"product_cat":[15,111,174,106],"product_tag":[],"class_list":{"0":"post-10129","1":"product","2":"type-product","3":"status-publish","4":"has-post-thumbnail","6":"product_cat-all-products","7":"product_cat-cacao-mill","8":"product_cat-chocotoppers","9":"product_cat-new","11":"first","12":"instock","13":"taxable","14":"shipping-taxable","15":"purchasable","16":"product-type-simple"},"_links":{"self":[{"href":"https:\/\/candeebaar.ee\/lv\/wp-json\/wp\/v2\/product\/10129","targetHints":{"allow":["GET"]}}],"collection":[{"href":"https:\/\/candeebaar.ee\/lv\/wp-json\/wp\/v2\/product"}],"about":[{"href":"https:\/\/candeebaar.ee\/lv\/wp-json\/wp\/v2\/types\/product"}],"version-history":[{"count":3,"href":"https:\/\/candeebaar.ee\/lv\/wp-json\/wp\/v2\/product\/10129\/revisions"}],"predecessor-version":[{"id":10184,"href":"https:\/\/candeebaar.ee\/lv\/wp-json\/wp\/v2\/product\/10129\/revisions\/10184"}],"wp:featuredmedia":[{"embeddable":true,"href":"https:\/\/candeebaar.ee\/lv\/wp-json\/wp\/v2\/media\/10135"}],"wp:attachment":[{"href":"https:\/\/candeebaar.ee\/lv\/wp-json\/wp\/v2\/media?parent=10129"}],"wp:term":[{"taxonomy":"product_brand","embeddable":true,"href":"https:\/\/candeebaar.ee\/lv\/wp-json\/wp\/v2\/product_brand?post=10129"},{"taxonomy":"product_cat","embeddable":true,"href":"https:\/\/candeebaar.ee\/lv\/wp-json\/wp\/v2\/product_cat?post=10129"},{"taxonomy":"product_tag","embeddable":true,"href":"https:\/\/candeebaar.ee\/lv\/wp-json\/wp\/v2\/product_tag?post=10129"}],"curies":[{"name":"wp","href":"https:\/\/api.w.org\/{rel}","templated":true}]}}