{"id":10139,"date":"2025-01-31T12:11:46","date_gmt":"2025-01-31T10:11:46","guid":{"rendered":"https:\/\/candeebaar.ee\/?post_type=product&#038;p=10139"},"modified":"2025-04-15T06:24:34","modified_gmt":"2025-04-15T04:24:34","slug":"choco25-tumss","status":"publish","type":"product","link":"https:\/\/candeebaar.ee\/lv\/veikals\/choco25-tumss\/","title":{"rendered":"Tum\u0161\u0101s \u0161okol\u0101des dekoru komplekts 25g"},"content":{"rendered":"<p>Viegli lietojams dekor\u0101cijas komplekts ietver:<br \/>\n25 g t\u012bras \u0161okol\u0101des;<br \/>\n2x cauru\u013cvadu maisi.<\/p>\n<p>Nor\u0101d\u012bjumi:<br \/>\n1) Pievelciet maisu un ievietojiet to silt\u0101 \u016bden\u012b (apm\u0113ram 45\u00b0C), lai \u0161okol\u0101de piln\u012bb\u0101 izkus\u012bs.<br \/>\n2) Noslaukiet atliku\u0161o \u016bdeni.<br \/>\n3) Izgrieziet somas st\u016bri, lai t\u0101 gal\u0101 ieg\u016btu taisnu, apa\u013cu caurumu, kas nepiecie\u0161ams vajadz\u012bg\u0101 izm\u0113ra.<br \/>\n4) P\u0101rbaudiet to, lai ieg\u016btu pareizu rakst\u012b\u0161anas rezult\u0101tu.<br \/>\n5) Tikai p\u0113c tam uzkl\u0101t uz gatav\u0101 produkta un \u013caut atdzist.<br \/>\n6) P\u0113c pabeig\u0161anas izmantojiet otro cauru\u013cvadu maisu (iek\u013cauts), lai p\u0101rpalikumus ielej turpm\u0101kai lieto\u0161anai.<br \/>\nJa nepiecie\u0161ama maig\u0101ka un sp\u012bd\u012bg\u0101ka konsistence \u2013 m\u0113\u0123iniet pagatavot ganache (recepte ir viegli atrodama tie\u0161saist\u0113) un uzkl\u0101jiet l\u012bdz\u012bg\u0101 veid\u0101.<\/p>\n<p>Tum\u0161a vid\u0113ji salda \u0161okol\u0101de.<br \/>\nPl\u016bstsp\u0113ja: 4\/5<br \/>\nMasa: 25g<br \/>\nSast\u0101vs uz 100 g:<br \/>\nEner\u0123ija: 605,3 kcal\/2509,8 kJ<br \/>\nTauki: 46,9 g<br \/>\nOg\u013chidr\u0101ti: 34,2 g (cukurs 30,4)<br \/>\nOlbaltumvielas: 7,5g<br \/>\nKakao saturs: 70%<br \/>\nSast\u0101vs: kakao masa, kakao sviests, cukurs, vanil\u012bns.<\/p>\n<p>Ra\u017eot\u0101js: Natra Cacao, Sp\u0101nija<br \/>\nUzglab\u0101\u0161anas temperat\u016bra: <strong>18 <\/strong>\u00b0<strong>C<br \/>\n<\/strong>Var satur\u0113t p\u0113das <strong>piens, laktoze, soja un rieksti.<\/strong><\/p>","protected":false},"excerpt":{"rendered":"<p>\u0112rti lietojam\u0101 dekor\u0113\u0161anas komplekt\u0101 ietilpst: 25g t\u012bras \u0161okol\u0101des; 2x cauru\u013cvadu maisi. Nor\u0101d\u012bjumi: 1) Pievelciet cauru\u013cu maisi\u0146u un ievietojiet to silt\u0101 \u016bden\u012b (apm\u0113ram 45\u00b0C), lai \u0161okol\u0101de piln\u012bb\u0101 izkaus\u0113tu. 2) Noslaukiet atliku\u0161o \u016bdeni. 3) Nogrieziet somas st\u016bri, lai ieg\u016btu vajadz\u012bg\u0101 izm\u0113ra taisnu, apa\u013cu caurumu uz [\u2026]<\/p>","protected":false},"featured_media":10144,"template":"","meta":{"_seopress_robots_primary_cat":"none","_seopress_titles_title":"","_seopress_titles_desc":"","_seopress_robots_index":""},"product_brand":[],"product_cat":[15,111,174],"product_tag":[],"class_list":{"0":"post-10139","1":"product","2":"type-product","3":"status-publish","4":"has-post-thumbnail","6":"product_cat-all-products","7":"product_cat-cacao-mill","8":"product_cat-chocotoppers","10":"first","11":"instock","12":"taxable","13":"shipping-taxable","14":"purchasable","15":"product-type-simple"},"_links":{"self":[{"href":"https:\/\/candeebaar.ee\/lv\/wp-json\/wp\/v2\/product\/10139","targetHints":{"allow":["GET"]}}],"collection":[{"href":"https:\/\/candeebaar.ee\/lv\/wp-json\/wp\/v2\/product"}],"about":[{"href":"https:\/\/candeebaar.ee\/lv\/wp-json\/wp\/v2\/types\/product"}],"version-history":[{"count":2,"href":"https:\/\/candeebaar.ee\/lv\/wp-json\/wp\/v2\/product\/10139\/revisions"}],"predecessor-version":[{"id":10182,"href":"https:\/\/candeebaar.ee\/lv\/wp-json\/wp\/v2\/product\/10139\/revisions\/10182"}],"wp:featuredmedia":[{"embeddable":true,"href":"https:\/\/candeebaar.ee\/lv\/wp-json\/wp\/v2\/media\/10144"}],"wp:attachment":[{"href":"https:\/\/candeebaar.ee\/lv\/wp-json\/wp\/v2\/media?parent=10139"}],"wp:term":[{"taxonomy":"product_brand","embeddable":true,"href":"https:\/\/candeebaar.ee\/lv\/wp-json\/wp\/v2\/product_brand?post=10139"},{"taxonomy":"product_cat","embeddable":true,"href":"https:\/\/candeebaar.ee\/lv\/wp-json\/wp\/v2\/product_cat?post=10139"},{"taxonomy":"product_tag","embeddable":true,"href":"https:\/\/candeebaar.ee\/lv\/wp-json\/wp\/v2\/product_tag?post=10139"}],"curies":[{"name":"wp","href":"https:\/\/api.w.org\/{rel}","templated":true}]}}