{"id":10175,"date":"2025-01-31T17:15:30","date_gmt":"2025-01-31T15:15:30","guid":{"rendered":"https:\/\/candeebaar.ee\/?post_type=product&#038;p=10175"},"modified":"2026-03-24T16:50:58","modified_gmt":"2026-03-24T14:50:58","slug":"zemenu25-sokolade","status":"publish","type":"product","link":"https:\/\/candeebaar.ee\/lv\/veikals\/zemenu25-sokolade\/","title":{"rendered":"Zeme\u0146u (roz\u0101) \u0160okol\u0101des dekoru komplekts 25g"},"content":{"rendered":"<p>Viegli lietojams dekor\u0101cijas komplekts ietver:<br \/>\n25 g t\u012bras \u0161okol\u0101des;<br \/>\n2x cauru\u013cvadu maisi.<\/p>\n<p>Nor\u0101d\u012bjumi:<br \/>\n1) Pievelciet maisu un ievietojiet to silt\u0101 \u016bden\u012b (apm\u0113ram 45\u00b0C), lai \u0161okol\u0101de piln\u012bb\u0101 izkus\u012bs.<br \/>\n2) Noslaukiet atliku\u0161o \u016bdeni.<br \/>\n3) Izgrieziet somas st\u016bri, lai t\u0101 gal\u0101 ieg\u016btu taisnu, apa\u013cu caurumu, kas nepiecie\u0161ams vajadz\u012bg\u0101 izm\u0113ra.<br \/>\n4) P\u0101rbaudiet to, lai ieg\u016btu pareizu rakst\u012b\u0161anas rezult\u0101tu.<br \/>\n5) Tikai p\u0113c tam uzkl\u0101t uz gatav\u0101 produkta un \u013caut atdzist.<br \/>\n6) P\u0113c pabeig\u0161anas izmantojiet otro cauru\u013cvadu maisu (iek\u013cauts), lai p\u0101rpalikumus ielej turpm\u0101kai lieto\u0161anai.<br \/>\nJa nepiecie\u0161ama maig\u0101ka un sp\u012bd\u012bg\u0101ka konsistence \u2013 m\u0113\u0123iniet pagatavot ganache (recepte ir viegli atrodama tie\u0161saist\u0113) un uzkl\u0101jiet l\u012bdz\u012bg\u0101 veid\u0101.<\/p>\n<p>Roz\u0101 \u0161okol\u0101de ar zeme\u0146u gar\u0161u. Lieliski piem\u0113rots dekor\u0113\u0161anai, gana\u0161iem un konfekt\u0113m.<br \/>\nIzgatavota no balt\u0101s \u0161okol\u0101des, t\u0101 ir r\u016bd\u012bta t\u0101pat k\u0101 parast\u0101 balt\u0101 \u0161okol\u0101de.<br \/>\nKakao saturs 30%.<br \/>\nSast\u0101vda\u013cas: cukurs, kakao sviests (30%), vesels <strong>pienu<\/strong> pulveris, emulgators: <strong>sojas<\/strong> lecit\u012bns, aromatiz\u0113t\u0101js, kr\u0101sviela: E120, dab\u012bgs vani\u013cas aromatiz\u0113t\u0101js.<br \/>\n25g<\/p>\n<table style=\"height: 160px; width: 409px;\" width=\"409\">\n<tbody>\n<tr>\n<td style=\"width: 244px;\">Saturs per<\/td>\n<td style=\"width: 150.4px;\">100g<\/td>\n<\/tr>\n<tr>\n<td style=\"width: 244px;\">Uzturv\u0113rt\u012bba<\/td>\n<td style=\"width: 150.4px;\">567 kcal 2374 kJ<\/td>\n<\/tr>\n<tr>\n<td style=\"width: 244px;\">Tauki (no tiem pies\u0101tin\u0101tie)<\/td>\n<td style=\"width: 150.4px;\">36\u00a0g (22\u00a0g)<\/td>\n<\/tr>\n<tr>\n<td style=\"width: 244px;\">Og\u013chidr\u0101ti (cukurs)<\/td>\n<td style=\"width: 150.4px;\">55\u00a0g (55\u00a0g)<\/td>\n<\/tr>\n<tr>\n<td style=\"width: 244px;\">Olbaltumvielas<\/td>\n<td style=\"width: 150.4px;\">6,1\u00a0g<\/td>\n<\/tr>\n<tr>\n<td style=\"width: 244px;\">S\u0101ls<\/td>\n<td style=\"width: 150.4px;\">0,23 g<\/td>\n<\/tr>\n<\/tbody>\n<\/table>\n<p>Uzglab\u0101\u0161anas temperat\u016bra: <strong>12 \u2013 20 \u00b0C<br \/>\n<\/strong>Satur <strong>piens, soja,<\/strong> gar\u0161as piedevas, kr\u0101sviela E120<br \/>\nRa\u017eots: CALLEBAUT Be\u013c\u0123ija<\/p>\n<p>&nbsp;<\/p>","protected":false},"excerpt":{"rendered":"<p>\u0112rti lietojam\u0101 dekor\u0113\u0161anas komplekt\u0101 ietilpst: 25g t\u012bras \u0161okol\u0101des; 2x cauru\u013cvadu maisi. Nor\u0101d\u012bjumi: 1) Pievelciet cauru\u013cu maisi\u0146u un ievietojiet to silt\u0101 \u016bden\u012b (apm\u0113ram 45\u00b0C), lai \u0161okol\u0101de piln\u012bb\u0101 izkaus\u0113tu. 2) Noslaukiet atliku\u0161o \u016bdeni. 3) Nogrieziet somas st\u016bri, lai ieg\u016btu vajadz\u012bg\u0101 izm\u0113ra taisnu, apa\u013cu caurumu uz [\u2026]<\/p>","protected":false},"featured_media":10154,"template":"","meta":{"_seopress_robots_primary_cat":"none","_seopress_titles_title":"","_seopress_titles_desc":"","_seopress_robots_index":""},"product_brand":[],"product_cat":[183,15,110,174,106],"product_tag":[],"class_list":{"0":"post-10175","1":"product","2":"type-product","3":"status-publish","4":"has-post-thumbnail","6":"product_cat-valentines-day","7":"product_cat-all-products","8":"product_cat-callebaut","9":"product_cat-chocotoppers","10":"product_cat-new","11":"brand-callebaut","13":"first","14":"instock","15":"taxable","16":"shipping-taxable","17":"purchasable","18":"product-type-simple"},"_links":{"self":[{"href":"https:\/\/candeebaar.ee\/lv\/wp-json\/wp\/v2\/product\/10175","targetHints":{"allow":["GET"]}}],"collection":[{"href":"https:\/\/candeebaar.ee\/lv\/wp-json\/wp\/v2\/product"}],"about":[{"href":"https:\/\/candeebaar.ee\/lv\/wp-json\/wp\/v2\/types\/product"}],"version-history":[{"count":2,"href":"https:\/\/candeebaar.ee\/lv\/wp-json\/wp\/v2\/product\/10175\/revisions"}],"predecessor-version":[{"id":11938,"href":"https:\/\/candeebaar.ee\/lv\/wp-json\/wp\/v2\/product\/10175\/revisions\/11938"}],"wp:featuredmedia":[{"embeddable":true,"href":"https:\/\/candeebaar.ee\/lv\/wp-json\/wp\/v2\/media\/10154"}],"wp:attachment":[{"href":"https:\/\/candeebaar.ee\/lv\/wp-json\/wp\/v2\/media?parent=10175"}],"wp:term":[{"taxonomy":"product_brand","embeddable":true,"href":"https:\/\/candeebaar.ee\/lv\/wp-json\/wp\/v2\/product_brand?post=10175"},{"taxonomy":"product_cat","embeddable":true,"href":"https:\/\/candeebaar.ee\/lv\/wp-json\/wp\/v2\/product_cat?post=10175"},{"taxonomy":"product_tag","embeddable":true,"href":"https:\/\/candeebaar.ee\/lv\/wp-json\/wp\/v2\/product_tag?post=10175"}],"curies":[{"name":"wp","href":"https:\/\/api.w.org\/{rel}","templated":true}]}}