{"id":10364,"date":"2025-02-11T10:30:08","date_gmt":"2025-02-11T08:30:08","guid":{"rendered":"https:\/\/candeebaar.ee\/?post_type=product&#038;p=10364"},"modified":"2025-10-08T14:35:02","modified_gmt":"2025-10-08T12:35:02","slug":"teflona-paklajins-3040cm","status":"publish","type":"product","link":"https:\/\/candeebaar.ee\/lv\/veikals\/teflona-paklajins-3040cm\/","title":{"rendered":"Teflona pakl\u0101ji\u0146\u0161 30*40cm"},"content":{"rendered":"<p>Teflona pakl\u0101js ir daudzfunkcion\u0101ls instruments. Viegli t\u012br\u0101ms un karstumiztur\u012bgs (l\u012bdz 250<b>\u00b0<\/b>C).<br \/>\nIzm\u0113rs: 30*40cm<\/p>","protected":false},"excerpt":{"rendered":"<p>Teflona pakl\u0101js ir daudzfunkcion\u0101ls instruments. Viegli t\u012br\u0101ms un karstumiztur\u012bgs (l\u012bdz 250\u00b0C). Izm\u0113rs: 30*40cm<\/p>","protected":false},"featured_media":10368,"template":"","meta":{"_seopress_robots_primary_cat":"none","_seopress_titles_title":"","_seopress_titles_desc":"","_seopress_robots_index":""},"product_brand":[],"product_cat":[15,84,106],"product_tag":[],"class_list":{"0":"post-10364","1":"product","2":"type-product","3":"status-publish","4":"has-post-thumbnail","6":"product_cat-all-products","7":"product_cat-tools","8":"product_cat-new","10":"first","11":"outofstock","12":"taxable","13":"shipping-taxable","14":"purchasable","15":"product-type-simple"},"_links":{"self":[{"href":"https:\/\/candeebaar.ee\/lv\/wp-json\/wp\/v2\/product\/10364","targetHints":{"allow":["GET"]}}],"collection":[{"href":"https:\/\/candeebaar.ee\/lv\/wp-json\/wp\/v2\/product"}],"about":[{"href":"https:\/\/candeebaar.ee\/lv\/wp-json\/wp\/v2\/types\/product"}],"version-history":[{"count":1,"href":"https:\/\/candeebaar.ee\/lv\/wp-json\/wp\/v2\/product\/10364\/revisions"}],"predecessor-version":[{"id":10369,"href":"https:\/\/candeebaar.ee\/lv\/wp-json\/wp\/v2\/product\/10364\/revisions\/10369"}],"wp:featuredmedia":[{"embeddable":true,"href":"https:\/\/candeebaar.ee\/lv\/wp-json\/wp\/v2\/media\/10368"}],"wp:attachment":[{"href":"https:\/\/candeebaar.ee\/lv\/wp-json\/wp\/v2\/media?parent=10364"}],"wp:term":[{"taxonomy":"product_brand","embeddable":true,"href":"https:\/\/candeebaar.ee\/lv\/wp-json\/wp\/v2\/product_brand?post=10364"},{"taxonomy":"product_cat","embeddable":true,"href":"https:\/\/candeebaar.ee\/lv\/wp-json\/wp\/v2\/product_cat?post=10364"},{"taxonomy":"product_tag","embeddable":true,"href":"https:\/\/candeebaar.ee\/lv\/wp-json\/wp\/v2\/product_tag?post=10364"}],"curies":[{"name":"wp","href":"https:\/\/api.w.org\/{rel}","templated":true}]}}