{"id":10461,"date":"2025-02-14T11:35:38","date_gmt":"2025-02-14T09:35:38","guid":{"rendered":"https:\/\/candeebaar.ee\/?post_type=product&#038;p=10461"},"modified":"2026-01-29T07:50:26","modified_gmt":"2026-01-29T05:50:26","slug":"deserta-kastite-26-26-40-balta","status":"publish","type":"product","link":"https:\/\/candeebaar.ee\/lv\/veikals\/deserta-kastite-26-26-40-balta\/","title":{"rendered":"Kast\u012bte desertiem 26*26*4cm Balta"},"content":{"rendered":"<p>Kaste zemajiem desertiem, ar logu.<br \/>\nIzm\u0113rs: 260*260*40mm<br \/>\nMateri\u0101ls: kartons<br \/>\nKr\u0101sa: balta<\/p>","protected":false},"excerpt":{"rendered":"<p>Kaste zemajiem desertiem, ar logu. Izm\u0113rs: 260*260*40mm Materi\u0101ls: kartons Kr\u0101sa: balta<\/p>","protected":false},"featured_media":10453,"template":"","meta":{"_seopress_robots_primary_cat":"none","_seopress_titles_title":"","_seopress_titles_desc":"","_seopress_robots_index":""},"product_brand":[],"product_cat":[15,154,156,106],"product_tag":[],"class_list":{"0":"post-10461","1":"product","2":"type-product","3":"status-publish","4":"has-post-thumbnail","6":"product_cat-all-products","7":"product_cat-different-style","8":"product_cat-low-boxes","9":"product_cat-new","11":"first","12":"outofstock","13":"taxable","14":"shipping-taxable","15":"purchasable","16":"product-type-simple"},"_links":{"self":[{"href":"https:\/\/candeebaar.ee\/lv\/wp-json\/wp\/v2\/product\/10461","targetHints":{"allow":["GET"]}}],"collection":[{"href":"https:\/\/candeebaar.ee\/lv\/wp-json\/wp\/v2\/product"}],"about":[{"href":"https:\/\/candeebaar.ee\/lv\/wp-json\/wp\/v2\/types\/product"}],"version-history":[{"count":1,"href":"https:\/\/candeebaar.ee\/lv\/wp-json\/wp\/v2\/product\/10461\/revisions"}],"predecessor-version":[{"id":10462,"href":"https:\/\/candeebaar.ee\/lv\/wp-json\/wp\/v2\/product\/10461\/revisions\/10462"}],"wp:featuredmedia":[{"embeddable":true,"href":"https:\/\/candeebaar.ee\/lv\/wp-json\/wp\/v2\/media\/10453"}],"wp:attachment":[{"href":"https:\/\/candeebaar.ee\/lv\/wp-json\/wp\/v2\/media?parent=10461"}],"wp:term":[{"taxonomy":"product_brand","embeddable":true,"href":"https:\/\/candeebaar.ee\/lv\/wp-json\/wp\/v2\/product_brand?post=10461"},{"taxonomy":"product_cat","embeddable":true,"href":"https:\/\/candeebaar.ee\/lv\/wp-json\/wp\/v2\/product_cat?post=10461"},{"taxonomy":"product_tag","embeddable":true,"href":"https:\/\/candeebaar.ee\/lv\/wp-json\/wp\/v2\/product_tag?post=10461"}],"curies":[{"name":"wp","href":"https:\/\/api.w.org\/{rel}","templated":true}]}}