{"id":10481,"date":"2025-02-16T10:12:24","date_gmt":"2025-02-16T08:12:24","guid":{"rendered":"https:\/\/candeebaar.ee\/?post_type=product&#038;p=10481"},"modified":"2025-09-16T19:16:41","modified_gmt":"2025-09-16T17:16:41","slug":"konfeksu-kastes-sirds-22223-5cm-balta","status":"publish","type":"product","link":"https:\/\/candeebaar.ee\/lv\/veikals\/konfeksu-kastes-sirds-22223-5cm-balta\/","title":{"rendered":"Konfek\u0161u k\u0101rba \u201cSirds\u201d 22*22*3,5cm Balta"},"content":{"rendered":"<p>Kartona kaste ar plastmasas logu sirds form\u0101.<br \/>\nAtdal\u012bt\u0101ji ir lieliski piem\u0113roti x25 konfekt\u0113m (1 slota izm\u0113rs: 40*40*h35mm).<br \/>\nIzm\u0113rs: 220*220*h35mm<br \/>\nKr\u0101sa: balta<\/p>","protected":false},"excerpt":{"rendered":"<p>Kartona kaste ar plastmasas logu sirds form\u0101. Atdal\u012bt\u0101ji ir lieliski piem\u0113roti x25 konfekt\u0113m (1 slota izm\u0113rs: 40*40*h35mm). Izm\u0113rs: 220*220*h35mm Kr\u0101sa: balta<\/p>","protected":false},"featured_media":10485,"template":"","meta":{"_seopress_robots_primary_cat":"","_seopress_titles_title":"","_seopress_titles_desc":"","_seopress_robots_index":""},"product_brand":[],"product_cat":[156,93,106],"product_tag":[],"class_list":{"0":"post-10481","1":"product","2":"type-product","3":"status-publish","4":"has-post-thumbnail","6":"product_cat-low-boxes","7":"product_cat-gift-packaging","8":"product_cat-new","10":"first","11":"outofstock","12":"taxable","13":"shipping-taxable","14":"purchasable","15":"product-type-simple"},"_links":{"self":[{"href":"https:\/\/candeebaar.ee\/lv\/wp-json\/wp\/v2\/product\/10481","targetHints":{"allow":["GET"]}}],"collection":[{"href":"https:\/\/candeebaar.ee\/lv\/wp-json\/wp\/v2\/product"}],"about":[{"href":"https:\/\/candeebaar.ee\/lv\/wp-json\/wp\/v2\/types\/product"}],"version-history":[{"count":1,"href":"https:\/\/candeebaar.ee\/lv\/wp-json\/wp\/v2\/product\/10481\/revisions"}],"predecessor-version":[{"id":10486,"href":"https:\/\/candeebaar.ee\/lv\/wp-json\/wp\/v2\/product\/10481\/revisions\/10486"}],"wp:featuredmedia":[{"embeddable":true,"href":"https:\/\/candeebaar.ee\/lv\/wp-json\/wp\/v2\/media\/10485"}],"wp:attachment":[{"href":"https:\/\/candeebaar.ee\/lv\/wp-json\/wp\/v2\/media?parent=10481"}],"wp:term":[{"taxonomy":"product_brand","embeddable":true,"href":"https:\/\/candeebaar.ee\/lv\/wp-json\/wp\/v2\/product_brand?post=10481"},{"taxonomy":"product_cat","embeddable":true,"href":"https:\/\/candeebaar.ee\/lv\/wp-json\/wp\/v2\/product_cat?post=10481"},{"taxonomy":"product_tag","embeddable":true,"href":"https:\/\/candeebaar.ee\/lv\/wp-json\/wp\/v2\/product_tag?post=10481"}],"curies":[{"name":"wp","href":"https:\/\/api.w.org\/{rel}","templated":true}]}}