{"id":10502,"date":"2025-02-17T08:42:59","date_gmt":"2025-02-17T06:42:59","guid":{"rendered":"https:\/\/candeebaar.ee\/?post_type=product&#038;p=10502"},"modified":"2026-04-02T10:52:38","modified_gmt":"2026-04-02T08:52:38","slug":"vafelu-papirs-0-35mm-a4-1-loksne-2","status":"publish","type":"product","link":"https:\/\/candeebaar.ee\/lv\/veikals\/vafelu-papirs-0-35mm-a4-1-loksne-2\/","title":{"rendered":"Vafe\u013cu pap\u012brs 0,35mm A4 1 loksne"},"content":{"rendered":"<p>Vafe\u013cu pap\u012brs tiek izmantots p\u0101rtikas apdrukai un \u0113damu dekor\u0101ciju veido\u0161anai.<br \/>\nTam ir gluda (druk\u0101\u0161anai) un raupja puse.<br \/>\nBiezums: 0,35 mm<br \/>\nIzm\u0113rs: 210x297mm<br \/>\nDaudzums: 1gab<br \/>\nSvars (kop\u0113jais): ~7g<br \/>\nUzturv\u0113rt\u012bba uz 100 g:<br \/>\n1589kJ\/380kcal<br \/>\nTauki (pies\u0101tin\u0101tie): 3g (0,4g)<br \/>\nOg\u013chidr\u0101ti: 88,1g<br \/>\nOlbaltumvielas: 0,1<br \/>\nSast\u0101vs: kartupe\u013cu ciete, \u016bdens, ol\u012bve\u013c\u013ca.<br \/>\nUzglab\u0101t cie\u0161i nosl\u0113gt\u0101 iepakojum\u0101, v\u0113s\u0101 tum\u0161\u0101 viet\u0101.<br \/>\nRa\u017eot\u0101js: V\u0101cija<\/p>","protected":false},"excerpt":{"rendered":"<p>Vafe\u013cu pap\u012brs tiek izmantots p\u0101rtikas apdrukai un \u0113damu dekor\u0101ciju veido\u0161anai. Tam ir gluda (druk\u0101\u0161anai) un raupja puse. Biezums: 0.35mm Izm\u0113rs: 210x297mm Daudzums: 1gab Svars (kop\u0101): ~7g Uzturv\u0113rt\u012bba uz 100g: 1589kJ\/380kcal Tauki (pies\u0101tin\u0101ti): 3g(0.4g) Og\u013chidr\u0101ti: 88.1g, ol\u012bvu ciete: 1 g sast\u0101vs: 1 g. e\u013c\u013ca. Uzglab\u0101t cie\u0161i nosl\u0113gt\u0101 iepakojum\u0101 [\u2026]<\/p>","protected":false},"featured_media":10508,"template":"","meta":{"_seopress_robots_primary_cat":"none","_seopress_titles_title":"","_seopress_titles_desc":"","_seopress_robots_index":""},"product_brand":[],"product_cat":[15,105],"product_tag":[],"class_list":{"0":"post-10502","1":"product","2":"type-product","3":"status-publish","4":"has-post-thumbnail","6":"product_cat-all-products","7":"product_cat-edible-print","9":"first","10":"instock","11":"taxable","12":"shipping-taxable","13":"purchasable","14":"product-type-simple"},"_links":{"self":[{"href":"https:\/\/candeebaar.ee\/lv\/wp-json\/wp\/v2\/product\/10502","targetHints":{"allow":["GET"]}}],"collection":[{"href":"https:\/\/candeebaar.ee\/lv\/wp-json\/wp\/v2\/product"}],"about":[{"href":"https:\/\/candeebaar.ee\/lv\/wp-json\/wp\/v2\/types\/product"}],"version-history":[{"count":2,"href":"https:\/\/candeebaar.ee\/lv\/wp-json\/wp\/v2\/product\/10502\/revisions"}],"predecessor-version":[{"id":10511,"href":"https:\/\/candeebaar.ee\/lv\/wp-json\/wp\/v2\/product\/10502\/revisions\/10511"}],"wp:featuredmedia":[{"embeddable":true,"href":"https:\/\/candeebaar.ee\/lv\/wp-json\/wp\/v2\/media\/10508"}],"wp:attachment":[{"href":"https:\/\/candeebaar.ee\/lv\/wp-json\/wp\/v2\/media?parent=10502"}],"wp:term":[{"taxonomy":"product_brand","embeddable":true,"href":"https:\/\/candeebaar.ee\/lv\/wp-json\/wp\/v2\/product_brand?post=10502"},{"taxonomy":"product_cat","embeddable":true,"href":"https:\/\/candeebaar.ee\/lv\/wp-json\/wp\/v2\/product_cat?post=10502"},{"taxonomy":"product_tag","embeddable":true,"href":"https:\/\/candeebaar.ee\/lv\/wp-json\/wp\/v2\/product_tag?post=10502"}],"curies":[{"name":"wp","href":"https:\/\/api.w.org\/{rel}","templated":true}]}}