{"id":10594,"date":"2025-02-21T08:57:01","date_gmt":"2025-02-21T06:57:01","guid":{"rendered":"https:\/\/candeebaar.ee\/?post_type=product&#038;p=10594"},"modified":"2026-04-04T23:28:28","modified_gmt":"2026-04-04T21:28:28","slug":"kastite-6-makaroniem-balts","status":"publish","type":"product","link":"https:\/\/candeebaar.ee\/lv\/veikals\/kastite-6-makaroniem-balts\/","title":{"rendered":"Kast\u012bte 6 makaroniem Balta"},"content":{"rendered":"<p>Standarta kast\u012bte 5-6 konditorejas izstr\u0101d\u0101jumiem, ar ieliktni.<br \/>\nIzm\u0113rs: 180*55*55mm<br \/>\nMateri\u0101ls: kartons (balts)<\/p>","protected":false},"excerpt":{"rendered":"<p>Standarta kast\u012bte 5-6 konditorejas izstr\u0101d\u0101jumiem, ar ieliktni. Izm\u0113rs: 180*55*55mm Materi\u0101ls: kartons (balts)<\/p>","protected":false},"featured_media":10595,"template":"","meta":{"_seopress_robots_primary_cat":"none","_seopress_titles_title":"","_seopress_titles_desc":"","_seopress_robots_index":""},"product_brand":[],"product_cat":[15,151,106],"product_tag":[],"class_list":{"0":"post-10594","1":"product","2":"type-product","3":"status-publish","4":"has-post-thumbnail","6":"product_cat-all-products","7":"product_cat-macaron","8":"product_cat-new","10":"first","11":"instock","12":"taxable","13":"shipping-taxable","14":"purchasable","15":"product-type-simple"},"_links":{"self":[{"href":"https:\/\/candeebaar.ee\/lv\/wp-json\/wp\/v2\/product\/10594","targetHints":{"allow":["GET"]}}],"collection":[{"href":"https:\/\/candeebaar.ee\/lv\/wp-json\/wp\/v2\/product"}],"about":[{"href":"https:\/\/candeebaar.ee\/lv\/wp-json\/wp\/v2\/types\/product"}],"version-history":[{"count":1,"href":"https:\/\/candeebaar.ee\/lv\/wp-json\/wp\/v2\/product\/10594\/revisions"}],"predecessor-version":[{"id":10596,"href":"https:\/\/candeebaar.ee\/lv\/wp-json\/wp\/v2\/product\/10594\/revisions\/10596"}],"wp:featuredmedia":[{"embeddable":true,"href":"https:\/\/candeebaar.ee\/lv\/wp-json\/wp\/v2\/media\/10595"}],"wp:attachment":[{"href":"https:\/\/candeebaar.ee\/lv\/wp-json\/wp\/v2\/media?parent=10594"}],"wp:term":[{"taxonomy":"product_brand","embeddable":true,"href":"https:\/\/candeebaar.ee\/lv\/wp-json\/wp\/v2\/product_brand?post=10594"},{"taxonomy":"product_cat","embeddable":true,"href":"https:\/\/candeebaar.ee\/lv\/wp-json\/wp\/v2\/product_cat?post=10594"},{"taxonomy":"product_tag","embeddable":true,"href":"https:\/\/candeebaar.ee\/lv\/wp-json\/wp\/v2\/product_tag?post=10594"}],"curies":[{"name":"wp","href":"https:\/\/api.w.org\/{rel}","templated":true}]}}