{"id":10676,"date":"2025-02-26T08:57:15","date_gmt":"2025-02-26T06:57:15","guid":{"rendered":"https:\/\/candeebaar.ee\/?post_type=product&#038;p=10676"},"modified":"2026-04-13T13:50:21","modified_gmt":"2026-04-13T11:50:21","slug":"smidzina-baltas-naktis","status":"publish","type":"product","link":"https:\/\/candeebaar.ee\/lv\/veikals\/smidzina-baltas-naktis\/","title":{"rendered":"Smidzin\u0101t\u0101ji \u201cBalt\u0101s naktis\u201d 45g"},"content":{"rendered":"<p>Smidzin\u0101t\u0101ji desertu dekor\u0113\u0161anai. Bumbi\u0146\u0101m ir m\u012bksta \u0161okol\u0101des pamatne<br \/>\nSvars: 45g<br \/>\nCukurs, ciete (<b>KVIE\u0160I<\/b>, kukur\u016bza, kartupe\u013ci, r\u012bsi), milti (<b>KVIE\u0160I<\/b>,\u00a0<b>PILNGRAUDU KVIE\u0160I<\/b>, iesala\u00a0<b>KVIE\u0160I<\/b>, r\u012bsi),\u00a0<b>KVIE\u0160I\u00a0<\/b>manna,\u00a0<b>KVIE\u0160I\u00a0<\/b>glut\u0113ns, augu e\u013c\u013cas (rap\u0161u s\u0113klas, piln\u012bb\u0101 hidrogen\u0113tas rap\u0161u s\u0113klas, kokosrieksti), glikozes s\u012brups, veselas\u00a0<b>PIENS\u00a0<\/b>pulveris, kakao sviests, kakao masa, aromatiz\u0113t\u0101js, dab\u012bg\u0101 vani\u013cas gar\u0161a, glaz\u016bra (E901, E903), biezin\u0101t\u0101js (E414), emulgators (lecit\u012bns (saulespu\u0137u,\u00a0<b>SOJAS)<\/b>, E473), atbr\u012bvo\u0161an\u0101s l\u012bdzeklis (E553b), cepam\u0101 soda (E500), s\u0101ls. Var satur\u0113t p\u0113das\u00a0<b>RIEKSTI<\/b>.<br \/>\nSast\u0101vs uz 100 g:<br \/>\nkcal: 440; kj: 1856; tauki: 10,1g; no tiem pies\u0101tin\u0101t\u0101s tauksk\u0101bes: 6g; og\u013chidr\u0101ti: 83,8g; no tiem cukuri: 74,7g; olbaltumvielas: 2,7g; s\u0101ls: 0,1 g<\/p>\n<p>Nav piem\u0113rots b\u0113rniem l\u012bdz 3 gadu vecumam.<br \/>\nRa\u017eot\u0101js: V\u0101cija<br \/>\nDer\u012bguma termi\u0146\u0161: 2027. gada oktobris<\/p>","protected":false},"excerpt":{"rendered":"<p>Smidzin\u0101t\u0101ji desertu dekor\u0113\u0161anai. Bumbi\u0146\u0101m ir m\u012bksta \u0161okol\u0101des b\u0101ze Svars: 45g Cukurs, ciete (KVIE\u0160I, kukur\u016bza, kartupe\u013ci, r\u012bsi), milti (KVIE\u0160I, PILNPRAUDZ\u012aBAS KVIE\u0160I, KVIE\u0160U iesala, r\u012bsi), KVIE\u0160U manna, KVIE\u0160U lipeklis, augu e\u013c\u013cas (rap\u0161u s\u0113klas, piln\u012bb\u0101 hidrogen\u0113ts rap\u0161u s\u0113klu s\u0113klu s\u0113klu s\u0113klu s\u0113klu s\u0113klu s\u0113klas, piln\u012bb\u0101 hidrogen\u0113ts rap\u0161u s\u0113klu s\u0113klu pulveris, kokosriekstu pulveris, kokosriekstu pulveris,,, kakao masa, aromatiz\u0113t\u0101js, dab\u012bg\u0101 vani\u013cas gar\u0161a, glaz\u016bra (E901, E903), biezin\u0101t\u0101js (E414), emulgators (lecit\u012bns (saulespu\u0137u, SOJAS), E473), atbr\u012bvot\u0101jviela [\u2026]<\/p>","protected":false},"featured_media":10700,"template":"","meta":{"_seopress_robots_primary_cat":"none","_seopress_titles_title":"","_seopress_titles_desc":"","_seopress_robots_index":""},"product_brand":[],"product_cat":[180,15,104,106],"product_tag":[],"class_list":{"0":"post-10676","1":"product","2":"type-product","3":"status-publish","4":"has-post-thumbnail","6":"product_cat-wedding-products","7":"product_cat-all-products","8":"product_cat-sprinkles","9":"product_cat-new","11":"first","12":"instock","13":"taxable","14":"shipping-taxable","15":"purchasable","16":"product-type-simple"},"_links":{"self":[{"href":"https:\/\/candeebaar.ee\/lv\/wp-json\/wp\/v2\/product\/10676","targetHints":{"allow":["GET"]}}],"collection":[{"href":"https:\/\/candeebaar.ee\/lv\/wp-json\/wp\/v2\/product"}],"about":[{"href":"https:\/\/candeebaar.ee\/lv\/wp-json\/wp\/v2\/types\/product"}],"version-history":[{"count":3,"href":"https:\/\/candeebaar.ee\/lv\/wp-json\/wp\/v2\/product\/10676\/revisions"}],"predecessor-version":[{"id":14181,"href":"https:\/\/candeebaar.ee\/lv\/wp-json\/wp\/v2\/product\/10676\/revisions\/14181"}],"wp:featuredmedia":[{"embeddable":true,"href":"https:\/\/candeebaar.ee\/lv\/wp-json\/wp\/v2\/media\/10700"}],"wp:attachment":[{"href":"https:\/\/candeebaar.ee\/lv\/wp-json\/wp\/v2\/media?parent=10676"}],"wp:term":[{"taxonomy":"product_brand","embeddable":true,"href":"https:\/\/candeebaar.ee\/lv\/wp-json\/wp\/v2\/product_brand?post=10676"},{"taxonomy":"product_cat","embeddable":true,"href":"https:\/\/candeebaar.ee\/lv\/wp-json\/wp\/v2\/product_cat?post=10676"},{"taxonomy":"product_tag","embeddable":true,"href":"https:\/\/candeebaar.ee\/lv\/wp-json\/wp\/v2\/product_tag?post=10676"}],"curies":[{"name":"wp","href":"https:\/\/api.w.org\/{rel}","templated":true}]}}