{"id":10691,"date":"2025-02-26T09:03:26","date_gmt":"2025-02-26T07:03:26","guid":{"rendered":"https:\/\/candeebaar.ee\/?post_type=product&#038;p=10691"},"modified":"2026-03-29T21:20:57","modified_gmt":"2026-03-29T19:20:57","slug":"apkaisa-zelta-pilienus","status":"publish","type":"product","link":"https:\/\/candeebaar.ee\/lv\/veikals\/apkaisa-zelta-pilienus\/","title":{"rendered":"Smidzin\u0101t\u0101ji \u201cDrops of Gold\u201d 45g"},"content":{"rendered":"<p>Smidzin\u0101t\u0101ji desertu dekor\u0113\u0161anai. Bumbi\u0146\u0101m ir m\u012bksta \u0161okol\u0101des pamatne.<br \/>\nSvars: 45g<br \/>\nCukurs, ciete (<b>KVIE\u0160I<\/b>, kukur\u016bza), milti (<b>KVIE\u0160I<\/b>, iesala\u00a0<b>KVIE\u0160I<\/b>, r\u012bsi),\u00a0<b>KVIE\u0160I<\/b>\u00a0manna,\u00a0<b>KVIE\u0160I<\/b>\u00a0glut\u0113ns, glikozes s\u012brups, vesels\u00a0<b>PIENS<\/b>\u00a0pulveris, kakao sviests, kakao masa, kr\u0101sviela (E160b, E174), dab\u012bg\u0101 vani\u013cas gar\u0161a, glaz\u016bra (E903, E904), biezin\u0101t\u0101js (E406, E414), emulgators (lecit\u012bns (<b>SOJAS<\/b>), E473), \u017eelat\u012bns (liellopu ga\u013ca,\u00a0<b>ZIVIS<\/b>), atbr\u012bvo\u0161an\u0101s l\u012bdzeklis (E470b), s\u0101ls. Var satur\u0113t p\u0113das\u00a0<b>RIEKSTI<\/b>.<br \/>\nSast\u0101vs uz 100 g:<br \/>\nkcal: 400; kj: 1700; tauki: 2,1g; no tiem pies\u0101tin\u0101tie: 1,2g; og\u013chidr\u0101ti: 92,9g; no tiem cukuri: 81,5g; olbaltumvielas: 2,1g; s\u0101ls: 0,1 g<\/p>\n<p>Nav piem\u0113rots b\u0113rniem l\u012bdz 3 gadu vecumam.<br \/>\nRa\u017eot\u0101js: V\u0101cija<br \/>\nDer\u012bguma termi\u0146\u0161: 2027. gada oktobris<\/p>","protected":false},"excerpt":{"rendered":"<p>Smidzin\u0101t\u0101ji desertu dekor\u0113\u0161anai. Bumbi\u0146\u0101m ir m\u012bksta \u0161okol\u0101des pamatne. Svars: 45g Cukurs, ciete (KVIE\u0160I, kukur\u016bza), milti (KVIE\u0160I, KVIE\u0160U iesala, r\u012bsi), KVIE\u0160U manna, KVIE\u0160U glut\u0113ns, glikozes s\u012brups, pilnpiena pulveris, kakao sviests, kakao masa, kr\u0101svielas (E160b, E174), dab\u012bgs vani\u013cas aromatiz\u0113t\u0101js, E9403, biezin\u0101t\u0101js (E9403). (E406, E414), emulgators (lecit\u012bns (SOJA), E473), \u017eelat\u012bns (liellopu ga\u013ca, ZIVIS), atbr\u012bvo\u0161an\u0101s l\u012bdzeklis (E470b), s\u0101ls. Var satur\u0113t riekstu p\u0113das. [\u2026]<\/p>","protected":false},"featured_media":10699,"template":"","meta":{"_seopress_robots_primary_cat":"none","_seopress_titles_title":"","_seopress_titles_desc":"","_seopress_robots_index":""},"product_brand":[],"product_cat":[180,15,104,106],"product_tag":[],"class_list":{"0":"post-10691","1":"product","2":"type-product","3":"status-publish","4":"has-post-thumbnail","6":"product_cat-wedding-products","7":"product_cat-all-products","8":"product_cat-sprinkles","9":"product_cat-new","11":"first","12":"instock","13":"taxable","14":"shipping-taxable","15":"purchasable","16":"product-type-simple"},"_links":{"self":[{"href":"https:\/\/candeebaar.ee\/lv\/wp-json\/wp\/v2\/product\/10691","targetHints":{"allow":["GET"]}}],"collection":[{"href":"https:\/\/candeebaar.ee\/lv\/wp-json\/wp\/v2\/product"}],"about":[{"href":"https:\/\/candeebaar.ee\/lv\/wp-json\/wp\/v2\/types\/product"}],"version-history":[{"count":5,"href":"https:\/\/candeebaar.ee\/lv\/wp-json\/wp\/v2\/product\/10691\/revisions"}],"predecessor-version":[{"id":14180,"href":"https:\/\/candeebaar.ee\/lv\/wp-json\/wp\/v2\/product\/10691\/revisions\/14180"}],"wp:featuredmedia":[{"embeddable":true,"href":"https:\/\/candeebaar.ee\/lv\/wp-json\/wp\/v2\/media\/10699"}],"wp:attachment":[{"href":"https:\/\/candeebaar.ee\/lv\/wp-json\/wp\/v2\/media?parent=10691"}],"wp:term":[{"taxonomy":"product_brand","embeddable":true,"href":"https:\/\/candeebaar.ee\/lv\/wp-json\/wp\/v2\/product_brand?post=10691"},{"taxonomy":"product_cat","embeddable":true,"href":"https:\/\/candeebaar.ee\/lv\/wp-json\/wp\/v2\/product_cat?post=10691"},{"taxonomy":"product_tag","embeddable":true,"href":"https:\/\/candeebaar.ee\/lv\/wp-json\/wp\/v2\/product_tag?post=10691"}],"curies":[{"name":"wp","href":"https:\/\/api.w.org\/{rel}","templated":true}]}}