{"id":10695,"date":"2025-02-26T09:09:53","date_gmt":"2025-02-26T07:09:53","guid":{"rendered":"https:\/\/candeebaar.ee\/?post_type=product&#038;p=10695"},"modified":"2026-04-13T19:07:18","modified_gmt":"2026-04-13T17:07:18","slug":"smidzina-sudraba-pilienus","status":"publish","type":"product","link":"https:\/\/candeebaar.ee\/lv\/veikals\/smidzina-sudraba-pilienus\/","title":{"rendered":"Smidzin\u0101t\u0101ji \u201cSudraba pilieni\u201d 45g"},"content":{"rendered":"<p>Smidzin\u0101t\u0101ji desertu dekor\u0113\u0161anai. Bumbi\u0146\u0101m ir m\u012bksta \u0161okol\u0101des pamatne.<br \/>\nSvars: 45g<br \/>\nCukurs, ciete (<strong>KVIE\u0160I<\/strong>, kukur\u016bza, r\u012bsi), milti (<strong>KVIE\u0160I<\/strong>,\u00a0<strong>VESELS<\/strong>\u00a0<strong>MALTU KVIE\u0160I<\/strong>, iesala\u00a0<strong>KVIE\u0160I<\/strong>, r\u012bsi),\u00a0<strong>KVIE\u0160I<\/strong>\u00a0manna,\u00a0<strong>KVIE\u0160I<\/strong>\u00a0glut\u0113ns, augu e\u013c\u013cas (rap\u0161u, kokosriekstu), glikozes s\u012brups, vesels\u00a0<strong>PIENS<\/strong>\u00a0pulveris, kakao sviests, kakao masa, kr\u0101svielas (E160a, E173, E174), dab\u012bg\u0101 vani\u013cas gar\u0161a, glaz\u016bra (E901, E903), biezin\u0101t\u0101js (E406, E414), emulgators (lecit\u012bns (<strong>SOJAS<\/strong>), E473), \u017eelat\u012bns (liellopu ga\u013ca), atbr\u012bvo\u0161an\u0101s l\u012bdzeklis (E470b), cepam\u0101 soda (E500), s\u0101ls. Var satur\u0113t p\u0113das\u00a0<strong>RIEKSTI<\/strong>.<br \/>\nSast\u0101vs uz 100 g:<br \/>\nkcal: 429 ; kj: 1815; tauki: 7,6g; no tiem pies\u0101tin\u0101tie: 4,6g; og\u013chidr\u0101ti: 87,6g; no tiem cukuri: 79,9g; olbaltumvielas: 2,2g; s\u0101ls: 0,1 g<\/p>\n<p>Nav piem\u0113rots b\u0113rniem l\u012bdz 3 gadu vecumam.<br \/>\nRa\u017eot\u0101js: V\u0101cija<br \/>\nDer\u012bguma termi\u0146\u0161: 2026.\u00a0gada maijs<\/p>","protected":false},"excerpt":{"rendered":"<p>Smidzin\u0101t\u0101ji desertu dekor\u0113\u0161anai. Bumbi\u0146\u0101m ir m\u012bksta \u0161okol\u0101des pamatne. Svars: 45g Cukurs, ciete (KVIE\u0160I, kukur\u016bza, r\u012bsi), milti (KVIE\u0160I, PILNPR\u016aT\u012aBAS KVIE\u0160I, KVIE\u0160U iesala, r\u012bsi), KVIE\u0160U mannas putraimi, KVIE\u0160U glut\u0113ns, augu e\u013c\u013cas (rap\u0161u, kokosriekstu), glikozes s\u012brups, pilnpiena pulveris, kakao sviests, kr\u0101sviela, cocoa16, E17. E174), dab\u012bg\u0101 vani\u013cas gar\u0161a, glaz\u0113\u0161anas l\u012bdzeklis (E901, E903), biezin\u0101t\u0101js (E406, E414), emulgators (lecit\u012bns (SOJA), E473), \u017eelat\u012bns (liellopu ga\u013ca), atbr\u012bvo [\u2026]<\/p>","protected":false},"featured_media":10697,"template":"","meta":{"_seopress_robots_primary_cat":"none","_seopress_titles_title":"","_seopress_titles_desc":"","_seopress_robots_index":""},"product_brand":[],"product_cat":[180,15,104,106],"product_tag":[],"class_list":{"0":"post-10695","1":"product","2":"type-product","3":"status-publish","4":"has-post-thumbnail","6":"product_cat-wedding-products","7":"product_cat-all-products","8":"product_cat-sprinkles","9":"product_cat-new","11":"first","12":"instock","13":"taxable","14":"shipping-taxable","15":"purchasable","16":"product-type-simple"},"_links":{"self":[{"href":"https:\/\/candeebaar.ee\/lv\/wp-json\/wp\/v2\/product\/10695","targetHints":{"allow":["GET"]}}],"collection":[{"href":"https:\/\/candeebaar.ee\/lv\/wp-json\/wp\/v2\/product"}],"about":[{"href":"https:\/\/candeebaar.ee\/lv\/wp-json\/wp\/v2\/types\/product"}],"version-history":[{"count":1,"href":"https:\/\/candeebaar.ee\/lv\/wp-json\/wp\/v2\/product\/10695\/revisions"}],"predecessor-version":[{"id":10698,"href":"https:\/\/candeebaar.ee\/lv\/wp-json\/wp\/v2\/product\/10695\/revisions\/10698"}],"wp:featuredmedia":[{"embeddable":true,"href":"https:\/\/candeebaar.ee\/lv\/wp-json\/wp\/v2\/media\/10697"}],"wp:attachment":[{"href":"https:\/\/candeebaar.ee\/lv\/wp-json\/wp\/v2\/media?parent=10695"}],"wp:term":[{"taxonomy":"product_brand","embeddable":true,"href":"https:\/\/candeebaar.ee\/lv\/wp-json\/wp\/v2\/product_brand?post=10695"},{"taxonomy":"product_cat","embeddable":true,"href":"https:\/\/candeebaar.ee\/lv\/wp-json\/wp\/v2\/product_cat?post=10695"},{"taxonomy":"product_tag","embeddable":true,"href":"https:\/\/candeebaar.ee\/lv\/wp-json\/wp\/v2\/product_tag?post=10695"}],"curies":[{"name":"wp","href":"https:\/\/api.w.org\/{rel}","templated":true}]}}