{"id":10701,"date":"2025-02-26T09:22:55","date_gmt":"2025-02-26T07:22:55","guid":{"rendered":"https:\/\/candeebaar.ee\/?post_type=product&#038;p=10701"},"modified":"2026-02-06T20:20:10","modified_gmt":"2026-02-06T18:20:10","slug":"apkaisa-baltas-sokolades-bumbinas-xl","status":"publish","type":"product","link":"https:\/\/candeebaar.ee\/lv\/veikals\/apkaisa-baltas-sokolades-bumbinas-xl\/","title":{"rendered":"Smidzin\u0101t\u0101ji \u201cWhite Chocoballs XL\u201d 45g"},"content":{"rendered":"<p>Smidzin\u0101t\u0101ji desertu dekor\u0113\u0161anai. Bumbi\u0146\u0101m (apm\u0113ram 18 mm diametr\u0101) ir m\u012bksta \u0161okol\u0101des un r\u012bsu pamatne.<br \/>\nSvars: 45g<br \/>\nCukurs, ciete (r\u012bsi), milti (<strong>KVIE\u0160I, PILNPRAUTI KVIE\u0160I<\/strong>, iesala <strong>KVIE\u0160I<\/strong>), <strong>KVIE\u0160I<\/strong> glut\u0113ns, maltodekstr\u012bns, vesels <strong>PIENS<\/strong> pulveris, kakao sviests, kakao masa, dab\u012bg\u0101 vani\u013cas gar\u0161a, glaz\u016bra (E903), biezin\u0101t\u0101js (E414), emulgators (lecit\u012bns (<strong>SOJAS<\/strong>), E473), cepam\u0101 soda (E500), s\u0101ls. Var satur\u0113t p\u0113das <strong>RIEKSTI<\/strong>.<br \/>\nSast\u0101vs uz 100 g:<br \/>\nkcal: 472; kj: 1982; tauki: 17,2g; no tiem pies\u0101tin\u0101t\u0101s tauksk\u0101bes: 10,5g; og\u013chidr\u0101ti: 73,7g; no tiem cukuri: 65,1g; olbaltumvielas: 4,4g; s\u0101ls: 0,25 g<\/p>\n<p>Nav piem\u0113rots b\u0113rniem l\u012bdz 3 gadu vecumam.<br \/>\nRa\u017eot\u0101js: V\u0101cija<br \/>\nDer\u012bguma termi\u0146\u0161: 2027. gada janv\u0101ris<\/p>","protected":false},"excerpt":{"rendered":"<p>Smidzin\u0101t\u0101ji desertu dekor\u0113\u0161anai. Bumbi\u0146\u0101m (apm\u0113ram 18 mm diametr\u0101) ir m\u012bksta \u0161okol\u0101des un r\u012bsu pamatne. Svars: 45g Cukurs, ciete (r\u012bsi), milti (KVIE\u0160I, PILNPRAUTI KVIE\u0160I, KVIE\u0160U IESALS), KVIE\u0160U lipeklis, maltodekstr\u012bns, pilnpiena pulveris, kakao sviests, kakao masa, dab\u012bg\u0101 vani\u013cas gar\u0161a, glaz\u016bra (E903), biezin\u0101t\u0101js (E414), E414), sodas emulgators (S3). (E500), s\u0101ls. maij\u0101 [\u2026]<\/p>","protected":false},"featured_media":10677,"template":"","meta":{"_seopress_robots_primary_cat":"none","_seopress_titles_title":"","_seopress_titles_desc":"","_seopress_robots_index":""},"product_brand":[],"product_cat":[180,15,104],"product_tag":[],"class_list":{"0":"post-10701","1":"product","2":"type-product","3":"status-publish","4":"has-post-thumbnail","6":"product_cat-wedding-products","7":"product_cat-all-products","8":"product_cat-sprinkles","10":"first","11":"instock","12":"taxable","13":"shipping-taxable","14":"purchasable","15":"product-type-simple"},"_links":{"self":[{"href":"https:\/\/candeebaar.ee\/lv\/wp-json\/wp\/v2\/product\/10701","targetHints":{"allow":["GET"]}}],"collection":[{"href":"https:\/\/candeebaar.ee\/lv\/wp-json\/wp\/v2\/product"}],"about":[{"href":"https:\/\/candeebaar.ee\/lv\/wp-json\/wp\/v2\/types\/product"}],"version-history":[{"count":4,"href":"https:\/\/candeebaar.ee\/lv\/wp-json\/wp\/v2\/product\/10701\/revisions"}],"predecessor-version":[{"id":14178,"href":"https:\/\/candeebaar.ee\/lv\/wp-json\/wp\/v2\/product\/10701\/revisions\/14178"}],"wp:featuredmedia":[{"embeddable":true,"href":"https:\/\/candeebaar.ee\/lv\/wp-json\/wp\/v2\/media\/10677"}],"wp:attachment":[{"href":"https:\/\/candeebaar.ee\/lv\/wp-json\/wp\/v2\/media?parent=10701"}],"wp:term":[{"taxonomy":"product_brand","embeddable":true,"href":"https:\/\/candeebaar.ee\/lv\/wp-json\/wp\/v2\/product_brand?post=10701"},{"taxonomy":"product_cat","embeddable":true,"href":"https:\/\/candeebaar.ee\/lv\/wp-json\/wp\/v2\/product_cat?post=10701"},{"taxonomy":"product_tag","embeddable":true,"href":"https:\/\/candeebaar.ee\/lv\/wp-json\/wp\/v2\/product_tag?post=10701"}],"curies":[{"name":"wp","href":"https:\/\/api.w.org\/{rel}","templated":true}]}}