{"id":10707,"date":"2025-02-26T09:43:23","date_gmt":"2025-02-26T07:43:23","guid":{"rendered":"https:\/\/candeebaar.ee\/?post_type=product&#038;p=10707"},"modified":"2025-11-16T10:44:18","modified_gmt":"2025-11-16T08:44:18","slug":"parkaisa-lieldienu-graudi-45g","status":"publish","type":"product","link":"https:\/\/candeebaar.ee\/lv\/veikals\/parkaisa-lieldienu-graudi-45g\/","title":{"rendered":"Smidzin\u0101t\u0101ji \u201cLieldienu graudi\u201d 45g"},"content":{"rendered":"<p>Smidzin\u0101t\u0101ji desertu dekor\u0113\u0161anai.<br \/>\nBumbi\u0146u diametrs: 2mm<br \/>\nMasa: 45g<br \/>\nSast\u0101vda\u013cas:<br \/>\nCukurs, ciete (<b>KVIE\u0160I<\/b>, kukur\u016bza), augu e\u013c\u013cas (rap\u0161u, kokosriekstu), glikozes s\u012brups, p\u0101rtikas kr\u0101svielas (\u0101bolu, upe\u0146u, burk\u0101nu sulas koncentr\u0101ts, red\u012bsi, bie\u0161u sula, saflora, spirul\u012bna, citrons), glaz\u016bra (E901).<br \/>\nSast\u0101vs uz 100 g:<br \/>\nkcal: 387; kj: 1637; tauki: 0 g; no tiem pies\u0101tin\u0101t\u0101s tauksk\u0101bes: 0g; og\u013chidr\u0101ti: 96g; no tiem cukuri: 75g; olbaltumvielas: 0g; s\u0101ls: 0 g<br \/>\nNav piem\u0113rots b\u0113rniem l\u012bdz 3 gadu vecumam.<br \/>\nRa\u017eot\u0101js: V\u0101cija<br \/>\nDer\u012bguma termi\u0146\u0161: 2026.\u00a0gada febru\u0101ris<\/p>","protected":false},"excerpt":{"rendered":"<p>Smidzin\u0101t\u0101ji desertu dekor\u0113\u0161anai. Bumbi\u0146u diametrs: 2mm Masa: 45g Sast\u0101vs: Cukurs, ciete (KVIE\u0160I, kukur\u016bza), augu e\u013c\u013cas (rap\u0161u, kokosriekstu), glikozes s\u012brups, p\u0101rtikas kr\u0101sviela (\u0101bolu koncentr\u0101ts, upenes, burk\u0101nu sula, red\u012bsi, bie\u0161u sula, saflora, spirul\u012bna, citrons (901), glaz\u016bra). Saturs uz 100g: kcal: 387; kj: 1637; tauki: 0 g; no tiem pies\u0101tin\u0101t\u0101s tauksk\u0101bes: 0g; og\u013chidr\u0101ti: 96g; no [\u2026]<\/p>","protected":false},"featured_media":10682,"template":"","meta":{"_seopress_robots_primary_cat":"none","_seopress_titles_title":"","_seopress_titles_desc":"","_seopress_robots_index":""},"product_brand":[],"product_cat":[178,15,104,106],"product_tag":[175],"class_list":{"0":"post-10707","1":"product","2":"type-product","3":"status-publish","4":"has-post-thumbnail","6":"product_cat-easter-products","7":"product_cat-all-products","8":"product_cat-sprinkles","9":"product_cat-new","10":"product_tag-easter","12":"first","13":"outofstock","14":"taxable","15":"shipping-taxable","16":"purchasable","17":"product-type-simple"},"_links":{"self":[{"href":"https:\/\/candeebaar.ee\/lv\/wp-json\/wp\/v2\/product\/10707","targetHints":{"allow":["GET"]}}],"collection":[{"href":"https:\/\/candeebaar.ee\/lv\/wp-json\/wp\/v2\/product"}],"about":[{"href":"https:\/\/candeebaar.ee\/lv\/wp-json\/wp\/v2\/types\/product"}],"version-history":[{"count":1,"href":"https:\/\/candeebaar.ee\/lv\/wp-json\/wp\/v2\/product\/10707\/revisions"}],"predecessor-version":[{"id":10708,"href":"https:\/\/candeebaar.ee\/lv\/wp-json\/wp\/v2\/product\/10707\/revisions\/10708"}],"wp:featuredmedia":[{"embeddable":true,"href":"https:\/\/candeebaar.ee\/lv\/wp-json\/wp\/v2\/media\/10682"}],"wp:attachment":[{"href":"https:\/\/candeebaar.ee\/lv\/wp-json\/wp\/v2\/media?parent=10707"}],"wp:term":[{"taxonomy":"product_brand","embeddable":true,"href":"https:\/\/candeebaar.ee\/lv\/wp-json\/wp\/v2\/product_brand?post=10707"},{"taxonomy":"product_cat","embeddable":true,"href":"https:\/\/candeebaar.ee\/lv\/wp-json\/wp\/v2\/product_cat?post=10707"},{"taxonomy":"product_tag","embeddable":true,"href":"https:\/\/candeebaar.ee\/lv\/wp-json\/wp\/v2\/product_tag?post=10707"}],"curies":[{"name":"wp","href":"https:\/\/api.w.org\/{rel}","templated":true}]}}