{"id":10709,"date":"2025-02-26T09:53:30","date_gmt":"2025-02-26T07:53:30","guid":{"rendered":"https:\/\/candeebaar.ee\/?post_type=product&#038;p=10709"},"modified":"2025-05-02T08:49:38","modified_gmt":"2025-05-02T06:49:38","slug":"apkaisa-priecigas-lieldienas","status":"publish","type":"product","link":"https:\/\/candeebaar.ee\/lv\/veikals\/apkaisa-priecigas-lieldienas\/","title":{"rendered":"Smidzin\u0101t\u0101ji \u201cPriec\u012bgas Lieldienas\u201d 45g"},"content":{"rendered":"<p>Smidzin\u0101t\u0101ji desertu dekor\u0113\u0161anai. Bumbi\u0146\u0101m ir m\u012bksta \u0161okol\u0101des pamatne.<br \/>\nSvars: 45g<br \/>\nCukurs, ciete (<strong>KVIE\u0160I<\/strong>, kukur\u016bza, kartupe\u013ci, r\u012bsi), milti (<strong>KVIE\u0160I<\/strong>, r\u012bsi), augu e\u013c\u013cas (rap\u0161u s\u0113klas, piln\u012bb\u0101 hidrogen\u0113tas rap\u0161u s\u0113klas, kokosrieksti), augu tauki (palmu e\u013c\u013ca), glikozes s\u012brups, dekstroze, maltodekstr\u012bns, vesels <strong>PIENS<\/strong> pulveris, kakao sviests, kakao masa, kr\u0101svielas (E100, E102*, E110*, E120, E132, E133, E160a, E162, E172, E174), p\u0101rtikas kr\u0101svielas (\u0101bolu koncentr\u0101ts, \u0101bolu sula, upenes, burk\u0101nu sula, paprika, saspirina, red\u012bsi acerola \u0137irsis), aromatiz\u0113t\u0101js, vani\u013cas gar\u0161a, glaz\u016bra (E901, E903, E904), biezin\u0101t\u0101js (E414), emulgators (lecit\u012bns (saulespu\u0137u, rap\u0161u s\u0113klas, <strong>SOJAS<\/strong>), E473), \u017eelat\u012bns (liellopu ga\u013ca), atbr\u012bvo\u0161an\u0101s l\u012bdzeklis (E470b, E553b). Var satur\u0113t p\u0113das<strong> RIEKSTI<\/strong>. *\u201cE102, E110: var negat\u012bvi ietekm\u0113t b\u0113rnu aktivit\u0101ti un uzman\u012bbu\u201d.<br \/>\nSast\u0101vs uz 100 g:<br \/>\nKcal: 396; Kj:1673; Tauki: 2,3g; no tiem pies\u0101tin\u0101tie: 1,5g; Og\u013chidr\u0101ti: 92,6g; tai skait\u0101 cukurs: 74,7; Olbaltumvielas: 0,5g; S\u0101ls: 0,0 g<\/p>\n<p>Nav piem\u0113rots b\u0113rniem l\u012bdz 3 gadu vecumam.<br \/>\nRa\u017eot\u0101js: V\u0101cija<br \/>\nDer\u012bguma termi\u0146\u0161: 2026.\u00a0gada apr\u012blis<\/p>","protected":false},"excerpt":{"rendered":"<p>Smidzin\u0101t\u0101ji desertu dekor\u0113\u0161anai. Bumbi\u0146\u0101m ir m\u012bksta \u0161okol\u0101des pamatne. Svars: 45g Cukurs, ciete (KVIE\u0160I, kukur\u016bza, kartupe\u013ci, r\u012bsi), milti (KVIE\u0160I, r\u012bsi), augu e\u013c\u013cas (rap\u0161u s\u0113klas, piln\u012bb\u0101 hidrogen\u0113tas rap\u0161u s\u0113klas, kokosrieksti), augu tauki (palmu e\u013c\u013ca), glikozes s\u012brups, dekstroze, maltodekstr\u012bns, pilnpiena pulveris, kakao sviests, kr\u0101sviela, E10,02 E110*, E120, E132, E133, E160a, E162, E172, E174), [\u2026]<\/p>","protected":false},"featured_media":10712,"template":"","meta":{"_seopress_robots_primary_cat":"none","_seopress_titles_title":"","_seopress_titles_desc":"","_seopress_robots_index":""},"product_brand":[],"product_cat":[178,15,104],"product_tag":[175],"class_list":{"0":"post-10709","1":"product","2":"type-product","3":"status-publish","4":"has-post-thumbnail","6":"product_cat-easter-products","7":"product_cat-all-products","8":"product_cat-sprinkles","9":"product_tag-easter","11":"first","12":"outofstock","13":"taxable","14":"shipping-taxable","15":"purchasable","16":"product-type-simple"},"_links":{"self":[{"href":"https:\/\/candeebaar.ee\/lv\/wp-json\/wp\/v2\/product\/10709","targetHints":{"allow":["GET"]}}],"collection":[{"href":"https:\/\/candeebaar.ee\/lv\/wp-json\/wp\/v2\/product"}],"about":[{"href":"https:\/\/candeebaar.ee\/lv\/wp-json\/wp\/v2\/types\/product"}],"version-history":[{"count":1,"href":"https:\/\/candeebaar.ee\/lv\/wp-json\/wp\/v2\/product\/10709\/revisions"}],"predecessor-version":[{"id":10711,"href":"https:\/\/candeebaar.ee\/lv\/wp-json\/wp\/v2\/product\/10709\/revisions\/10711"}],"wp:featuredmedia":[{"embeddable":true,"href":"https:\/\/candeebaar.ee\/lv\/wp-json\/wp\/v2\/media\/10712"}],"wp:attachment":[{"href":"https:\/\/candeebaar.ee\/lv\/wp-json\/wp\/v2\/media?parent=10709"}],"wp:term":[{"taxonomy":"product_brand","embeddable":true,"href":"https:\/\/candeebaar.ee\/lv\/wp-json\/wp\/v2\/product_brand?post=10709"},{"taxonomy":"product_cat","embeddable":true,"href":"https:\/\/candeebaar.ee\/lv\/wp-json\/wp\/v2\/product_cat?post=10709"},{"taxonomy":"product_tag","embeddable":true,"href":"https:\/\/candeebaar.ee\/lv\/wp-json\/wp\/v2\/product_tag?post=10709"}],"curies":[{"name":"wp","href":"https:\/\/api.w.org\/{rel}","templated":true}]}}