{"id":10714,"date":"2025-02-26T10:32:37","date_gmt":"2025-02-26T08:32:37","guid":{"rendered":"https:\/\/candeebaar.ee\/?post_type=product&#038;p=10714"},"modified":"2026-04-07T13:29:37","modified_gmt":"2026-04-07T11:29:37","slug":"apkaisa-sleptas-olas","status":"publish","type":"product","link":"https:\/\/candeebaar.ee\/lv\/veikals\/apkaisa-sleptas-olas\/","title":{"rendered":"Smidzin\u0101t\u0101ji \u201cSl\u0113pt\u0101s olas\u201d 45g"},"content":{"rendered":"<p>Smidzin\u0101t\u0101ji desertu dekor\u0113\u0161anai. Bumbi\u0146\u0101m ir m\u012bksta \u0161okol\u0101des pamatne.<br \/>\nSvars: 45g<br \/>\nCukurs, ciete (kukur\u016bza), augu tauki (palmu e\u013c\u013ca), glikozes s\u012brups, dekstroze, maltodekstr\u012bns, kr\u0101svielas (E100, E102*, E133, E160a, E162), aromatiz\u0113t\u0101ji, glaz\u016bras viela (E903, E904), biezin\u0101t\u0101js (E414), izdal\u012bt\u0101js (0) (bE4) emulgators (0). Var satur\u0113t p\u0113das\u00a0<strong>GLUTENS<\/strong>,\u00a0<strong>RIEKSTI<\/strong>,\u00a0<strong>SOJAS<\/strong>\u00a0un\u00a0<strong>PIENS<\/strong>. *&quot;E102: var nelabv\u0113l\u012bgi ietekm\u0113t b\u0113rnu aktivit\u0101ti un uzman\u012bbu&quot;.<br \/>\nSast\u0101vs uz 100 g:<br \/>\nkcal: 383; kj: 1604; tauki: 0,5 g; no tiem pies\u0101tin\u0101t\u0101s tauksk\u0101bes: 0,5g; og\u013chidr\u0101ti: 91,3g; no tiem cukuri: 61,2g; olbaltumvielas: 0,3g; s\u0101ls: 0,1 g<\/p>\n<p>Nav piem\u0113rots b\u0113rniem l\u012bdz 3 gadu vecumam.<br \/>\nRa\u017eot\u0101js: V\u0101cija<br \/>\nDer\u012bguma termi\u0146\u0161: 2028. gada augusts<\/p>","protected":false},"excerpt":{"rendered":"<p>Smidzin\u0101t\u0101ji desertu dekor\u0113\u0161anai. Bumbi\u0146\u0101m ir m\u012bksta \u0161okol\u0101des pamatne. Svars: 45g Cukurs, ciete (kukur\u016bza), augu tauki (palmu e\u013c\u013ca), glikozes s\u012brups, dekstroze, maltodekstr\u012bns, kr\u0101svielas (E100, E102*, E133, E160a, E162), aromatiz\u0113t\u0101js, glaz\u016bra (E903, E904), biezin\u0101t\u0101js (E4) emulsieris (4) (E470b). Var satur\u0113t GLUT\u0112NA, RIEKSTI, SOJAS un PIENA p\u0113das. *\u201dE102: var negat\u012bvi ietekm\u0113t aktivit\u0101ti [\u2026]<\/p>","protected":false},"featured_media":10680,"template":"","meta":{"_seopress_robots_primary_cat":"none","_seopress_titles_title":"","_seopress_titles_desc":"","_seopress_robots_index":""},"product_brand":[],"product_cat":[178,15,104],"product_tag":[175],"class_list":{"0":"post-10714","1":"product","2":"type-product","3":"status-publish","4":"has-post-thumbnail","6":"product_cat-easter-products","7":"product_cat-all-products","8":"product_cat-sprinkles","9":"product_tag-easter","11":"first","12":"instock","13":"taxable","14":"shipping-taxable","15":"purchasable","16":"product-type-simple"},"_links":{"self":[{"href":"https:\/\/candeebaar.ee\/lv\/wp-json\/wp\/v2\/product\/10714","targetHints":{"allow":["GET"]}}],"collection":[{"href":"https:\/\/candeebaar.ee\/lv\/wp-json\/wp\/v2\/product"}],"about":[{"href":"https:\/\/candeebaar.ee\/lv\/wp-json\/wp\/v2\/types\/product"}],"version-history":[{"count":3,"href":"https:\/\/candeebaar.ee\/lv\/wp-json\/wp\/v2\/product\/10714\/revisions"}],"predecessor-version":[{"id":15823,"href":"https:\/\/candeebaar.ee\/lv\/wp-json\/wp\/v2\/product\/10714\/revisions\/15823"}],"wp:featuredmedia":[{"embeddable":true,"href":"https:\/\/candeebaar.ee\/lv\/wp-json\/wp\/v2\/media\/10680"}],"wp:attachment":[{"href":"https:\/\/candeebaar.ee\/lv\/wp-json\/wp\/v2\/media?parent=10714"}],"wp:term":[{"taxonomy":"product_brand","embeddable":true,"href":"https:\/\/candeebaar.ee\/lv\/wp-json\/wp\/v2\/product_brand?post=10714"},{"taxonomy":"product_cat","embeddable":true,"href":"https:\/\/candeebaar.ee\/lv\/wp-json\/wp\/v2\/product_cat?post=10714"},{"taxonomy":"product_tag","embeddable":true,"href":"https:\/\/candeebaar.ee\/lv\/wp-json\/wp\/v2\/product_tag?post=10714"}],"curies":[{"name":"wp","href":"https:\/\/api.w.org\/{rel}","templated":true}]}}