{"id":10717,"date":"2025-02-26T10:46:38","date_gmt":"2025-02-26T08:46:38","guid":{"rendered":"https:\/\/candeebaar.ee\/?post_type=product&#038;p=10717"},"modified":"2025-05-02T08:49:29","modified_gmt":"2025-05-02T06:49:29","slug":"apkaisa-paipalu-olas-reali","status":"publish","type":"product","link":"https:\/\/candeebaar.ee\/lv\/veikals\/apkaisa-paipalu-olas-reali\/","title":{"rendered":"Smidzin\u0101t\u0101ji \u201cPaipalu olas\u201d 45g"},"content":{"rendered":"<p>Smidzin\u0101t\u0101ji desertu dekor\u0113\u0161anai. Ol\u0101m (20*25mm) ir m\u012bksta un gar\u0161\u012bga \u0161okol\u0101des\/marcip\u0101na pamatne.<br \/>\nSvars: 45g (+-3g)<br \/>\nCukurs, kakao sviests, kakao masa, vesels\u00a0<strong>PIENS<\/strong>\u00a0pulveris,\u00a0<strong>MANDELES<\/strong>, ciete (r\u012bsi),\u00a0<strong>KR\u0112MS<\/strong>, mokas li\u0137ieris (3%), glikozes s\u012brups, amaretto li\u0137ieris (0,8%), invertcukura s\u012brups,\u00a0<strong>PIENS<\/strong>\u00a0cukurs, v\u0101jpiens\u00a0<strong>PIENS<\/strong>\u00a0pulveris,\u00a0<strong>S\u016aKALAS<\/strong>\u00a0pulveris, kr\u0101svielas (E100, E141, E172), dab\u012bgs arom\u0101ts, vani\u013cas ekstrakts, biezin\u0101t\u0101js (E414), emulgators (lecit\u012bns (<strong>SOJAS<\/strong>)), mitrin\u0101t\u0101js (invert\u0101ze), grauzd\u0113ta kafija (0,27%), augu e\u013c\u013cas (rap\u0161u s\u0113klas, kokosrieksti). Var satur\u0113t p\u0113das\u00a0<strong>GLUTENS<\/strong>,\u00a0<strong>ZEMESRIEKSTI<\/strong>\u00a0un citi\u00a0<strong>RIEKSTI<\/strong>.<br \/>\nSast\u0101vs uz 100 g:<br \/>\nkcal: 424; kj: 1783; tauki: 13,1g; no tiem pies\u0101tin\u0101t\u0101s tauksk\u0101bes: 5,9g; og\u013chidr\u0101ti: 72g; no tiem cukuri: 67g; olbaltumvielas: 3,5g; s\u0101ls: 0,1 g<\/p>\n<p>Nav piem\u0113rots b\u0113rniem l\u012bdz 3 gadu vecumam.<br \/>\nRa\u017eot\u0101js: V\u0101cija<br \/>\nDer\u012bguma termi\u0146\u0161: 2026.\u00a0gada janv\u0101ris<\/p>","protected":false},"excerpt":{"rendered":"<p>Smidzin\u0101t\u0101ji desertu dekor\u0113\u0161anai. Ol\u0101m (20*25mm) ir m\u012bksta un gar\u0161\u012bga \u0161okol\u0101des\/marcip\u0101na pamatne. Svars: 45g(+-3g) Cukurs, kakao sviests, kakao masa, pilnpiena pulveris, MANDELES, ciete (r\u012bsi), KR\u0112JUMS, mokas li\u0137ieris (3%), glikozes s\u012brups, amaretto li\u0137ieris (0,8%), invertcukura s\u012brups, PIENA cukurs, v\u0101jpiens, kr\u0101sviela (WHEY1000 E141, E172), dab\u012bgs arom\u0101ts, vani\u013cas ekstrakts, biezin\u0101t\u0101js (E414), emulgators (lecit\u012bns (SOJA)), mitrin\u0101t\u0101js (invert\u0101ze), grauzd\u0113ta kafija (0,27%), augu e\u013c\u013cas [\u2026]<\/p>","protected":false},"featured_media":10687,"template":"","meta":{"_seopress_robots_primary_cat":"none","_seopress_titles_title":"","_seopress_titles_desc":"","_seopress_robots_index":""},"product_brand":[],"product_cat":[178,15,104],"product_tag":[175],"class_list":{"0":"post-10717","1":"product","2":"type-product","3":"status-publish","4":"has-post-thumbnail","6":"product_cat-easter-products","7":"product_cat-all-products","8":"product_cat-sprinkles","9":"product_tag-easter","11":"first","12":"outofstock","13":"taxable","14":"shipping-taxable","15":"purchasable","16":"product-type-simple"},"_links":{"self":[{"href":"https:\/\/candeebaar.ee\/lv\/wp-json\/wp\/v2\/product\/10717","targetHints":{"allow":["GET"]}}],"collection":[{"href":"https:\/\/candeebaar.ee\/lv\/wp-json\/wp\/v2\/product"}],"about":[{"href":"https:\/\/candeebaar.ee\/lv\/wp-json\/wp\/v2\/types\/product"}],"version-history":[{"count":2,"href":"https:\/\/candeebaar.ee\/lv\/wp-json\/wp\/v2\/product\/10717\/revisions"}],"predecessor-version":[{"id":10719,"href":"https:\/\/candeebaar.ee\/lv\/wp-json\/wp\/v2\/product\/10717\/revisions\/10719"}],"wp:featuredmedia":[{"embeddable":true,"href":"https:\/\/candeebaar.ee\/lv\/wp-json\/wp\/v2\/media\/10687"}],"wp:attachment":[{"href":"https:\/\/candeebaar.ee\/lv\/wp-json\/wp\/v2\/media?parent=10717"}],"wp:term":[{"taxonomy":"product_brand","embeddable":true,"href":"https:\/\/candeebaar.ee\/lv\/wp-json\/wp\/v2\/product_brand?post=10717"},{"taxonomy":"product_cat","embeddable":true,"href":"https:\/\/candeebaar.ee\/lv\/wp-json\/wp\/v2\/product_cat?post=10717"},{"taxonomy":"product_tag","embeddable":true,"href":"https:\/\/candeebaar.ee\/lv\/wp-json\/wp\/v2\/product_tag?post=10717"}],"curies":[{"name":"wp","href":"https:\/\/api.w.org\/{rel}","templated":true}]}}