{"id":10720,"date":"2025-02-26T10:57:24","date_gmt":"2025-02-26T08:57:24","guid":{"rendered":"https:\/\/candeebaar.ee\/?post_type=product&#038;p=10720"},"modified":"2026-04-07T13:29:37","modified_gmt":"2026-04-07T11:29:37","slug":"apkaisa-paipalu-olas-pastelis","status":"publish","type":"product","link":"https:\/\/candeebaar.ee\/lv\/veikals\/apkaisa-paipalu-olas-pastelis\/","title":{"rendered":"Smidzin\u0101\u0161anas \u201cPaipalu olu paste\u013ckr\u0101sa\u201d 50g"},"content":{"rendered":"<p>Desertu dekor\u0113\u0161anai paredz\u0113tas p\u0101rslas. Ol\u0101m (apm. 20*25mm, 6gab.) ir m\u012bksta un garda \u0161okol\u0101des\/marcip\u0101na pamatne.<br \/>\nSvars: 50 g (+-3 g)<\/p>\n<p>Cukurs, kakao sviests, kakao masa, vesels\u00a0<strong>PIENS<\/strong>\u00a0pulveris,\u00a0<strong>MANDELES<\/strong>, ciete (r\u012bsi),\u00a0<strong>KR\u0112MS<\/strong>, \u0161ampanie\u0161a \u010dagas (5%), glikozes s\u012brups, amaretto li\u0137ieris (0,8%), invertcukura s\u012brups,\u00a0<strong>PIENS<\/strong>\u00a0cukurs, v\u0101jpiens\u00a0<strong>PIENS<\/strong>\u00a0pulveris,\u00a0<strong>S\u016aKALAS<\/strong>\u00a0pulveris, kr\u0101svielas (E100, E120, E132, E141, E172), dab\u012bgs arom\u0101ts, vani\u013cas ekstrakts, biezin\u0101t\u0101js (E414, E466), emulgators (lecit\u012bns (<strong>SOJAS<\/strong>)), mitrin\u0101t\u0101js (invert\u0101ze), augu e\u013c\u013cas (rap\u0161u s\u0113klas, kokosrieksti). Var satur\u0113t p\u0113das\u00a0<strong>GLUTENS<\/strong>,\u00a0<strong>ZEMESRIEKSTI<\/strong>\u00a0un citi\u00a0<strong>RIEKSTI<\/strong>.<br \/>\nSast\u0101vs uz 100 g:<br \/>\nkcal: 425; kj: 1790; tauki: 13,1g; no tiem pies\u0101tin\u0101t\u0101s tauksk\u0101bes: 5,9g; og\u013chidr\u0101ti: 72,5g; no tiem cukuri: 67,5g; olbaltumvielas: 3,6g; s\u0101ls: 0,1 g<\/p>\n<p>Nav piem\u0113rots b\u0113rniem l\u012bdz 3 gadu vecumam.<br \/>\nRa\u017eot\u0101js: V\u0101cija<br \/>\nDer\u012bguma termi\u0146\u0161: 2027. gada decembris<\/p>","protected":false},"excerpt":{"rendered":"<p>Desertu dekor\u0113\u0161anai paredz\u0113tas p\u0101rslas. Ol\u0101m (apm. 20*25mm, 6gab.) ir m\u012bksta un garda \u0161okol\u0101des\/marcip\u0101na pamatne. Svars: 50g(+-3g) Cukurs, kakao sviests, kakao masa, pilnpiena pulveris, MANDELES, ciete (r\u012bsi), KR\u0112JUMS, \u0161ampanie\u0161a izspaidas (5%), glikozes s\u012brups, amaretto li\u0137ieris (0,8%), invertcukura s\u012brups, PIENA cukurs, v\u0101jpiena pulveris, S\u016aKALU pulveris, kr\u0101sviela (E100, E120, E132, E141, E172), dab\u012bgs aromatiz\u0113t\u0101js, vani\u013cas ekstrakts, biezin\u0101t\u0101js (E414, E466), emulgators (lecit\u012bns (SOJA)), mitrumuztur\u0113t\u0101js [\u2026]<\/p>","protected":false},"featured_media":15515,"template":"","meta":{"_seopress_robots_primary_cat":"none","_seopress_titles_title":"","_seopress_titles_desc":"","_seopress_robots_index":""},"product_brand":[],"product_cat":[178,15,104,109],"product_tag":[175],"class_list":{"0":"post-10720","1":"product","2":"type-product","3":"status-publish","4":"has-post-thumbnail","6":"product_cat-easter-products","7":"product_cat-all-products","8":"product_cat-sprinkles","9":"product_cat-sale","10":"product_tag-easter","12":"first","13":"instock","14":"sale","15":"taxable","16":"shipping-taxable","17":"purchasable","18":"product-type-simple"},"_links":{"self":[{"href":"https:\/\/candeebaar.ee\/lv\/wp-json\/wp\/v2\/product\/10720","targetHints":{"allow":["GET"]}}],"collection":[{"href":"https:\/\/candeebaar.ee\/lv\/wp-json\/wp\/v2\/product"}],"about":[{"href":"https:\/\/candeebaar.ee\/lv\/wp-json\/wp\/v2\/types\/product"}],"version-history":[{"count":4,"href":"https:\/\/candeebaar.ee\/lv\/wp-json\/wp\/v2\/product\/10720\/revisions"}],"predecessor-version":[{"id":15516,"href":"https:\/\/candeebaar.ee\/lv\/wp-json\/wp\/v2\/product\/10720\/revisions\/15516"}],"wp:featuredmedia":[{"embeddable":true,"href":"https:\/\/candeebaar.ee\/lv\/wp-json\/wp\/v2\/media\/15515"}],"wp:attachment":[{"href":"https:\/\/candeebaar.ee\/lv\/wp-json\/wp\/v2\/media?parent=10720"}],"wp:term":[{"taxonomy":"product_brand","embeddable":true,"href":"https:\/\/candeebaar.ee\/lv\/wp-json\/wp\/v2\/product_brand?post=10720"},{"taxonomy":"product_cat","embeddable":true,"href":"https:\/\/candeebaar.ee\/lv\/wp-json\/wp\/v2\/product_cat?post=10720"},{"taxonomy":"product_tag","embeddable":true,"href":"https:\/\/candeebaar.ee\/lv\/wp-json\/wp\/v2\/product_tag?post=10720"}],"curies":[{"name":"wp","href":"https:\/\/api.w.org\/{rel}","templated":true}]}}