{"id":10741,"date":"2025-02-26T16:57:51","date_gmt":"2025-02-26T14:57:51","guid":{"rendered":"https:\/\/candeebaar.ee\/?post_type=product&#038;p=10741"},"modified":"2026-04-13T07:56:26","modified_gmt":"2026-04-13T05:56:26","slug":"davanu-kastite-18124-sarkana","status":"publish","type":"product","link":"https:\/\/candeebaar.ee\/lv\/veikals\/davanu-kastite-18124-sarkana\/","title":{"rendered":"D\u0101vanu kast\u012bte 18*12*4cm Sarkana"},"content":{"rendered":"<p>Skaista kartona kaste ar caursp\u012bd\u012bgu v\u0101ku.<br \/>\nPiez\u012bme: v\u0101ks atrodas kastes iek\u0161pus\u0113<br \/>\nKr\u0101sa: sarkana<br \/>\nIzm\u0113rs: 178*118*40mm<\/p>","protected":false},"excerpt":{"rendered":"<p>Skaista kartona kaste ar caursp\u012bd\u012bgu v\u0101ku. Piez\u012bme: v\u0101ks iet iek\u0161\u0101 kast\u0113 Kr\u0101sa: sarkana Izm\u0113rs: 178*118*40mm<\/p>","protected":false},"featured_media":10744,"template":"","meta":{"_seopress_robots_primary_cat":"none","_seopress_titles_title":"","_seopress_titles_desc":"","_seopress_robots_index":""},"product_brand":[],"product_cat":[182,181,153,154,156,93,106],"product_tag":[],"class_list":{"0":"post-10741","1":"product","2":"type-product","3":"status-publish","4":"has-post-thumbnail","6":"product_cat-christmas","7":"product_cat-christmas-new-year","8":"product_cat-candy-boxes","9":"product_cat-different-style","10":"product_cat-low-boxes","11":"product_cat-gift-packaging","12":"product_cat-new","14":"first","15":"instock","16":"taxable","17":"shipping-taxable","18":"purchasable","19":"product-type-simple"},"_links":{"self":[{"href":"https:\/\/candeebaar.ee\/lv\/wp-json\/wp\/v2\/product\/10741","targetHints":{"allow":["GET"]}}],"collection":[{"href":"https:\/\/candeebaar.ee\/lv\/wp-json\/wp\/v2\/product"}],"about":[{"href":"https:\/\/candeebaar.ee\/lv\/wp-json\/wp\/v2\/types\/product"}],"version-history":[{"count":1,"href":"https:\/\/candeebaar.ee\/lv\/wp-json\/wp\/v2\/product\/10741\/revisions"}],"predecessor-version":[{"id":10747,"href":"https:\/\/candeebaar.ee\/lv\/wp-json\/wp\/v2\/product\/10741\/revisions\/10747"}],"wp:featuredmedia":[{"embeddable":true,"href":"https:\/\/candeebaar.ee\/lv\/wp-json\/wp\/v2\/media\/10744"}],"wp:attachment":[{"href":"https:\/\/candeebaar.ee\/lv\/wp-json\/wp\/v2\/media?parent=10741"}],"wp:term":[{"taxonomy":"product_brand","embeddable":true,"href":"https:\/\/candeebaar.ee\/lv\/wp-json\/wp\/v2\/product_brand?post=10741"},{"taxonomy":"product_cat","embeddable":true,"href":"https:\/\/candeebaar.ee\/lv\/wp-json\/wp\/v2\/product_cat?post=10741"},{"taxonomy":"product_tag","embeddable":true,"href":"https:\/\/candeebaar.ee\/lv\/wp-json\/wp\/v2\/product_tag?post=10741"}],"curies":[{"name":"wp","href":"https:\/\/api.w.org\/{rel}","templated":true}]}}