{"id":10743,"date":"2025-02-26T16:57:54","date_gmt":"2025-02-26T14:57:54","guid":{"rendered":"https:\/\/candeebaar.ee\/?post_type=product&#038;p=10743"},"modified":"2026-04-13T07:56:27","modified_gmt":"2026-04-13T05:56:27","slug":"davanu-kastite-18124-maigi-roza","status":"publish","type":"product","link":"https:\/\/candeebaar.ee\/lv\/veikals\/davanu-kastite-18124-maigi-roza\/","title":{"rendered":"D\u0101vanu kast\u012bte 18*12*4cm maigi roz\u0101"},"content":{"rendered":"<p>Skaista kartona kaste ar caursp\u012bd\u012bgu v\u0101ku.<br \/>\nPiez\u012bme: v\u0101ks atrodas kastes iek\u0161pus\u0113<br \/>\nKr\u0101sa: maigi roz\u0101<br \/>\nIzm\u0113rs: 178*118*40mm<\/p>","protected":false},"excerpt":{"rendered":"<p>Skaista kartona kaste ar caursp\u012bd\u012bgu v\u0101ku. Piez\u012bme: v\u0101ks iet iek\u0161\u0101 kast\u0113 Kr\u0101sa: maigi roz\u0101 Izm\u0113rs: 178*118*40mm<\/p>","protected":false},"featured_media":10746,"template":"","meta":{"_seopress_robots_primary_cat":"none","_seopress_titles_title":"","_seopress_titles_desc":"","_seopress_robots_index":""},"product_brand":[],"product_cat":[153,154,156,93,106],"product_tag":[],"class_list":{"0":"post-10743","1":"product","2":"type-product","3":"status-publish","4":"has-post-thumbnail","6":"product_cat-candy-boxes","7":"product_cat-different-style","8":"product_cat-low-boxes","9":"product_cat-gift-packaging","10":"product_cat-new","12":"first","13":"outofstock","14":"taxable","15":"shipping-taxable","16":"purchasable","17":"product-type-simple"},"_links":{"self":[{"href":"https:\/\/candeebaar.ee\/lv\/wp-json\/wp\/v2\/product\/10743","targetHints":{"allow":["GET"]}}],"collection":[{"href":"https:\/\/candeebaar.ee\/lv\/wp-json\/wp\/v2\/product"}],"about":[{"href":"https:\/\/candeebaar.ee\/lv\/wp-json\/wp\/v2\/types\/product"}],"version-history":[{"count":1,"href":"https:\/\/candeebaar.ee\/lv\/wp-json\/wp\/v2\/product\/10743\/revisions"}],"predecessor-version":[{"id":10749,"href":"https:\/\/candeebaar.ee\/lv\/wp-json\/wp\/v2\/product\/10743\/revisions\/10749"}],"wp:featuredmedia":[{"embeddable":true,"href":"https:\/\/candeebaar.ee\/lv\/wp-json\/wp\/v2\/media\/10746"}],"wp:attachment":[{"href":"https:\/\/candeebaar.ee\/lv\/wp-json\/wp\/v2\/media?parent=10743"}],"wp:term":[{"taxonomy":"product_brand","embeddable":true,"href":"https:\/\/candeebaar.ee\/lv\/wp-json\/wp\/v2\/product_brand?post=10743"},{"taxonomy":"product_cat","embeddable":true,"href":"https:\/\/candeebaar.ee\/lv\/wp-json\/wp\/v2\/product_cat?post=10743"},{"taxonomy":"product_tag","embeddable":true,"href":"https:\/\/candeebaar.ee\/lv\/wp-json\/wp\/v2\/product_tag?post=10743"}],"curies":[{"name":"wp","href":"https:\/\/api.w.org\/{rel}","templated":true}]}}