{"id":10779,"date":"2025-02-27T10:46:45","date_gmt":"2025-02-27T08:46:45","guid":{"rendered":"https:\/\/candeebaar.ee\/?post_type=product&#038;p=10779"},"modified":"2026-03-31T07:07:36","modified_gmt":"2026-03-31T05:07:36","slug":"davanu-kastite-2020-6-sirds","status":"publish","type":"product","link":"https:\/\/candeebaar.ee\/lv\/veikals\/davanu-kastite-2020-6-sirds\/","title":{"rendered":"Deserta kast\u012bte \u201cSirds\u201d 20*20*6cm"},"content":{"rendered":"<p>Kaste ar caursp\u012bd\u012bgu sirds formas logu.<br \/>\nViegli saliekams.<br \/>\nIzm\u0113rs: 205*205*h60mm<br \/>\nMateri\u0101ls: kartons, plastmasa<br \/>\nKr\u0101sa: balta<\/p>","protected":false},"excerpt":{"rendered":"<p>Kaste ar caursp\u012bd\u012bgu sirds formas logu. Viegli saliekams. Izm\u0113rs: 205*205*h60mm Materi\u0101ls: kartons, plastmasa Kr\u0101sa: balta<\/p>","protected":false},"featured_media":10773,"template":"","meta":{"_seopress_robots_primary_cat":"none","_seopress_titles_title":"","_seopress_titles_desc":"","_seopress_robots_index":""},"product_brand":[],"product_cat":[183,15,152,154,93,106],"product_tag":[],"class_list":{"0":"post-10779","1":"product","2":"type-product","3":"status-publish","4":"has-post-thumbnail","6":"product_cat-valentines-day","7":"product_cat-all-products","8":"product_cat-cupcakes","9":"product_cat-different-style","10":"product_cat-gift-packaging","11":"product_cat-new","13":"first","14":"instock","15":"taxable","16":"shipping-taxable","17":"purchasable","18":"product-type-simple"},"_links":{"self":[{"href":"https:\/\/candeebaar.ee\/lv\/wp-json\/wp\/v2\/product\/10779","targetHints":{"allow":["GET"]}}],"collection":[{"href":"https:\/\/candeebaar.ee\/lv\/wp-json\/wp\/v2\/product"}],"about":[{"href":"https:\/\/candeebaar.ee\/lv\/wp-json\/wp\/v2\/types\/product"}],"version-history":[{"count":1,"href":"https:\/\/candeebaar.ee\/lv\/wp-json\/wp\/v2\/product\/10779\/revisions"}],"predecessor-version":[{"id":10781,"href":"https:\/\/candeebaar.ee\/lv\/wp-json\/wp\/v2\/product\/10779\/revisions\/10781"}],"wp:featuredmedia":[{"embeddable":true,"href":"https:\/\/candeebaar.ee\/lv\/wp-json\/wp\/v2\/media\/10773"}],"wp:attachment":[{"href":"https:\/\/candeebaar.ee\/lv\/wp-json\/wp\/v2\/media?parent=10779"}],"wp:term":[{"taxonomy":"product_brand","embeddable":true,"href":"https:\/\/candeebaar.ee\/lv\/wp-json\/wp\/v2\/product_brand?post=10779"},{"taxonomy":"product_cat","embeddable":true,"href":"https:\/\/candeebaar.ee\/lv\/wp-json\/wp\/v2\/product_cat?post=10779"},{"taxonomy":"product_tag","embeddable":true,"href":"https:\/\/candeebaar.ee\/lv\/wp-json\/wp\/v2\/product_tag?post=10779"}],"curies":[{"name":"wp","href":"https:\/\/api.w.org\/{rel}","templated":true}]}}