{"id":10784,"date":"2025-02-27T10:56:18","date_gmt":"2025-02-27T08:56:18","guid":{"rendered":"https:\/\/candeebaar.ee\/?post_type=product&#038;p=10784"},"modified":"2026-01-26T09:59:03","modified_gmt":"2026-01-26T07:59:03","slug":"mandelu-skaidinas","status":"publish","type":"product","link":"https:\/\/candeebaar.ee\/lv\/veikals\/mandelu-skaidinas\/","title":{"rendered":"Mande\u013cu skaidi\u0146as 100g"},"content":{"rendered":"<p>Neapstr\u0101d\u0101tas, nes\u0101l\u012btas mande\u013cu p\u0101rslas.<br \/>\nDabisks vesel\u012bgs produkts, kas piem\u0113rots da\u017e\u0101diem lietojumiem.<br \/>\nSast\u0101vs: mandeles 100%<br \/>\nMasa: 100g<br \/>\nSast\u0101vs uz 100 g:<br \/>\nUzturv\u0113rt\u012bba: 2528kJ\/602kcal<br \/>\nTauki (pies\u0101tin\u0101tie): 50,6\u00a0g (3,9\u00a0g)<br \/>\nOg\u013chidr\u0101ti (cukuri): 9,5 g (5 g)<br \/>\nOlbaltumvielas: 21,9g<br \/>\n\u0160\u0137iedra: 10,4g<br \/>\nS\u0101ls: 0,07 g (saturs var nedaudz at\u0161\u0137irties)<br \/>\nIzcelsme: ASV<br \/>\nDer\u012bguma termi\u0146\u0161: 22.02.2026<\/p>","protected":false},"excerpt":{"rendered":"<p>Neapstr\u0101d\u0101tas, nes\u0101l\u012btas mande\u013cu p\u0101rslas. Dabisks vesel\u012bgs produkts, kas piem\u0113rots da\u017e\u0101diem lietojumiem. Sast\u0101vs: mandeles 100% Masa: 100g Saturs uz 100g: Uzturv\u0113rt\u012bba: 2528kJ\/602kcal Tauki (pies\u0101tin\u0101tie): 50,6g (3,9g) Og\u013chidr\u0101ti (cukuri): 9,5g (5g) Olbaltumvielas: 21,0 g s\u0101ls .1:0 g. (saturs var nedaudz at\u0161\u0137irties) Izcelsme: ASV Der\u012bguma termi\u0146\u0161: 22.02.2026<\/p>","protected":false},"featured_media":10770,"template":"","meta":{"_seopress_robots_primary_cat":"none","_seopress_titles_title":"","_seopress_titles_desc":"","_seopress_robots_index":""},"product_brand":[],"product_cat":[15,101,106],"product_tag":[],"class_list":{"0":"post-10784","1":"product","2":"type-product","3":"status-publish","4":"has-post-thumbnail","6":"product_cat-all-products","7":"product_cat-nut-products","8":"product_cat-new","10":"first","11":"outofstock","12":"taxable","13":"shipping-taxable","14":"purchasable","15":"product-type-simple"},"_links":{"self":[{"href":"https:\/\/candeebaar.ee\/lv\/wp-json\/wp\/v2\/product\/10784","targetHints":{"allow":["GET"]}}],"collection":[{"href":"https:\/\/candeebaar.ee\/lv\/wp-json\/wp\/v2\/product"}],"about":[{"href":"https:\/\/candeebaar.ee\/lv\/wp-json\/wp\/v2\/types\/product"}],"version-history":[{"count":1,"href":"https:\/\/candeebaar.ee\/lv\/wp-json\/wp\/v2\/product\/10784\/revisions"}],"predecessor-version":[{"id":10786,"href":"https:\/\/candeebaar.ee\/lv\/wp-json\/wp\/v2\/product\/10784\/revisions\/10786"}],"wp:featuredmedia":[{"embeddable":true,"href":"https:\/\/candeebaar.ee\/lv\/wp-json\/wp\/v2\/media\/10770"}],"wp:attachment":[{"href":"https:\/\/candeebaar.ee\/lv\/wp-json\/wp\/v2\/media?parent=10784"}],"wp:term":[{"taxonomy":"product_brand","embeddable":true,"href":"https:\/\/candeebaar.ee\/lv\/wp-json\/wp\/v2\/product_brand?post=10784"},{"taxonomy":"product_cat","embeddable":true,"href":"https:\/\/candeebaar.ee\/lv\/wp-json\/wp\/v2\/product_cat?post=10784"},{"taxonomy":"product_tag","embeddable":true,"href":"https:\/\/candeebaar.ee\/lv\/wp-json\/wp\/v2\/product_tag?post=10784"}],"curies":[{"name":"wp","href":"https:\/\/api.w.org\/{rel}","templated":true}]}}