{"id":10788,"date":"2025-02-27T11:15:14","date_gmt":"2025-02-27T09:15:14","guid":{"rendered":"https:\/\/candeebaar.ee\/?post_type=product&#038;p=10788"},"modified":"2025-10-31T06:01:19","modified_gmt":"2025-10-31T04:01:19","slug":"kokosriekstu-skaidinas-200g","status":"publish","type":"product","link":"https:\/\/candeebaar.ee\/lv\/veikals\/kokosriekstu-skaidinas-200g\/","title":{"rendered":"Kokosriekstu skaidi\u0146as 200g"},"content":{"rendered":"<p>Kokosriekstu skaidi\u0146as (2-5mm).<br \/>\nDabisks vesel\u012bgs produkts, kas piem\u0113rots da\u017e\u0101diem lietojumiem.<br \/>\nSast\u0101vs: kokosrieksts 100%<br \/>\nMasa: 100g<br \/>\nSast\u0101vs uz 100 g:<br \/>\nUzturv\u0113rt\u012bba: 2720kJ\/661kcal<br \/>\nTauki (pies\u0101tin\u0101tie): 63,2\u00a0g (53,25\u00a0g)<br \/>\nOg\u013chidr\u0101ti (cukuri): 5,9 g (5,6 g)<br \/>\nOlbaltumvielas: 6,6 g<br \/>\n\u0160\u0137iedra: 21,1g<br \/>\nS\u0101ls: 0,07 g (saturs var nedaudz at\u0161\u0137irties)<br \/>\nIzcelsme: \u0160rilanka<br \/>\nDer\u012bguma termi\u0146\u0161: 04.2026<\/p>","protected":false},"excerpt":{"rendered":"<p>Kokosriekstu skaidi\u0146as (2-5mm). Dabisks vesel\u012bgs produkts, kas piem\u0113rots da\u017e\u0101diem lietojumiem. Sast\u0101vs: kokosrieksts 100% Masa: 100g Saturs uz 100g: Uzturv\u0113rt\u012bba: 2720kJ\/661kcal Tauki (pies\u0101tin\u0101ti): 63.2g (53.25g) Og\u013chidr\u0101ti (cukuri): 5.9g (5.6g) Olbaltumvielas.2.1:g. 0,07 g (saturs var nedaudz at\u0161\u0137irties) Izcelsme: \u0160rilanka Der\u012bguma termi\u0146\u0161: 04.2026.<\/p>","protected":false},"featured_media":10771,"template":"","meta":{"_seopress_robots_primary_cat":"none","_seopress_titles_title":"","_seopress_titles_desc":"","_seopress_robots_index":""},"product_brand":[],"product_cat":[15,101,109,106],"product_tag":[],"class_list":{"0":"post-10788","1":"product","2":"type-product","3":"status-publish","4":"has-post-thumbnail","6":"product_cat-all-products","7":"product_cat-nut-products","8":"product_cat-sale","9":"product_cat-new","11":"first","12":"outofstock","13":"sale","14":"taxable","15":"shipping-taxable","16":"purchasable","17":"product-type-simple"},"_links":{"self":[{"href":"https:\/\/candeebaar.ee\/lv\/wp-json\/wp\/v2\/product\/10788","targetHints":{"allow":["GET"]}}],"collection":[{"href":"https:\/\/candeebaar.ee\/lv\/wp-json\/wp\/v2\/product"}],"about":[{"href":"https:\/\/candeebaar.ee\/lv\/wp-json\/wp\/v2\/types\/product"}],"version-history":[{"count":3,"href":"https:\/\/candeebaar.ee\/lv\/wp-json\/wp\/v2\/product\/10788\/revisions"}],"predecessor-version":[{"id":11074,"href":"https:\/\/candeebaar.ee\/lv\/wp-json\/wp\/v2\/product\/10788\/revisions\/11074"}],"wp:featuredmedia":[{"embeddable":true,"href":"https:\/\/candeebaar.ee\/lv\/wp-json\/wp\/v2\/media\/10771"}],"wp:attachment":[{"href":"https:\/\/candeebaar.ee\/lv\/wp-json\/wp\/v2\/media?parent=10788"}],"wp:term":[{"taxonomy":"product_brand","embeddable":true,"href":"https:\/\/candeebaar.ee\/lv\/wp-json\/wp\/v2\/product_brand?post=10788"},{"taxonomy":"product_cat","embeddable":true,"href":"https:\/\/candeebaar.ee\/lv\/wp-json\/wp\/v2\/product_cat?post=10788"},{"taxonomy":"product_tag","embeddable":true,"href":"https:\/\/candeebaar.ee\/lv\/wp-json\/wp\/v2\/product_tag?post=10788"}],"curies":[{"name":"wp","href":"https:\/\/api.w.org\/{rel}","templated":true}]}}