{"id":11039,"date":"2025-03-09T10:23:50","date_gmt":"2025-03-09T08:23:50","guid":{"rendered":"https:\/\/candeebaar.ee\/?post_type=product&#038;p=11039"},"modified":"2026-01-06T19:31:01","modified_gmt":"2026-01-06T17:31:01","slug":"sprauslas-kritums-13mm","status":"publish","type":"product","link":"https:\/\/candeebaar.ee\/lv\/veikals\/sprauslas-kritums-13mm\/","title":{"rendered":"Cauru\u013cvada uzgalis Drop 13mm"},"content":{"rendered":"<p>Ner\u016bs\u0113jo\u0161\u0101 t\u0113rauda konditorejas uzgalis.<br \/>\nIzm\u0113rs: 37x25mm:<br \/>\nIzeja: d13*21mm<\/p>","protected":false},"excerpt":{"rendered":"<p>Ner\u016bs\u0113jo\u0161\u0101 t\u0113rauda konditorejas uzgalis. Izm\u0113rs: 37x25mm: Izeja: d13*21mm<\/p>","protected":false},"featured_media":11034,"template":"","meta":{"_seopress_robots_primary_cat":"none","_seopress_titles_title":"","_seopress_titles_desc":"","_seopress_robots_index":""},"product_brand":[],"product_cat":[15,122],"product_tag":[],"class_list":{"0":"post-11039","1":"product","2":"type-product","3":"status-publish","4":"has-post-thumbnail","6":"product_cat-all-products","7":"product_cat-miscellaneous","9":"first","10":"instock","11":"taxable","12":"shipping-taxable","13":"purchasable","14":"product-type-simple"},"_links":{"self":[{"href":"https:\/\/candeebaar.ee\/lv\/wp-json\/wp\/v2\/product\/11039","targetHints":{"allow":["GET"]}}],"collection":[{"href":"https:\/\/candeebaar.ee\/lv\/wp-json\/wp\/v2\/product"}],"about":[{"href":"https:\/\/candeebaar.ee\/lv\/wp-json\/wp\/v2\/types\/product"}],"version-history":[{"count":1,"href":"https:\/\/candeebaar.ee\/lv\/wp-json\/wp\/v2\/product\/11039\/revisions"}],"predecessor-version":[{"id":11041,"href":"https:\/\/candeebaar.ee\/lv\/wp-json\/wp\/v2\/product\/11039\/revisions\/11041"}],"wp:featuredmedia":[{"embeddable":true,"href":"https:\/\/candeebaar.ee\/lv\/wp-json\/wp\/v2\/media\/11034"}],"wp:attachment":[{"href":"https:\/\/candeebaar.ee\/lv\/wp-json\/wp\/v2\/media?parent=11039"}],"wp:term":[{"taxonomy":"product_brand","embeddable":true,"href":"https:\/\/candeebaar.ee\/lv\/wp-json\/wp\/v2\/product_brand?post=11039"},{"taxonomy":"product_cat","embeddable":true,"href":"https:\/\/candeebaar.ee\/lv\/wp-json\/wp\/v2\/product_cat?post=11039"},{"taxonomy":"product_tag","embeddable":true,"href":"https:\/\/candeebaar.ee\/lv\/wp-json\/wp\/v2\/product_tag?post=11039"}],"curies":[{"name":"wp","href":"https:\/\/api.w.org\/{rel}","templated":true}]}}