{"id":11056,"date":"2025-03-09T11:08:57","date_gmt":"2025-03-09T09:08:57","guid":{"rendered":"https:\/\/candeebaar.ee\/?post_type=product&#038;p=11056"},"modified":"2025-10-27T16:25:16","modified_gmt":"2025-10-27T14:25:16","slug":"apkaisa-paipalu-olas-mini","status":"publish","type":"product","link":"https:\/\/candeebaar.ee\/lv\/veikals\/apkaisa-paipalu-olas-mini\/","title":{"rendered":"Smidzin\u0101t\u0101ji \u201cMini Paipalu Olas\u201d 45g"},"content":{"rendered":"<p>Smidzin\u0101t\u0101ji desertu dekor\u0113\u0161anai. Ol\u0101m (20*15mm) ir m\u012bksta un gar\u0161\u012bga \u0161okol\u0101des pamatne.<br \/>\nSvars: 45g (+-3g)<\/p>\n<p>Sast\u0101vda\u013cas: piena \u0161okol\u0101de 70%, (cukurs, kakao sviests, v\u0101jpiena pulveris, kokos masa, s\u016bkalu pulveris (<strong>pienu<\/strong>), laktoze (<strong>pienu<\/strong>), sviesta e\u013c\u013ca (<strong>pienu<\/strong>), emulgators (<strong>sojas<\/strong>lecit\u012bni), aromatiz\u0113t\u0101js), cukurs, glaz\u016bra (sve\u0137u ar\u0101bija), r\u012bsu ciete, <strong>mie\u017eu<\/strong> iesala ekstrakts, kr\u0101svielas (antocian\u012bni, karot\u012bni, kurkum\u012bns), spirul\u012bnas koncentr\u0101ts. <strong>Var satur\u0113t zemesriekstu un citu riekstu p\u0113das<\/strong>.<br \/>\nSast\u0101vs uz 100 g:<br \/>\nkcal: 477; kj: 2006; tauki: 18 g; no tiem pies\u0101tin\u0101t\u0101s tauksk\u0101bes: 11g; og\u013chidr\u0101ti: 74; no tiem cukuri: 73g; olbaltumvielas: 3,9g; s\u0101ls: 0,21 g<\/p>\n<p>Nav piem\u0113rots b\u0113rniem l\u012bdz 3 gadu vecumam.<br \/>\nRa\u017eot\u0101js: UK<br \/>\nDer\u012bguma termi\u0146\u0161: 2025.\u00a0gada oktobris<\/p>","protected":false},"excerpt":{"rendered":"<p>Smidzin\u0101t\u0101ji desertu dekor\u0113\u0161anai. Ol\u0101m (20*15mm) ir m\u012bksta un gar\u0161\u012bga \u0161okol\u0101des pamatne. Svars: 45g(+-3g) Sast\u0101vda\u013cas: piena \u0161okol\u0101de 70%, (cukurs, kakao sviests, v\u0101jpiena pulveris, kokos masa, s\u016bkalu pulveris (piens), laktoze (piens), sviesta e\u013c\u013ca (piens), emulgators (soilecit\u012bni), aromatiz\u0113t\u0101js), cukurs, iesala glaz\u016bra, bar\u012bba kr\u0101svielas (antocian\u012bni, karot\u012bni, kurkum\u012bns), spirul\u012bnas koncentr\u0101ts. Var satur\u0113t zemesriekstu p\u0113das [\u2026]<\/p>","protected":false},"featured_media":11048,"template":"","meta":{"_seopress_robots_primary_cat":"none","_seopress_titles_title":"","_seopress_titles_desc":"","_seopress_robots_index":""},"product_brand":[],"product_cat":[178,15,104],"product_tag":[175],"class_list":{"0":"post-11056","1":"product","2":"type-product","3":"status-publish","4":"has-post-thumbnail","6":"product_cat-easter-products","7":"product_cat-all-products","8":"product_cat-sprinkles","9":"product_tag-easter","11":"first","12":"outofstock","13":"taxable","14":"shipping-taxable","15":"purchasable","16":"product-type-simple"},"_links":{"self":[{"href":"https:\/\/candeebaar.ee\/lv\/wp-json\/wp\/v2\/product\/11056","targetHints":{"allow":["GET"]}}],"collection":[{"href":"https:\/\/candeebaar.ee\/lv\/wp-json\/wp\/v2\/product"}],"about":[{"href":"https:\/\/candeebaar.ee\/lv\/wp-json\/wp\/v2\/types\/product"}],"version-history":[{"count":2,"href":"https:\/\/candeebaar.ee\/lv\/wp-json\/wp\/v2\/product\/11056\/revisions"}],"predecessor-version":[{"id":11073,"href":"https:\/\/candeebaar.ee\/lv\/wp-json\/wp\/v2\/product\/11056\/revisions\/11073"}],"wp:featuredmedia":[{"embeddable":true,"href":"https:\/\/candeebaar.ee\/lv\/wp-json\/wp\/v2\/media\/11048"}],"wp:attachment":[{"href":"https:\/\/candeebaar.ee\/lv\/wp-json\/wp\/v2\/media?parent=11056"}],"wp:term":[{"taxonomy":"product_brand","embeddable":true,"href":"https:\/\/candeebaar.ee\/lv\/wp-json\/wp\/v2\/product_brand?post=11056"},{"taxonomy":"product_cat","embeddable":true,"href":"https:\/\/candeebaar.ee\/lv\/wp-json\/wp\/v2\/product_cat?post=11056"},{"taxonomy":"product_tag","embeddable":true,"href":"https:\/\/candeebaar.ee\/lv\/wp-json\/wp\/v2\/product_tag?post=11056"}],"curies":[{"name":"wp","href":"https:\/\/api.w.org\/{rel}","templated":true}]}}