{"id":11084,"date":"2025-03-10T10:52:05","date_gmt":"2025-03-10T08:52:05","guid":{"rendered":"https:\/\/candeebaar.ee\/?post_type=product&#038;p=11084"},"modified":"2026-04-12T19:41:13","modified_gmt":"2026-04-12T17:41:13","slug":"izomalts-beneo-1000g","status":"publish","type":"product","link":"https:\/\/candeebaar.ee\/lv\/veikals\/izomalts-beneo-1000g\/","title":{"rendered":"Izomalts &quot;Beneo&quot; 1000g"},"content":{"rendered":"<p>Izomaltu izmanto karame\u013cu masas pagatavo\u0161anai.<br \/>\nTas nemaina kr\u0101su k\u0101 parastais cukurs, un to var kr\u0101sot.<br \/>\nVar izveidot neparastus dekor\u0101cijas k\u016bk\u0101m.<br \/>\nKu\u0161anas temperat\u016bra 145\u00b0C<br \/>\nLietojot karstu masu, j\u0101iev\u0113ro piesardz\u012bbas pas\u0101kumi!<br \/>\nMasa: 1000g<br \/>\n100g satur: 100g og\u013chidr\u0101tu<br \/>\n0 tauki<br \/>\n0 olbaltumvielas<br \/>\nSast\u0101vs: izomalts E953<br \/>\nDer\u012bguma termi\u0146\u0161: sk. iepakojums<br \/>\nRa\u017eot\u0101js: Beneo, V\u0101cija<\/p>","protected":false},"excerpt":{"rendered":"<p>Izomaltu izmanto karame\u013cu masas pagatavo\u0161anai. Tas nemaina kr\u0101su k\u0101 parastais cukurs, un to var kr\u0101sot. Var izveidot neparastus dekor\u0101cijas k\u016bk\u0101m. Ku\u0161anas temperat\u016bra 145\u00b0C Lietojot karstu masu, j\u0101iev\u0113ro piesardz\u012bbas pas\u0101kumi! Masa: 1000g 100g satur: 100g og\u013chidr\u0101ti 0 tauki 0 olbaltumvielas Sast\u0101vs: izomalts E953 Der\u012bguma termi\u0146\u0161: sk. iepakojums Ra\u017eot\u0101js: [\u2026]<\/p>","protected":false},"featured_media":5074,"template":"","meta":{"_seopress_robots_primary_cat":"none","_seopress_titles_title":"","_seopress_titles_desc":"","_seopress_robots_index":""},"product_brand":[],"product_cat":[182,181,15,102,106],"product_tag":[],"class_list":{"0":"post-11084","1":"product","2":"type-product","3":"status-publish","4":"has-post-thumbnail","6":"product_cat-christmas","7":"product_cat-christmas-new-year","8":"product_cat-all-products","9":"product_cat-sugars","10":"product_cat-new","12":"first","13":"instock","14":"taxable","15":"shipping-taxable","16":"purchasable","17":"product-type-simple"},"_links":{"self":[{"href":"https:\/\/candeebaar.ee\/lv\/wp-json\/wp\/v2\/product\/11084","targetHints":{"allow":["GET"]}}],"collection":[{"href":"https:\/\/candeebaar.ee\/lv\/wp-json\/wp\/v2\/product"}],"about":[{"href":"https:\/\/candeebaar.ee\/lv\/wp-json\/wp\/v2\/types\/product"}],"version-history":[{"count":2,"href":"https:\/\/candeebaar.ee\/lv\/wp-json\/wp\/v2\/product\/11084\/revisions"}],"predecessor-version":[{"id":14556,"href":"https:\/\/candeebaar.ee\/lv\/wp-json\/wp\/v2\/product\/11084\/revisions\/14556"}],"wp:featuredmedia":[{"embeddable":true,"href":"https:\/\/candeebaar.ee\/lv\/wp-json\/wp\/v2\/media\/5074"}],"wp:attachment":[{"href":"https:\/\/candeebaar.ee\/lv\/wp-json\/wp\/v2\/media?parent=11084"}],"wp:term":[{"taxonomy":"product_brand","embeddable":true,"href":"https:\/\/candeebaar.ee\/lv\/wp-json\/wp\/v2\/product_brand?post=11084"},{"taxonomy":"product_cat","embeddable":true,"href":"https:\/\/candeebaar.ee\/lv\/wp-json\/wp\/v2\/product_cat?post=11084"},{"taxonomy":"product_tag","embeddable":true,"href":"https:\/\/candeebaar.ee\/lv\/wp-json\/wp\/v2\/product_tag?post=11084"}],"curies":[{"name":"wp","href":"https:\/\/api.w.org\/{rel}","templated":true}]}}