{"id":11109,"date":"2025-03-10T16:52:05","date_gmt":"2025-03-10T14:52:05","guid":{"rendered":"https:\/\/candeebaar.ee\/?post_type=product&#038;p=11109"},"modified":"2026-04-07T21:32:06","modified_gmt":"2026-04-07T19:32:06","slug":"albumins-500-g","status":"publish","type":"product","link":"https:\/\/candeebaar.ee\/lv\/veikals\/albumins-500-g\/","title":{"rendered":"Album\u012bns 500g"},"content":{"rendered":"<p>Album\u012bns, kas paz\u012bstams ar\u012b k\u0101 olu baltuma pulveris, ir lielisks risin\u0101jums konditoriem un maizniekiem, kuri mekl\u0113 \u0113rtu un efekt\u012bvu alternat\u012bvu svaigiem olu baltumiem. Produkts ir ieg\u016bts no augst\u0101k\u0101s kvalit\u0101tes vistu ol\u0101m, kas garant\u0113 dro\u0161\u012bbu un uzticam\u012bbu katr\u0101 virtuv\u0113.<\/p>\n<p>Produkta specifik\u0101cijas:<br \/>\nSast\u0101vda\u013cas: olu baltums no sprostos tur\u0113t\u0101m c\u0101\u013ciem, E1505 trietilcitr\u0101ts (putu stabilizators)<br \/>\nOlbaltumvielu saturs: 82-86 g<br \/>\nTauku saturs: 0,1-0,3 g<br \/>\nForma: pulveris<br \/>\nIzn\u0101kums: 100 g pulvera + 900 ml \u016bdens = 1 kg \u0161\u0137idr\u0101 prote\u012bna (apm\u0113ram 34 olu baltumi)<br \/>\nPielietojums:<br \/>\n\u013boti putojo\u0161s album\u012bns ir \u013coti daudzpus\u012bgs un tiek izmantots daudz\u0101s recept\u0113s:<\/p>\n<p>Album\u012bns makaroniem \u2013 nodro\u0161ina izcilu strukt\u016bru un iztur\u012bbu<br \/>\nAlbum\u012bns bez\u0113 \u2013 rada stingras un stabilas putas<br \/>\nLieliski piem\u0113rots zef\u012briem, siltam sald\u0113jumam, kokosriekstu cepumiem, braunijum un citiem saldiem produktiem.<br \/>\nPiedeva k\u016bk\u0101m, kr\u0113miem, cepumiem, m\u0113rc\u0113m un \u0101tri pagatavojamiem desertiem.<br \/>\nGalven\u0101s priek\u0161roc\u012bbas:<br \/>\nIlgs glab\u0101\u0161anas laiks<br \/>\nDro\u0161\u012bba, izmantojot pasteriz\u0101ciju<br \/>\nViegli uzglab\u0101t un transport\u0113t<br \/>\nAugsta veiktsp\u0113ja un vietas taup\u012b\u0161ana<br \/>\nLieto\u0161anas instrukcijas:<br \/>\nLai pagatavotu \u0161\u0137idru prote\u012bnu, sajauciet pulverveida album\u012bnu ar \u016bdeni proporcij\u0101 1:9. P\u0113c iz\u0161\u0137\u012bdin\u0101\u0161anas j\u016bs ieg\u016bsit produktu ar svaiga olu baltuma \u012bpa\u0161\u012bb\u0101m.<br \/>\nRa\u017eo\u0161ana: Polija<\/p>","protected":false},"excerpt":{"rendered":"<p>Album\u012bns, kas paz\u012bstams ar\u012b k\u0101 olu baltuma pulveris, ir lielisks risin\u0101jums konditoriem un maizniekiem, kuri mekl\u0113 \u0113rtu un efekt\u012bvu alternat\u012bvu svaigiem olu baltumiem. Produkts ir ieg\u016bts no augst\u0101k\u0101s kvalit\u0101tes vistu ol\u0101m, kas garant\u0113 dro\u0161\u012bbu un uzticam\u012bbu katr\u0101 virtuv\u0113. Produkta specifik\u0101cijas: Sast\u0101vda\u013cas: olu baltums no sprostos [\u2026]<\/p>","protected":false},"featured_media":11098,"template":"","meta":{"_seopress_robots_primary_cat":"none","_seopress_titles_title":"","_seopress_titles_desc":"","_seopress_robots_index":""},"product_brand":[],"product_cat":[178,15,100,106],"product_tag":[],"class_list":{"0":"post-11109","1":"product","2":"type-product","3":"status-publish","4":"has-post-thumbnail","6":"product_cat-easter-products","7":"product_cat-all-products","8":"product_cat-thickeners","9":"product_cat-new","11":"first","12":"instock","13":"taxable","14":"shipping-taxable","15":"purchasable","16":"product-type-simple"},"_links":{"self":[{"href":"https:\/\/candeebaar.ee\/lv\/wp-json\/wp\/v2\/product\/11109","targetHints":{"allow":["GET"]}}],"collection":[{"href":"https:\/\/candeebaar.ee\/lv\/wp-json\/wp\/v2\/product"}],"about":[{"href":"https:\/\/candeebaar.ee\/lv\/wp-json\/wp\/v2\/types\/product"}],"version-history":[{"count":1,"href":"https:\/\/candeebaar.ee\/lv\/wp-json\/wp\/v2\/product\/11109\/revisions"}],"predecessor-version":[{"id":11110,"href":"https:\/\/candeebaar.ee\/lv\/wp-json\/wp\/v2\/product\/11109\/revisions\/11110"}],"wp:featuredmedia":[{"embeddable":true,"href":"https:\/\/candeebaar.ee\/lv\/wp-json\/wp\/v2\/media\/11098"}],"wp:attachment":[{"href":"https:\/\/candeebaar.ee\/lv\/wp-json\/wp\/v2\/media?parent=11109"}],"wp:term":[{"taxonomy":"product_brand","embeddable":true,"href":"https:\/\/candeebaar.ee\/lv\/wp-json\/wp\/v2\/product_brand?post=11109"},{"taxonomy":"product_cat","embeddable":true,"href":"https:\/\/candeebaar.ee\/lv\/wp-json\/wp\/v2\/product_cat?post=11109"},{"taxonomy":"product_tag","embeddable":true,"href":"https:\/\/candeebaar.ee\/lv\/wp-json\/wp\/v2\/product_tag?post=11109"}],"curies":[{"name":"wp","href":"https:\/\/api.w.org\/{rel}","templated":true}]}}