{"id":11139,"date":"2025-03-12T10:04:50","date_gmt":"2025-03-12T08:04:50","guid":{"rendered":"https:\/\/candeebaar.ee\/?post_type=product&#038;p=11139"},"modified":"2025-06-16T13:26:51","modified_gmt":"2025-06-16T11:26:51","slug":"laped-modelesanas-pasta-1000g-balta","status":"publish","type":"product","link":"https:\/\/candeebaar.ee\/lv\/veikals\/laped-modelesanas-pasta-1000g-balta\/","title":{"rendered":"Laped model\u0113\u0161anas pasta 1000g (balta)"},"content":{"rendered":"<p>Lieto\u0161anai gatava model\u0113jo\u0161\u0101 cukura pasta, viegli kr\u0101sojama ar g\u0113la vai pulverveida \u016bden\u012b \u0161\u0137\u012bsto\u0161\u0101m kr\u0101sviel\u0101m.<br \/>\nSvars: 1000g<br \/>\nSast\u0101vs: cukurs, glikozes s\u012brups, augu tauki (hidrogen\u0113ti (palmu, kokosriekstu, \u0161\u012b); kakao sviests), kartupe\u013cu ciete, kukur\u016bzas ciete, emulgators: tauksk\u0101bju monodiglicer\u012bdi E471.<br \/>\nSast\u0101vs uz 100g:<br \/>\nEner\u0123ija: 481kcal\/2015kJ<br \/>\nTauki (pies\u0101tin\u0101tie): 22,3 (21,7)g<br \/>\nKarbon\u0101ti (cukuri): 69,9 (48,1) g<br \/>\nOlbaltumvielas: 0g<br \/>\nS\u0101ls: 0 g<br \/>\nUzglab\u0101t v\u0113s\u0101, tum\u0161\u0101 viet\u0101 cie\u0161i nosl\u0113gtu.<br \/>\nDer\u012bgs pirms (partijas numurs): 07.06.2026 (24342100MB)<br \/>\nRa\u017eo\u0161ana: Laped, It\u0101lija<\/p>","protected":false},"excerpt":{"rendered":"<p>Lieto\u0161anai gatava model\u0113jo\u0161\u0101 cukura pasta, viegli kr\u0101sojama ar g\u0113la vai pulverveida \u016bden\u012b \u0161\u0137\u012bsto\u0161\u0101m kr\u0101sviel\u0101m. Svars: 1000g Sast\u0101vs: cukurs, glikozes s\u012brups, augu tauki (hidrogen\u0113ti (palmu, kokosriekstu, \u0161\u012b); kakao sviests), kartupe\u013cu ciete, kukur\u016bzas ciete, emulgators: tauksk\u0101bju monodiglicer\u012bdi E471. Saturs uz 100 g: Ener\u0123ija: 481 kcal\/2015 kJ Tauki (pies\u0101tin\u0101tie): 22,3 (21,7) g Karbon\u0101ti (cukuri): 69,9 (48,1) g Olbaltumvielas: 0 g S\u0101ls: [\u2026]<\/p>","protected":false},"featured_media":11142,"template":"","meta":{"_seopress_robots_primary_cat":"none","_seopress_titles_title":"","_seopress_titles_desc":"","_seopress_robots_index":""},"product_brand":[],"product_cat":[15,102,106],"product_tag":[],"class_list":{"0":"post-11139","1":"product","2":"type-product","3":"status-publish","4":"has-post-thumbnail","6":"product_cat-all-products","7":"product_cat-sugars","8":"product_cat-new","10":"first","11":"outofstock","12":"taxable","13":"shipping-taxable","14":"purchasable","15":"product-type-simple"},"_links":{"self":[{"href":"https:\/\/candeebaar.ee\/lv\/wp-json\/wp\/v2\/product\/11139","targetHints":{"allow":["GET"]}}],"collection":[{"href":"https:\/\/candeebaar.ee\/lv\/wp-json\/wp\/v2\/product"}],"about":[{"href":"https:\/\/candeebaar.ee\/lv\/wp-json\/wp\/v2\/types\/product"}],"version-history":[{"count":1,"href":"https:\/\/candeebaar.ee\/lv\/wp-json\/wp\/v2\/product\/11139\/revisions"}],"predecessor-version":[{"id":11143,"href":"https:\/\/candeebaar.ee\/lv\/wp-json\/wp\/v2\/product\/11139\/revisions\/11143"}],"wp:featuredmedia":[{"embeddable":true,"href":"https:\/\/candeebaar.ee\/lv\/wp-json\/wp\/v2\/media\/11142"}],"wp:attachment":[{"href":"https:\/\/candeebaar.ee\/lv\/wp-json\/wp\/v2\/media?parent=11139"}],"wp:term":[{"taxonomy":"product_brand","embeddable":true,"href":"https:\/\/candeebaar.ee\/lv\/wp-json\/wp\/v2\/product_brand?post=11139"},{"taxonomy":"product_cat","embeddable":true,"href":"https:\/\/candeebaar.ee\/lv\/wp-json\/wp\/v2\/product_cat?post=11139"},{"taxonomy":"product_tag","embeddable":true,"href":"https:\/\/candeebaar.ee\/lv\/wp-json\/wp\/v2\/product_tag?post=11139"}],"curies":[{"name":"wp","href":"https:\/\/api.w.org\/{rel}","templated":true}]}}