{"id":11433,"date":"2025-04-02T09:44:00","date_gmt":"2025-04-02T07:44:00","guid":{"rendered":"https:\/\/candeebaar.ee\/?post_type=product&#038;p=11433"},"modified":"2026-02-03T10:36:02","modified_gmt":"2026-02-03T08:36:02","slug":"kalteti-roza-rozu-pumpuri-20g","status":"publish","type":"product","link":"https:\/\/candeebaar.ee\/lv\/veikals\/kalteti-roza-rozu-pumpuri-20g\/","title":{"rendered":"\u017d\u0101v\u0113ti roz\u0101 rozes pumpuri 20g"},"content":{"rendered":"<p>Sausie ro\u017eu pumpuri, skaists dab\u012bgs produkts da\u017e\u0101diem m\u0113r\u0137iem.<br \/>\nSvars: 20g<br \/>\nZiedu izm\u0113rs: 1-2cm<br \/>\nIzcelsme: Turcija<\/p>","protected":false},"excerpt":{"rendered":"<p>Sausie ro\u017eu pumpuri, skaists dab\u012bgs produkts da\u017e\u0101diem m\u0113r\u0137iem. Svars: 20g Ziedu izm\u0113rs: 1-2cm Izcelsme: Turcija<\/p>","protected":false},"featured_media":11437,"template":"","meta":{"_seopress_robots_primary_cat":"none","_seopress_titles_title":"","_seopress_titles_desc":"","_seopress_robots_index":""},"product_brand":[],"product_cat":[183,180,15,98,106],"product_tag":[],"class_list":{"0":"post-11433","1":"product","2":"type-product","3":"status-publish","4":"has-post-thumbnail","6":"product_cat-valentines-day","7":"product_cat-wedding-products","8":"product_cat-all-products","9":"product_cat-dry-and-sublimated-products","10":"product_cat-new","12":"first","13":"outofstock","14":"taxable","15":"shipping-taxable","16":"purchasable","17":"product-type-simple"},"_links":{"self":[{"href":"https:\/\/candeebaar.ee\/lv\/wp-json\/wp\/v2\/product\/11433","targetHints":{"allow":["GET"]}}],"collection":[{"href":"https:\/\/candeebaar.ee\/lv\/wp-json\/wp\/v2\/product"}],"about":[{"href":"https:\/\/candeebaar.ee\/lv\/wp-json\/wp\/v2\/types\/product"}],"version-history":[{"count":3,"href":"https:\/\/candeebaar.ee\/lv\/wp-json\/wp\/v2\/product\/11433\/revisions"}],"predecessor-version":[{"id":11439,"href":"https:\/\/candeebaar.ee\/lv\/wp-json\/wp\/v2\/product\/11433\/revisions\/11439"}],"wp:featuredmedia":[{"embeddable":true,"href":"https:\/\/candeebaar.ee\/lv\/wp-json\/wp\/v2\/media\/11437"}],"wp:attachment":[{"href":"https:\/\/candeebaar.ee\/lv\/wp-json\/wp\/v2\/media?parent=11433"}],"wp:term":[{"taxonomy":"product_brand","embeddable":true,"href":"https:\/\/candeebaar.ee\/lv\/wp-json\/wp\/v2\/product_brand?post=11433"},{"taxonomy":"product_cat","embeddable":true,"href":"https:\/\/candeebaar.ee\/lv\/wp-json\/wp\/v2\/product_cat?post=11433"},{"taxonomy":"product_tag","embeddable":true,"href":"https:\/\/candeebaar.ee\/lv\/wp-json\/wp\/v2\/product_tag?post=11433"}],"curies":[{"name":"wp","href":"https:\/\/api.w.org\/{rel}","templated":true}]}}