{"id":11446,"date":"2025-04-02T09:54:23","date_gmt":"2025-04-02T07:54:23","guid":{"rendered":"https:\/\/candeebaar.ee\/?post_type=product&#038;p=11446"},"modified":"2026-04-02T16:26:52","modified_gmt":"2026-04-02T14:26:52","slug":"kalteti-roza-abolina-pumpuri-20g","status":"publish","type":"product","link":"https:\/\/candeebaar.ee\/lv\/veikals\/kalteti-roza-abolina-pumpuri-20g\/","title":{"rendered":"\u017d\u0101v\u0113ti roz\u0101 \u0101boli\u0146a pumpuri 15g"},"content":{"rendered":"<p>Sausie \u0101boli\u0146a pumpuri, skaists dab\u012bgs produkts da\u017e\u0101diem m\u0113r\u0137iem.<br \/>\nSvars: 15g<br \/>\nZiedu izm\u0113rs: 2 cm<br \/>\nIzcelsme: Turcija<\/p>","protected":false},"excerpt":{"rendered":"<p>Sausie \u0101boli\u0146a pumpuri, skaists dab\u012bgs produkts da\u017e\u0101diem m\u0113r\u0137iem. Svars: 15g Ziedu izm\u0113rs: 2cm Izcelsme: Turcija<\/p>","protected":false},"featured_media":11447,"template":"","meta":{"_seopress_robots_primary_cat":"none","_seopress_titles_title":"","_seopress_titles_desc":"","_seopress_robots_index":""},"product_brand":[],"product_cat":[183,180,15,98,106],"product_tag":[],"class_list":{"0":"post-11446","1":"product","2":"type-product","3":"status-publish","4":"has-post-thumbnail","6":"product_cat-valentines-day","7":"product_cat-wedding-products","8":"product_cat-all-products","9":"product_cat-dry-and-sublimated-products","10":"product_cat-new","12":"first","13":"instock","14":"taxable","15":"shipping-taxable","16":"purchasable","17":"product-type-simple"},"_links":{"self":[{"href":"https:\/\/candeebaar.ee\/lv\/wp-json\/wp\/v2\/product\/11446","targetHints":{"allow":["GET"]}}],"collection":[{"href":"https:\/\/candeebaar.ee\/lv\/wp-json\/wp\/v2\/product"}],"about":[{"href":"https:\/\/candeebaar.ee\/lv\/wp-json\/wp\/v2\/types\/product"}],"version-history":[{"count":2,"href":"https:\/\/candeebaar.ee\/lv\/wp-json\/wp\/v2\/product\/11446\/revisions"}],"predecessor-version":[{"id":11458,"href":"https:\/\/candeebaar.ee\/lv\/wp-json\/wp\/v2\/product\/11446\/revisions\/11458"}],"wp:featuredmedia":[{"embeddable":true,"href":"https:\/\/candeebaar.ee\/lv\/wp-json\/wp\/v2\/media\/11447"}],"wp:attachment":[{"href":"https:\/\/candeebaar.ee\/lv\/wp-json\/wp\/v2\/media?parent=11446"}],"wp:term":[{"taxonomy":"product_brand","embeddable":true,"href":"https:\/\/candeebaar.ee\/lv\/wp-json\/wp\/v2\/product_brand?post=11446"},{"taxonomy":"product_cat","embeddable":true,"href":"https:\/\/candeebaar.ee\/lv\/wp-json\/wp\/v2\/product_cat?post=11446"},{"taxonomy":"product_tag","embeddable":true,"href":"https:\/\/candeebaar.ee\/lv\/wp-json\/wp\/v2\/product_tag?post=11446"}],"curies":[{"name":"wp","href":"https:\/\/api.w.org\/{rel}","templated":true}]}}