{"id":11455,"date":"2025-04-02T10:13:01","date_gmt":"2025-04-02T08:13:01","guid":{"rendered":"https:\/\/candeebaar.ee\/?post_type=product&#038;p=11455"},"modified":"2026-04-02T16:26:52","modified_gmt":"2026-04-02T14:26:52","slug":"kaltetas-savvalas-saulespukes-15g","status":"publish","type":"product","link":"https:\/\/candeebaar.ee\/lv\/veikals\/kaltetas-savvalas-saulespukes-15g\/","title":{"rendered":"\u017d\u0101v\u0113tas savva\u013cas saulespu\u0137es 15g"},"content":{"rendered":"<p>Sausas savva\u013cas saulespu\u0137es, skaists dab\u012bgs produkts da\u017e\u0101diem m\u0113r\u0137iem.<br \/>\nSvars: 15g<br \/>\nZiedu izm\u0113rs: 3-5cm<br \/>\nIzcelsme: Turcija<\/p>","protected":false},"excerpt":{"rendered":"<p>Sausas savva\u013cas saulespu\u0137es, skaists dab\u012bgs produkts da\u017e\u0101diem m\u0113r\u0137iem. Svars: 15g Ziedu izm\u0113rs: 3-5cm Izcelsme: Turcija<\/p>","protected":false},"featured_media":11459,"template":"","meta":{"_seopress_robots_primary_cat":"none","_seopress_titles_title":"","_seopress_titles_desc":"","_seopress_robots_index":""},"product_brand":[],"product_cat":[180,15,98,106],"product_tag":[],"class_list":{"0":"post-11455","1":"product","2":"type-product","3":"status-publish","4":"has-post-thumbnail","6":"product_cat-wedding-products","7":"product_cat-all-products","8":"product_cat-dry-and-sublimated-products","9":"product_cat-new","11":"first","12":"instock","13":"taxable","14":"shipping-taxable","15":"purchasable","16":"product-type-simple"},"_links":{"self":[{"href":"https:\/\/candeebaar.ee\/lv\/wp-json\/wp\/v2\/product\/11455","targetHints":{"allow":["GET"]}}],"collection":[{"href":"https:\/\/candeebaar.ee\/lv\/wp-json\/wp\/v2\/product"}],"about":[{"href":"https:\/\/candeebaar.ee\/lv\/wp-json\/wp\/v2\/types\/product"}],"version-history":[{"count":1,"href":"https:\/\/candeebaar.ee\/lv\/wp-json\/wp\/v2\/product\/11455\/revisions"}],"predecessor-version":[{"id":11460,"href":"https:\/\/candeebaar.ee\/lv\/wp-json\/wp\/v2\/product\/11455\/revisions\/11460"}],"wp:featuredmedia":[{"embeddable":true,"href":"https:\/\/candeebaar.ee\/lv\/wp-json\/wp\/v2\/media\/11459"}],"wp:attachment":[{"href":"https:\/\/candeebaar.ee\/lv\/wp-json\/wp\/v2\/media?parent=11455"}],"wp:term":[{"taxonomy":"product_brand","embeddable":true,"href":"https:\/\/candeebaar.ee\/lv\/wp-json\/wp\/v2\/product_brand?post=11455"},{"taxonomy":"product_cat","embeddable":true,"href":"https:\/\/candeebaar.ee\/lv\/wp-json\/wp\/v2\/product_cat?post=11455"},{"taxonomy":"product_tag","embeddable":true,"href":"https:\/\/candeebaar.ee\/lv\/wp-json\/wp\/v2\/product_tag?post=11455"}],"curies":[{"name":"wp","href":"https:\/\/api.w.org\/{rel}","templated":true}]}}