{"id":11495,"date":"2025-04-03T18:30:23","date_gmt":"2025-04-03T16:30:23","guid":{"rendered":"https:\/\/candeebaar.ee\/?post_type=product&#038;p=11495"},"modified":"2026-03-04T15:26:08","modified_gmt":"2026-03-04T13:26:08","slug":"balts-tortes-delis-24-3mm","status":"publish","type":"product","link":"https:\/\/candeebaar.ee\/lv\/veikals\/balts-tortes-delis-24-3mm\/","title":{"rendered":"White Cake Board 24cm*3mm"},"content":{"rendered":"<p>Apa\u013ca pamatne no bl\u012bva pastiprin\u0101ta kartona, mitrumiztur\u012bga un taukiztur\u012bga.<br \/>\nKr\u0101sa: balta<br \/>\nDiametrs: 236 mm<br \/>\nBiezums: 3mm<\/p>","protected":false},"excerpt":{"rendered":"<p>Apa\u013ca pamatne izgatavota no bl\u012bva, pastiprin\u0101ta kartona, mitrumiztur\u012bga un taukiem iztur\u012bga. Kr\u0101sa: balta. Diametrs: 236 mm. Biezums: 3 mm.<\/p>","protected":false},"featured_media":7250,"template":"","meta":{"_seopress_robots_primary_cat":"none","_seopress_titles_title":"","_seopress_titles_desc":"","_seopress_robots_index":""},"product_brand":[],"product_cat":[15,143,106],"product_tag":[],"class_list":{"0":"post-11495","1":"product","2":"type-product","3":"status-publish","4":"has-post-thumbnail","6":"product_cat-all-products","7":"product_cat-24cm","8":"product_cat-new","10":"first","11":"outofstock","12":"taxable","13":"shipping-taxable","14":"purchasable","15":"product-type-simple"},"_links":{"self":[{"href":"https:\/\/candeebaar.ee\/lv\/wp-json\/wp\/v2\/product\/11495","targetHints":{"allow":["GET"]}}],"collection":[{"href":"https:\/\/candeebaar.ee\/lv\/wp-json\/wp\/v2\/product"}],"about":[{"href":"https:\/\/candeebaar.ee\/lv\/wp-json\/wp\/v2\/types\/product"}],"version-history":[{"count":2,"href":"https:\/\/candeebaar.ee\/lv\/wp-json\/wp\/v2\/product\/11495\/revisions"}],"predecessor-version":[{"id":15056,"href":"https:\/\/candeebaar.ee\/lv\/wp-json\/wp\/v2\/product\/11495\/revisions\/15056"}],"wp:featuredmedia":[{"embeddable":true,"href":"https:\/\/candeebaar.ee\/lv\/wp-json\/wp\/v2\/media\/7250"}],"wp:attachment":[{"href":"https:\/\/candeebaar.ee\/lv\/wp-json\/wp\/v2\/media?parent=11495"}],"wp:term":[{"taxonomy":"product_brand","embeddable":true,"href":"https:\/\/candeebaar.ee\/lv\/wp-json\/wp\/v2\/product_brand?post=11495"},{"taxonomy":"product_cat","embeddable":true,"href":"https:\/\/candeebaar.ee\/lv\/wp-json\/wp\/v2\/product_cat?post=11495"},{"taxonomy":"product_tag","embeddable":true,"href":"https:\/\/candeebaar.ee\/lv\/wp-json\/wp\/v2\/product_tag?post=11495"}],"curies":[{"name":"wp","href":"https:\/\/api.w.org\/{rel}","templated":true}]}}