{"id":11539,"date":"2025-04-07T08:16:29","date_gmt":"2025-04-07T06:16:29","guid":{"rendered":"https:\/\/candeebaar.ee\/?post_type=product&#038;p=11539"},"modified":"2025-05-02T08:50:23","modified_gmt":"2025-05-02T06:50:23","slug":"kirsu-sukades-100-g-sallistelta","status":"publish","type":"product","link":"https:\/\/candeebaar.ee\/lv\/veikals\/kirsu-sukades-100-g-sallistelta\/","title":{"rendered":"\u0136ir\u0161u suk\u0101des 100 g Sallistelta"},"content":{"rendered":"<div dir=\"auto\">Sast\u0101vs: \u0137ir\u0161i, glikozes-fruktozes s\u012brups, cukurs, kr\u0101sviela E330, kr\u0101svielas E150a, E133, sk\u0101buma regul\u0113t\u0101js E330, konservants (S\u0112RA DIOKS\u012aDS). Var satur\u0113t \u0137ir\u0161u kauli\u0146us.<\/div>\n<div dir=\"auto\">\n<div dir=\"auto\">Uzturv\u0113rt\u012bba uz 100 g:<\/div>\n<div dir=\"auto\">Ener\u0123ija: 1313 kJ \/ 314 kcal<\/div>\n<div dir=\"auto\">Tauki: 0 g<br \/>\nOg\u013chidr\u0101ti: 78 g, no tiem cukurs 70 g<br \/>\n\u0160\u0137iedra: 1 g<\/div>\n<div dir=\"auto\">Olbaltumvielas: 0 g<br \/>\nS\u0101ls: 0,02g<br \/>\nRa\u017eot\u0101js: Salliselta, N\u012bderlande<\/div>\n<\/div>","protected":false},"excerpt":{"rendered":"<p>Ingredients: cherries, glucose-fructose syrup, sugar, colouring agent E330, colours E150a, E133, acidity regulator E330, preservative (SULPHUR DIOXIDE). May contain cherry stones. Nutritional value per 100 g: Energy: 1313 kJ \/ 314 kcal Fat: 0g Carbohydrates: 78 g of which sugar 70 g Fiber: 1 g Protein: 0 g Salt: 0,02g Manufacturer: Salliselta, Netherlands<\/p>","protected":false},"featured_media":11540,"template":"","meta":{"_seopress_robots_primary_cat":"none","_seopress_titles_title":"","_seopress_titles_desc":"","_seopress_robots_index":""},"product_brand":[],"product_cat":[178,15,98],"product_tag":[],"class_list":{"0":"post-11539","1":"product","2":"type-product","3":"status-publish","4":"has-post-thumbnail","6":"product_cat-easter-products","7":"product_cat-all-products","8":"product_cat-dry-and-sublimated-products","10":"first","11":"outofstock","12":"taxable","13":"shipping-taxable","14":"purchasable","15":"product-type-simple"},"_links":{"self":[{"href":"https:\/\/candeebaar.ee\/lv\/wp-json\/wp\/v2\/product\/11539","targetHints":{"allow":["GET"]}}],"collection":[{"href":"https:\/\/candeebaar.ee\/lv\/wp-json\/wp\/v2\/product"}],"about":[{"href":"https:\/\/candeebaar.ee\/lv\/wp-json\/wp\/v2\/types\/product"}],"version-history":[{"count":2,"href":"https:\/\/candeebaar.ee\/lv\/wp-json\/wp\/v2\/product\/11539\/revisions"}],"predecessor-version":[{"id":11543,"href":"https:\/\/candeebaar.ee\/lv\/wp-json\/wp\/v2\/product\/11539\/revisions\/11543"}],"wp:featuredmedia":[{"embeddable":true,"href":"https:\/\/candeebaar.ee\/lv\/wp-json\/wp\/v2\/media\/11540"}],"wp:attachment":[{"href":"https:\/\/candeebaar.ee\/lv\/wp-json\/wp\/v2\/media?parent=11539"}],"wp:term":[{"taxonomy":"product_brand","embeddable":true,"href":"https:\/\/candeebaar.ee\/lv\/wp-json\/wp\/v2\/product_brand?post=11539"},{"taxonomy":"product_cat","embeddable":true,"href":"https:\/\/candeebaar.ee\/lv\/wp-json\/wp\/v2\/product_cat?post=11539"},{"taxonomy":"product_tag","embeddable":true,"href":"https:\/\/candeebaar.ee\/lv\/wp-json\/wp\/v2\/product_tag?post=11539"}],"curies":[{"name":"wp","href":"https:\/\/api.w.org\/{rel}","templated":true}]}}