{"id":11634,"date":"2025-04-09T13:19:55","date_gmt":"2025-04-09T11:19:55","guid":{"rendered":"https:\/\/candeebaar.ee\/?post_type=product&#038;p=11634"},"modified":"2025-05-03T13:46:54","modified_gmt":"2025-05-03T11:46:54","slug":"smidzinajumi-donut-rush-45g","status":"publish","type":"product","link":"https:\/\/candeebaar.ee\/lv\/veikals\/smidzinajumi-donut-rush-45g\/","title":{"rendered":"Smidzin\u0101t\u0101ji \u201cDonut Rush\u201d 45g"},"content":{"rendered":"<p>Smidzin\u0101t\u0101jus sajauc.<\/p>\n<p>Cukurs, ciete (<strong>KVIE\u0160I<\/strong>, kukur\u016bza, kartupe\u013ci, r\u012bsi), milti (r\u012bsi),\u00a0<strong>KVIE\u0160I<\/strong>\u00a0manna, augu e\u013c\u013cas (rap\u0161u s\u0113klas, piln\u012bb\u0101 hidrogen\u0113tas rap\u0161u s\u0113klas, kokosrieksti), glikozes s\u012brups, dekstroze, maltodekstr\u012bns, vesels\u00a0<strong>PIENS<\/strong>\u00a0pulveris, kakao sviests, kakao masa, kr\u0101svielas (E100, E102*, E120, E133), p\u0101rtikas kr\u0101sviela (\u0101bolu, upe\u0146u, red\u012bsu koncentr\u0101ts), aromatiz\u0113t\u0101js, dab\u012bg\u0101 vani\u013cas gar\u0161a, glaz\u016bra (E901, E903, E904), biezin\u0101t\u0101js (E414), pl\u016bsto\u0161s emulsieris\u00a0<strong>SOJAS<\/strong>), E473), atbr\u012bvo\u0161anas l\u012bdzeklis (E470b, E553b). Var satur\u0113t p\u0113das\u00a0<strong>RIEKSTI<\/strong>. *&quot;E102: var nelabv\u0113l\u012bgi ietekm\u0113t b\u0113rnu aktivit\u0101ti un uzman\u012bbu&quot;.<\/p>\n<p>Uztura fakti uz 100g:<\/p>\n<p>kcal: 414; kj: 1748; tauki: 5,5 g; no tiem pies\u0101tin\u0101t\u0101s tauksk\u0101bes: 3,4g; og\u013chidr\u0101ti: 88,4g; no tiem cukuri: 70,6g; olbaltumvielas: 1,5g; s\u0101ls: 0,1 g<\/p>\n<p>Nav piem\u0113rots b\u0113rniem l\u012bdz 3 gadu vecumam. Da\u017ei elementi var b\u016bt gr\u016bti zobiem.<br \/>\nRa\u017eot\u0101js: V\u0101cija<br \/>\nDer\u012bguma termi\u0146\u0161: 2026.\u00a0gada maijs<\/p>","protected":false},"excerpt":{"rendered":"<p>Smidzin\u0101t\u0101jus sajauc. Cukurs, ciete (KVIE\u0160I, kukur\u016bza, kartupe\u013ci, r\u012bsi), milti (r\u012bsi), KVIE\u0160U manna, augu e\u013c\u013cas (rap\u0161u s\u0113klas, piln\u012bb\u0101 hidrogen\u0113tas rap\u0161u s\u0113klas, kokosrieksti), glikozes s\u012brups, dekstroze, maltodekstr\u012bns, pilnpiena pulveris, kakao sviests, kakao masa, kr\u0101svielas (E10200*, E3), kr\u0101svielas (E10200*, E10200*, E3) (\u0101bolu, upe\u0146u, red\u012bsu koncentr\u0101ts), aromatiz\u0113t\u0101js, dab\u012bg\u0101 vani\u013cas gar\u0161a, glaz\u0113\u0161anas l\u012bdzeklis (E901, E903, E904), biezin\u0101t\u0101js (E414), emulgators (lecit\u012bns (saulespu\u0137es, SOJAS), E473), atbr\u012bvo [\u2026]<\/p>","protected":false},"featured_media":11635,"template":"","meta":{"_seopress_robots_primary_cat":"none","_seopress_titles_title":"","_seopress_titles_desc":"","_seopress_robots_index":""},"product_brand":[],"product_cat":[15,104],"product_tag":[],"class_list":{"0":"post-11634","1":"product","2":"type-product","3":"status-publish","4":"has-post-thumbnail","6":"product_cat-all-products","7":"product_cat-sprinkles","9":"first","10":"outofstock","11":"taxable","12":"shipping-taxable","13":"purchasable","14":"product-type-simple"},"_links":{"self":[{"href":"https:\/\/candeebaar.ee\/lv\/wp-json\/wp\/v2\/product\/11634","targetHints":{"allow":["GET"]}}],"collection":[{"href":"https:\/\/candeebaar.ee\/lv\/wp-json\/wp\/v2\/product"}],"about":[{"href":"https:\/\/candeebaar.ee\/lv\/wp-json\/wp\/v2\/types\/product"}],"version-history":[{"count":1,"href":"https:\/\/candeebaar.ee\/lv\/wp-json\/wp\/v2\/product\/11634\/revisions"}],"predecessor-version":[{"id":11636,"href":"https:\/\/candeebaar.ee\/lv\/wp-json\/wp\/v2\/product\/11634\/revisions\/11636"}],"wp:featuredmedia":[{"embeddable":true,"href":"https:\/\/candeebaar.ee\/lv\/wp-json\/wp\/v2\/media\/11635"}],"wp:attachment":[{"href":"https:\/\/candeebaar.ee\/lv\/wp-json\/wp\/v2\/media?parent=11634"}],"wp:term":[{"taxonomy":"product_brand","embeddable":true,"href":"https:\/\/candeebaar.ee\/lv\/wp-json\/wp\/v2\/product_brand?post=11634"},{"taxonomy":"product_cat","embeddable":true,"href":"https:\/\/candeebaar.ee\/lv\/wp-json\/wp\/v2\/product_cat?post=11634"},{"taxonomy":"product_tag","embeddable":true,"href":"https:\/\/candeebaar.ee\/lv\/wp-json\/wp\/v2\/product_tag?post=11634"}],"curies":[{"name":"wp","href":"https:\/\/api.w.org\/{rel}","templated":true}]}}