{"id":11637,"date":"2025-04-09T13:34:03","date_gmt":"2025-04-09T11:34:03","guid":{"rendered":"https:\/\/candeebaar.ee\/?post_type=product&#038;p=11637"},"modified":"2026-03-10T18:34:53","modified_gmt":"2026-03-10T16:34:53","slug":"parkaisa-kraukskigs-sokolades-cepums-45g","status":"publish","type":"product","link":"https:\/\/candeebaar.ee\/lv\/veikals\/parkaisa-kraukskigs-sokolades-cepums-45g\/","title":{"rendered":"Smidzin\u0101t\u0101ji \u201cCrunchy Choco Cookie\u201d 45g"},"content":{"rendered":"<p>Smidzin\u0101t\u0101jus sajauc.<\/p>\n<p>Sast\u0101vda\u013cas:<\/p>\n<p>Cukurs, kakao sviests, kakao masa, kakao pulveris, augu e\u013c\u013cas (palmu, rap\u0161u s\u0113klas), kukur\u016bza, dab\u012bgs vani\u013cas arom\u0101ts, vanil\u012bns, glikozes s\u012brups, vesels\u00a0<strong>PIENS<\/strong>\u00a0pulveris, milti (<strong>KVIE\u0160I<\/strong>, r\u012bsi), s\u016bkalu pulveris (<strong>PIENS<\/strong>), ciete (kartupe\u013ci), iesals (<strong>KVIE\u0160I<\/strong>), kondens\u0113ts\u00a0<strong>PIENS, KVIE\u0160I<\/strong>\u00a0klijas, iesala ekstrakts (<strong>MIE\u017dI<\/strong>), \u016bdens,\u00a0<strong>PIENS, MIE\u017dI<\/strong>\u00a0iesala ekstrakts, emulgators (E322 (<strong>SOJAS<\/strong>, saulespu\u0137es), E471), kr\u0101sviela (E150c), mitrin\u0101t\u0101js (E422), s\u0101ls, glaz\u016bras vielas (E414*, E904), kalcija karbon\u0101ts (E170). Var satur\u0113t p\u0113das\u00a0<strong>RIEKSTI<\/strong>. *apstr\u0101des pal\u012bgl\u012bdzeklis<\/p>\n<p><span style=\"text-decoration: underline;\">Uztura fakti uz 100g:<\/span><\/p>\n<p>Kcal: 452; Kj: 1897; Tauki: 15,6g; no tiem pies\u0101tin\u0101tie: 8,0g; Og\u013chidr\u0101ti: 71,3g; tai skait\u0101 cukurs: 61,1; Olbaltumvielas: 4,8g; S\u0101ls: 0,2 g<\/p>\n<p>Nav piem\u0113rots b\u0113rniem l\u012bdz 3 gadu vecumam. Da\u017ei elementi var b\u016bt gr\u016bti zobiem.<br \/>\nRa\u017eot\u0101js: V\u0101cija<br \/>\nDer\u012bguma termi\u0146\u0161: 2027. gada septembris<\/p>","protected":false},"excerpt":{"rendered":"<p>Smidzin\u0101t\u0101jus sajauc. Sast\u0101vs: Cukurs, kakao sviests, kakao masa, kakao pulveris, augu e\u013c\u013cas (palmu, rap\u0161u s\u0113klas), kukur\u016bza, dab\u012bgs vani\u013cas arom\u0101ts, vanil\u012bns, glikozes s\u012brups, pilnpiena pulveris, milti (KVIE\u0160I, r\u012bsi), s\u016bkalu pulveris (PIENS), ciete (kartupe\u013ci), iesals (KVIE\u0160I), iesals (KVIE\u0160I), iebiezin\u0101tais \u016bdens PIENS, MIE\u017dU iesala ekstrakts, emulgators (E322 (SOJA, saulespu\u0137es), E471), kr\u0101sviela (E150c), mitrin\u0101t\u0101js (E422), s\u0101ls, glaz\u0113\u0161anas vielas (E414*, E904), kalcijs [\u2026]<\/p>","protected":false},"featured_media":11638,"template":"","meta":{"_seopress_robots_primary_cat":"none","_seopress_titles_title":"","_seopress_titles_desc":"","_seopress_robots_index":""},"product_brand":[],"product_cat":[15,104,106],"product_tag":[],"class_list":{"0":"post-11637","1":"product","2":"type-product","3":"status-publish","4":"has-post-thumbnail","6":"product_cat-all-products","7":"product_cat-sprinkles","8":"product_cat-new","10":"first","11":"instock","12":"taxable","13":"shipping-taxable","14":"purchasable","15":"product-type-simple"},"_links":{"self":[{"href":"https:\/\/candeebaar.ee\/lv\/wp-json\/wp\/v2\/product\/11637","targetHints":{"allow":["GET"]}}],"collection":[{"href":"https:\/\/candeebaar.ee\/lv\/wp-json\/wp\/v2\/product"}],"about":[{"href":"https:\/\/candeebaar.ee\/lv\/wp-json\/wp\/v2\/types\/product"}],"version-history":[{"count":4,"href":"https:\/\/candeebaar.ee\/lv\/wp-json\/wp\/v2\/product\/11637\/revisions"}],"predecessor-version":[{"id":14176,"href":"https:\/\/candeebaar.ee\/lv\/wp-json\/wp\/v2\/product\/11637\/revisions\/14176"}],"wp:featuredmedia":[{"embeddable":true,"href":"https:\/\/candeebaar.ee\/lv\/wp-json\/wp\/v2\/media\/11638"}],"wp:attachment":[{"href":"https:\/\/candeebaar.ee\/lv\/wp-json\/wp\/v2\/media?parent=11637"}],"wp:term":[{"taxonomy":"product_brand","embeddable":true,"href":"https:\/\/candeebaar.ee\/lv\/wp-json\/wp\/v2\/product_brand?post=11637"},{"taxonomy":"product_cat","embeddable":true,"href":"https:\/\/candeebaar.ee\/lv\/wp-json\/wp\/v2\/product_cat?post=11637"},{"taxonomy":"product_tag","embeddable":true,"href":"https:\/\/candeebaar.ee\/lv\/wp-json\/wp\/v2\/product_tag?post=11637"}],"curies":[{"name":"wp","href":"https:\/\/api.w.org\/{rel}","templated":true}]}}