{"id":11641,"date":"2025-04-09T13:47:13","date_gmt":"2025-04-09T11:47:13","guid":{"rendered":"https:\/\/candeebaar.ee\/?post_type=product&#038;p=11641"},"modified":"2025-10-25T09:06:20","modified_gmt":"2025-10-25T07:06:20","slug":"apkaisa-ledus-ledus-mazulis-45g","status":"publish","type":"product","link":"https:\/\/candeebaar.ee\/lv\/veikals\/apkaisa-ledus-ledus-mazulis-45g\/","title":{"rendered":"Smidzin\u0101t\u0101ji \u201cIce Ice Baby\u201d 45g"},"content":{"rendered":"<p>Smidzin\u0101t\u0101jus sajauc.<\/p>\n<p>Sast\u0101vda\u013cas:<\/p>\n<p>Cukurs, ciete (<b>KVIE\u0160I<\/b>, kukur\u016bza, kartupe\u013ci, r\u012bsi), milti (<b>KVIE\u0160I<\/b>, r\u012bsi),\u00a0<b>KVIE\u0160I<\/b>manna, augu e\u013c\u013cas (rap\u0161u s\u0113klas, piln\u012bb\u0101 hidrogen\u0113tas rap\u0161u s\u0113klas, kokosrieksti), glikozes s\u012brups, dekstroze, maltodekstr\u012bns, vesels\u00a0<b>PIENS\u00a0<\/b>pulveris, kakao sviests, kakao masa, kr\u0101svielas (E100, E120, E132, E133, E162, E173, E174), p\u0101rtikas kr\u0101svielas (\u0101bolu koncentr\u0101ts, burk\u0101nu sula, bie\u0161u sula, saflora, spirul\u012bna, citrons), aromatiz\u0113t\u0101js, dab\u012bg\u0101 vani\u013cas aromatiz\u0113t\u0101js, biezs E4 glaz\u016bra 0901. (E406, E414), emulgators (lecit\u012bns (saulespu\u0137u,\u00a0<b>SOJAS<\/b>), E473), \u017eelat\u012bns (liellopu ga\u013ca), atbr\u012bvo\u0161an\u0101s l\u012bdzeklis (E470b, E553b). Var satur\u0113t p\u0113das\u00a0<b>RIEKSTI<\/b>.<\/p>\n<p>Uztura fakti uz 100g:<\/p>\n<p>kcal: 421; kj: 1775; tauki: 6,6 g; no tiem pies\u0101tin\u0101t\u0101s tauksk\u0101bes: 4,1g; og\u013chidr\u0101ti: 87,4g; no tiem cukuri: 72,9g; olbaltumvielas: 1,7g; s\u0101ls: 0,1 g<\/p>\n<p>Nav piem\u0113rots b\u0113rniem l\u012bdz 3 gadu vecumam. Da\u017ei elementi var b\u016bt gr\u016bti zobiem.<br \/>\nRa\u017eot\u0101js: V\u0101cija<br \/>\nDer\u012bguma termi\u0146\u0161: 2026.\u00a0gada apr\u012blis<\/p>","protected":false},"excerpt":{"rendered":"<p>Smidzin\u0101t\u0101jus sajauc. Sast\u0101vda\u013cas: Cukurs, ciete (KVIE\u0160I, kukur\u016bza, kartupe\u013ci, r\u012bsi), milti (KVIE\u0160I, r\u012bsi), KVIE\u0160U mannas putraimi, augu e\u013c\u013cas (rap\u0161u s\u0113klas, piln\u012bb\u0101 hidrogen\u0113tas rap\u0161u s\u0113klas, kokosrieksti), glikozes s\u012brups, dekstroze, maltodekstr\u012bns, pilnpiena pulveris, kakao sviests, kr\u0101sviela, kakao masa (E12,0) E133, E162, E173, E174), p\u0101rtikas kr\u0101svielas (\u0101bolu koncentr\u0101ts, burk\u0101nu sula, bie\u0161u sula, saflora, spirul\u012bna, citrons), aromatiz\u0113t\u0101js, dab\u012bg\u0101 vani\u013cas gar\u0161a, glaz\u016bra (E901, [\u2026]<\/p>","protected":false},"featured_media":11642,"template":"","meta":{"_seopress_robots_primary_cat":"none","_seopress_titles_title":"","_seopress_titles_desc":"","_seopress_robots_index":""},"product_brand":[],"product_cat":[15,104,106],"product_tag":[],"class_list":{"0":"post-11641","1":"product","2":"type-product","3":"status-publish","4":"has-post-thumbnail","6":"product_cat-all-products","7":"product_cat-sprinkles","8":"product_cat-new","10":"first","11":"outofstock","12":"taxable","13":"shipping-taxable","14":"purchasable","15":"product-type-simple"},"_links":{"self":[{"href":"https:\/\/candeebaar.ee\/lv\/wp-json\/wp\/v2\/product\/11641","targetHints":{"allow":["GET"]}}],"collection":[{"href":"https:\/\/candeebaar.ee\/lv\/wp-json\/wp\/v2\/product"}],"about":[{"href":"https:\/\/candeebaar.ee\/lv\/wp-json\/wp\/v2\/types\/product"}],"version-history":[{"count":1,"href":"https:\/\/candeebaar.ee\/lv\/wp-json\/wp\/v2\/product\/11641\/revisions"}],"predecessor-version":[{"id":11643,"href":"https:\/\/candeebaar.ee\/lv\/wp-json\/wp\/v2\/product\/11641\/revisions\/11643"}],"wp:featuredmedia":[{"embeddable":true,"href":"https:\/\/candeebaar.ee\/lv\/wp-json\/wp\/v2\/media\/11642"}],"wp:attachment":[{"href":"https:\/\/candeebaar.ee\/lv\/wp-json\/wp\/v2\/media?parent=11641"}],"wp:term":[{"taxonomy":"product_brand","embeddable":true,"href":"https:\/\/candeebaar.ee\/lv\/wp-json\/wp\/v2\/product_brand?post=11641"},{"taxonomy":"product_cat","embeddable":true,"href":"https:\/\/candeebaar.ee\/lv\/wp-json\/wp\/v2\/product_cat?post=11641"},{"taxonomy":"product_tag","embeddable":true,"href":"https:\/\/candeebaar.ee\/lv\/wp-json\/wp\/v2\/product_tag?post=11641"}],"curies":[{"name":"wp","href":"https:\/\/api.w.org\/{rel}","templated":true}]}}