{"id":11879,"date":"2025-04-21T10:58:56","date_gmt":"2025-04-21T08:58:56","guid":{"rendered":"https:\/\/candeebaar.ee\/?post_type=product&#038;p=11879"},"modified":"2026-04-13T14:48:56","modified_gmt":"2026-04-13T12:48:56","slug":"kaste-kukai-30x40x20cm-ar-logu","status":"publish","type":"product","link":"https:\/\/candeebaar.ee\/lv\/veikals\/kaste-kukai-30x40x20cm-ar-logu\/","title":{"rendered":"K\u016bkas kaste 30x40x25cm ar lodzi\u0146u"},"content":{"rendered":"<p>Kaste liel\u0101m k\u016bk\u0101m.<br \/>\nMateri\u0101ls: mikro gofr\u0113t\u0101 kartona pamatne + kartons un plastmasas v\u0101ks<br \/>\nKr\u0101sa: balta<br \/>\nIzm\u0113ri: 30x40x25 cm<\/p>","protected":false},"excerpt":{"rendered":"<p>Kaste liel\u0101m k\u016bk\u0101m. Materi\u0101ls: mikrogofr\u0113ta kartona pamatne + kartons un plastmasas v\u0101ks. Kr\u0101sa: balta. Izm\u0113ri: 30x40x25 cm.<\/p>","protected":false},"featured_media":10963,"template":"","meta":{"_seopress_robots_primary_cat":"none","_seopress_titles_title":"","_seopress_titles_desc":"","_seopress_robots_index":""},"product_brand":[],"product_cat":[15,134,137,106],"product_tag":[],"class_list":{"0":"post-11879","1":"product","2":"type-product","3":"status-publish","4":"has-post-thumbnail","6":"product_cat-all-products","7":"product_cat-30cm-base","8":"product_cat-rectangular","9":"product_cat-new","11":"first","12":"outofstock","13":"taxable","14":"shipping-taxable","15":"purchasable","16":"product-type-simple"},"_links":{"self":[{"href":"https:\/\/candeebaar.ee\/lv\/wp-json\/wp\/v2\/product\/11879","targetHints":{"allow":["GET"]}}],"collection":[{"href":"https:\/\/candeebaar.ee\/lv\/wp-json\/wp\/v2\/product"}],"about":[{"href":"https:\/\/candeebaar.ee\/lv\/wp-json\/wp\/v2\/types\/product"}],"version-history":[{"count":2,"href":"https:\/\/candeebaar.ee\/lv\/wp-json\/wp\/v2\/product\/11879\/revisions"}],"predecessor-version":[{"id":16260,"href":"https:\/\/candeebaar.ee\/lv\/wp-json\/wp\/v2\/product\/11879\/revisions\/16260"}],"wp:featuredmedia":[{"embeddable":true,"href":"https:\/\/candeebaar.ee\/lv\/wp-json\/wp\/v2\/media\/10963"}],"wp:attachment":[{"href":"https:\/\/candeebaar.ee\/lv\/wp-json\/wp\/v2\/media?parent=11879"}],"wp:term":[{"taxonomy":"product_brand","embeddable":true,"href":"https:\/\/candeebaar.ee\/lv\/wp-json\/wp\/v2\/product_brand?post=11879"},{"taxonomy":"product_cat","embeddable":true,"href":"https:\/\/candeebaar.ee\/lv\/wp-json\/wp\/v2\/product_cat?post=11879"},{"taxonomy":"product_tag","embeddable":true,"href":"https:\/\/candeebaar.ee\/lv\/wp-json\/wp\/v2\/product_tag?post=11879"}],"curies":[{"name":"wp","href":"https:\/\/api.w.org\/{rel}","templated":true}]}}