{"id":11973,"date":"2025-04-24T09:48:01","date_gmt":"2025-04-24T07:48:01","guid":{"rendered":"https:\/\/candeebaar.ee\/?post_type=product&#038;p=11973"},"modified":"2025-10-26T19:41:12","modified_gmt":"2025-10-26T17:41:12","slug":"kukas-delis-220x1-5mm-zelta-melns","status":"publish","type":"product","link":"https:\/\/candeebaar.ee\/lv\/veikals\/kukas-delis-220x1-5mm-zelta-melns\/","title":{"rendered":"K\u016bku d\u0113lis 220\u00d71,5\u00a0mm zelts\/melns"},"content":{"rendered":"<p>Mitrumiztur\u012bga pastiprin\u0101ta kartona pamatne.<br \/>\nNepiecie\u0161ams pareizai desertu uzglab\u0101\u0161anai, transport\u0113\u0161anai un pasnieg\u0161anai.<br \/>\nBiezums: 1,5 mm<br \/>\nDiametrs: 220 mm<br \/>\nKr\u0101sa: zelta\/melna<\/p>","protected":false},"excerpt":{"rendered":"<p>Mitrumiztur\u012bga pastiprin\u0101ta kartona pamatne. Nepiecie\u0161ams pareizai desertu uzglab\u0101\u0161anai, transport\u0113\u0161anai un pasnieg\u0161anai. Biezums: 1.5mm Diametrs: 220mm Kr\u0101sa: zelts\/melns<\/p>","protected":false},"featured_media":10091,"template":"","meta":{"_seopress_robots_primary_cat":"none","_seopress_titles_title":"","_seopress_titles_desc":"","_seopress_robots_index":""},"product_brand":[],"product_cat":[15,142,106],"product_tag":[],"class_list":{"0":"post-11973","1":"product","2":"type-product","3":"status-publish","4":"has-post-thumbnail","6":"product_cat-all-products","7":"product_cat-22cm","8":"product_cat-new","10":"first","11":"outofstock","12":"taxable","13":"shipping-taxable","14":"purchasable","15":"product-type-simple"},"_links":{"self":[{"href":"https:\/\/candeebaar.ee\/lv\/wp-json\/wp\/v2\/product\/11973","targetHints":{"allow":["GET"]}}],"collection":[{"href":"https:\/\/candeebaar.ee\/lv\/wp-json\/wp\/v2\/product"}],"about":[{"href":"https:\/\/candeebaar.ee\/lv\/wp-json\/wp\/v2\/types\/product"}],"version-history":[{"count":1,"href":"https:\/\/candeebaar.ee\/lv\/wp-json\/wp\/v2\/product\/11973\/revisions"}],"predecessor-version":[{"id":11974,"href":"https:\/\/candeebaar.ee\/lv\/wp-json\/wp\/v2\/product\/11973\/revisions\/11974"}],"wp:featuredmedia":[{"embeddable":true,"href":"https:\/\/candeebaar.ee\/lv\/wp-json\/wp\/v2\/media\/10091"}],"wp:attachment":[{"href":"https:\/\/candeebaar.ee\/lv\/wp-json\/wp\/v2\/media?parent=11973"}],"wp:term":[{"taxonomy":"product_brand","embeddable":true,"href":"https:\/\/candeebaar.ee\/lv\/wp-json\/wp\/v2\/product_brand?post=11973"},{"taxonomy":"product_cat","embeddable":true,"href":"https:\/\/candeebaar.ee\/lv\/wp-json\/wp\/v2\/product_cat?post=11973"},{"taxonomy":"product_tag","embeddable":true,"href":"https:\/\/candeebaar.ee\/lv\/wp-json\/wp\/v2\/product_tag?post=11973"}],"curies":[{"name":"wp","href":"https:\/\/api.w.org\/{rel}","templated":true}]}}