{"id":12001,"date":"2025-04-25T13:34:41","date_gmt":"2025-04-25T11:34:41","guid":{"rendered":"https:\/\/candeebaar.ee\/?post_type=product&#038;p=12001"},"modified":"2026-01-20T11:40:56","modified_gmt":"2026-01-20T09:40:56","slug":"sprinkles-girl-power-45g","status":"publish","type":"product","link":"https:\/\/candeebaar.ee\/lv\/veikals\/sprinkles-girl-power-45g\/","title":{"rendered":"Smidzin\u0101t\u0101ji \u201cGirl Power\u201d 45g"},"content":{"rendered":"<p>Smidzin\u0101t\u0101ji desertu dekor\u0113\u0161anai.<\/p>\n<p><strong>Sast\u0101vda\u013cas<\/strong>:<br \/>\ncukurs, dekstroze, dekstr\u012bns, uzp\u016bsti r\u012bsi (<strong>lipeklis<\/strong>), r\u012bsu milti, rafin\u0113ta dezodor\u0113ta palmu e\u013c\u013ca, kokosriekstu e\u013c\u013ca, lecit\u012bns, magnija stear\u0101ts, karnaubas vasks, karboksimetilceluloze, vani\u013cas aromatiz\u0113t\u0101js, p\u016bdercukurs, kukur\u016bzas ciete, kr\u0101svielas: E124, E174, gumiar\u0101biks, talks, \u0161ellaks.<br \/>\nVar satur\u0113t p\u0113das <strong>olas, piens un rieksti<\/strong>.<\/p>\n<p>Satur ponzo (E124) un t\u0101d\u0113\u013c var pasliktin\u0101t b\u0113rnu aktivit\u0101ti un uzman\u012bbu.<\/p>\n<p><strong>Uztura fakti:<\/strong><\/p>\n<table width=\"510\">\n<tbody>\n<tr>\n<td colspan=\"2\" width=\"510\">100 g satur vid\u0113jo v\u0113rt\u012bbu:<\/td>\n<\/tr>\n<tr>\n<td width=\"200\">Kaloriju v\u0113rt\u012bba<\/td>\n<td width=\"310\">1625,5 kJ \/ 385,1 kcal<\/td>\n<\/tr>\n<tr>\n<td width=\"200\">Olbaltumvielas<\/td>\n<td width=\"310\">1,07 g<\/td>\n<\/tr>\n<tr>\n<td width=\"200\">Tauki<\/p>\n<p>\u2013 Pies\u0101tin\u0101ts<\/td>\n<td width=\"310\">1,21 g<\/p>\n<p>\u2013 0,48 g<\/td>\n<\/tr>\n<tr>\n<td width=\"200\">Kop\u0113jais og\u013chidr\u0101tu saturs - cukurs<\/td>\n<td width=\"310\">91,3 g\u201362,1 g<\/td>\n<\/tr>\n<tr>\n<td width=\"200\">N\u0101trijs<\/td>\n<td width=\"310\">0,0 g<\/td>\n<\/tr>\n<\/tbody>\n<\/table>\n<p style=\"font-weight: 400;\">Nav piem\u0113rots b\u0113rniem l\u012bdz 3 gadu vecumam. Liel\u0101kajai da\u013cai elementu iek\u0161pus\u0113 ir m\u012bksta r\u012bsu pamatne, bet da\u017ei var b\u016bt cieti.<\/p>\n<p>Ra\u017eot\u0101js: V\u0101cija<br \/>\nDer\u012bguma termi\u0146\u0161: 2027. gada decembris<\/p>","protected":false},"excerpt":{"rendered":"<p>Smidzin\u0101t\u0101ji desertu dekor\u0113\u0161anai. Sast\u0101vs: cukurs, dekstroze, dekstr\u012bns, uzp\u016bstie r\u012bsi (glut\u0113ns), r\u012bsu milti, rafin\u0113ta dezodor\u0113ta palmu e\u013c\u013ca, kokosriekstu e\u013c\u013ca, lecit\u012bns, magnija stear\u0101ts, karnaubas vasks, karboksimetilceluloze, vani\u013cas aromatiz\u0113t\u0101js, p\u016bdercukurs, kukur\u016bzas ciete, kr\u0101svielas: E124, arlab\u012bns, E17,4. Var satur\u0113t olu, piena un riekstu p\u0113das. Satur ponzo (E124) un t\u0101p\u0113c var pasliktin\u0101t aktivit\u0101ti un [\u2026]<\/p>","protected":false},"featured_media":11998,"template":"","meta":{"_seopress_robots_primary_cat":"none","_seopress_titles_title":"","_seopress_titles_desc":"","_seopress_robots_index":""},"product_brand":[],"product_cat":[15,104,106],"product_tag":[],"class_list":{"0":"post-12001","1":"product","2":"type-product","3":"status-publish","4":"has-post-thumbnail","6":"product_cat-all-products","7":"product_cat-sprinkles","8":"product_cat-new","10":"first","11":"outofstock","12":"taxable","13":"shipping-taxable","14":"purchasable","15":"product-type-simple"},"_links":{"self":[{"href":"https:\/\/candeebaar.ee\/lv\/wp-json\/wp\/v2\/product\/12001","targetHints":{"allow":["GET"]}}],"collection":[{"href":"https:\/\/candeebaar.ee\/lv\/wp-json\/wp\/v2\/product"}],"about":[{"href":"https:\/\/candeebaar.ee\/lv\/wp-json\/wp\/v2\/types\/product"}],"version-history":[{"count":3,"href":"https:\/\/candeebaar.ee\/lv\/wp-json\/wp\/v2\/product\/12001\/revisions"}],"predecessor-version":[{"id":12942,"href":"https:\/\/candeebaar.ee\/lv\/wp-json\/wp\/v2\/product\/12001\/revisions\/12942"}],"wp:featuredmedia":[{"embeddable":true,"href":"https:\/\/candeebaar.ee\/lv\/wp-json\/wp\/v2\/media\/11998"}],"wp:attachment":[{"href":"https:\/\/candeebaar.ee\/lv\/wp-json\/wp\/v2\/media?parent=12001"}],"wp:term":[{"taxonomy":"product_brand","embeddable":true,"href":"https:\/\/candeebaar.ee\/lv\/wp-json\/wp\/v2\/product_brand?post=12001"},{"taxonomy":"product_cat","embeddable":true,"href":"https:\/\/candeebaar.ee\/lv\/wp-json\/wp\/v2\/product_cat?post=12001"},{"taxonomy":"product_tag","embeddable":true,"href":"https:\/\/candeebaar.ee\/lv\/wp-json\/wp\/v2\/product_tag?post=12001"}],"curies":[{"name":"wp","href":"https:\/\/api.w.org\/{rel}","templated":true}]}}