{"id":12011,"date":"2025-04-25T14:19:44","date_gmt":"2025-04-25T12:19:44","guid":{"rendered":"https:\/\/candeebaar.ee\/?post_type=product&#038;p=12011"},"modified":"2026-01-05T10:48:04","modified_gmt":"2026-01-05T08:48:04","slug":"smidzinataji-milu-tevi-45g","status":"publish","type":"product","link":"https:\/\/candeebaar.ee\/lv\/veikals\/smidzinataji-milu-tevi-45g\/","title":{"rendered":"Smidzin\u0101t\u0101ji \u201cLove You\u201d 45g"},"content":{"rendered":"<p>Smidzin\u0101t\u0101ji desertu dekor\u0113\u0161anai.<\/p>\n<p><strong>Sast\u0101vda\u013cas<\/strong>:<\/p>\n<p>baltais cukurs, kvie\u0161u un r\u012bsu milti (<strong>lipeklis<\/strong>), augu tauki (da\u013c\u0113ji hidrogen\u0113ta palmu un saulespu\u0137u e\u013c\u013ca, emulgators (E471), antioksidants (E320, E321)), melase, kukur\u016bzas un modific\u0113ta kukur\u016bzas ciete, biezin\u0101t\u0101js: tragakants, gumiar\u0101biks, KMC, glaz\u016bras l\u012bdzeklis \u201cKapol\u201d (\u0161ellaka, augu e\u013c\u013ca, etanols), p\u0101rtikas kr\u0101sviela: E124.<\/p>\n<p>Satur E102, E110, E124 un t\u0101d\u0113\u013c var pasliktin\u0101t b\u0113rnu aktivit\u0101ti un uzman\u012bbu.<\/p>\n<p>Var satur\u0113t p\u0113das <strong>olas, piens un rieksti<\/strong>.<\/p>\n<p>Satur (E102) un t\u0101d\u0113\u013c var pasliktin\u0101t b\u0113rnu aktivit\u0101ti un uzman\u012bbu.<\/p>\n<p><strong>Uztura fakti:<\/strong><\/p>\n<table style=\"font-weight: 400;\" width=\"552\">\n<thead style=\"font-style: inherit; font-weight: inherit;\">\n<tr style=\"font-style: inherit; font-weight: inherit;\">\n<td style=\"font-style: inherit; font-weight: inherit;\" width=\"250\">\n<p style=\"font-style: inherit; font-weight: inherit;\"><span style=\"font-style: inherit; font-weight: inherit;\">Tipiskas v\u0113rt\u012bbas<\/span><\/p>\n<\/td>\n<td style=\"font-style: inherit; font-weight: inherit;\" width=\"302\">\n<p style=\"font-style: inherit; font-weight: inherit;\"><span style=\"font-style: inherit; font-weight: inherit;\">Uz 100 g<\/span><\/p>\n<\/td>\n<\/tr>\n<\/thead>\n<tbody style=\"font-style: inherit; font-weight: inherit;\">\n<tr style=\"font-style: inherit; font-weight: inherit;\">\n<td style=\"font-style: inherit; font-weight: inherit;\" width=\"250\">\n<p style=\"font-style: inherit; font-weight: inherit;\"><span style=\"font-style: inherit; font-weight: inherit;\">Ener\u0123ija<\/span><\/p>\n<\/td>\n<td style=\"font-style: inherit; font-weight: inherit;\" width=\"302\"><span style=\"font-style: inherit; font-weight: inherit;\">1544<\/span><span style=\"font-style: inherit; font-weight: inherit;\">kJ\/3<\/span><span style=\"font-style: inherit; font-weight: inherit;\">69<\/span><span style=\"font-style: inherit; font-weight: inherit;\">kcal<\/span><\/td>\n<\/tr>\n<tr style=\"font-style: inherit; font-weight: inherit;\">\n<td style=\"font-style: inherit; font-weight: inherit;\" width=\"250\">\n<p style=\"font-style: inherit; font-weight: inherit;\"><span style=\"font-style: inherit; font-weight: inherit;\">Tauki<\/span><\/p>\n<\/td>\n<td style=\"font-style: inherit; font-weight: inherit;\" width=\"302\"><span style=\"font-style: inherit; font-weight: inherit;\">3,80 g<\/span><\/td>\n<\/tr>\n<tr style=\"font-style: inherit; font-weight: inherit;\">\n<td style=\"font-style: inherit; font-weight: inherit;\" width=\"250\">\n<p style=\"font-style: inherit; font-weight: inherit;\">no kuriem pies\u0101tin\u0101tie<\/p>\n<\/td>\n<td style=\"font-style: inherit; font-weight: inherit;\" width=\"302\"><span style=\"font-style: inherit; font-weight: inherit;\">1.60<\/span><span style=\"font-style: inherit; font-weight: inherit;\">g<\/span><\/td>\n<\/tr>\n<tr style=\"font-style: inherit; font-weight: inherit;\">\n<td style=\"font-style: inherit; font-weight: inherit;\" width=\"250\">\n<p style=\"font-style: inherit; font-weight: inherit;\">Og\u013chidr\u0101ti<\/p>\n<\/td>\n<td style=\"font-style: inherit; font-weight: inherit;\" width=\"302\"><span style=\"font-style: inherit; font-weight: inherit;\">82.0<\/span><span style=\"font-style: inherit; font-weight: inherit;\">g<\/span><\/td>\n<\/tr>\n<tr style=\"font-style: inherit; font-weight: inherit;\">\n<td style=\"font-style: inherit; font-weight: inherit;\" width=\"250\">\n<p style=\"font-style: inherit; font-weight: inherit;\">tostarp cukuri<\/p>\n<\/td>\n<td style=\"font-style: inherit; font-weight: inherit;\" width=\"302\"><span style=\"font-style: inherit; font-weight: inherit;\">67.0<\/span><span style=\"font-style: inherit; font-weight: inherit;\">g<\/span><\/td>\n<\/tr>\n<tr style=\"font-style: inherit; font-weight: inherit;\">\n<td style=\"font-style: inherit; font-weight: inherit;\" width=\"250\">\n<p style=\"font-style: inherit; font-weight: inherit;\"><span style=\"font-style: inherit; font-weight: inherit;\">Olbaltumvielas<\/span><\/p>\n<\/td>\n<td style=\"font-style: inherit; font-weight: inherit;\" width=\"302\"><span style=\"font-style: inherit; font-weight: inherit;\">1.70<\/span><span style=\"font-style: inherit; font-weight: inherit;\">g<\/span><\/td>\n<\/tr>\n<tr style=\"font-style: inherit; font-weight: inherit;\">\n<td style=\"font-style: inherit; font-weight: inherit;\" width=\"250\">\n<p style=\"font-style: inherit; font-weight: inherit;\"><span style=\"font-style: inherit; font-weight: inherit;\">S\u0101ls<\/span><\/p>\n<\/td>\n<td style=\"font-style: inherit; font-weight: inherit;\" width=\"302\"><span style=\"font-style: inherit; font-weight: inherit;\">0.<\/span><span style=\"font-style: inherit; font-weight: inherit;\">00<\/span><span style=\"font-style: inherit; font-weight: inherit;\">g<\/span><\/td>\n<\/tr>\n<\/tbody>\n<\/table>\n<p>&nbsp;<\/p>\n<p style=\"font-weight: 400;\">Nav piem\u0113rots b\u0113rniem l\u012bdz 3 gadu vecumam.<br \/>\nRa\u017eot\u0101js: V\u0101cija<br \/>\nDer\u012bguma termi\u0146\u0161: 2027. gada decembris<\/p>","protected":false},"excerpt":{"rendered":"<p>Smidzin\u0101t\u0101ji desertu dekor\u0113\u0161anai. Sast\u0101vs: baltais cukurs, kvie\u0161u un r\u012bsu milti (glut\u0113ns), augu tauki (da\u013c\u0113ji hidrogen\u0113ta palmu un saulespu\u0137u e\u013c\u013ca, emulgators (E471), antioksidants (E320, E321)), melase, kukur\u016bza un modific\u0113ta kukur\u016bzas ciete, biezin\u0101t\u0101js: tragants, gumiar\u0101bika, KMC, augu glaz\u016bra, e\u013c\u013ca, &quot;Kapolhan&quot; Kr\u0101sa: E124. Satur E102, E110, E124 un t\u0101p\u0113c var pasliktin\u0101t darb\u012bbu [\u2026]<\/p>","protected":false},"featured_media":11995,"template":"","meta":{"_seopress_robots_primary_cat":"none","_seopress_titles_title":"","_seopress_titles_desc":"","_seopress_robots_index":""},"product_brand":[],"product_cat":[183,15,104,106],"product_tag":[],"class_list":{"0":"post-12011","1":"product","2":"type-product","3":"status-publish","4":"has-post-thumbnail","6":"product_cat-valentines-day","7":"product_cat-all-products","8":"product_cat-sprinkles","9":"product_cat-new","11":"first","12":"outofstock","13":"taxable","14":"shipping-taxable","15":"purchasable","16":"product-type-simple"},"_links":{"self":[{"href":"https:\/\/candeebaar.ee\/lv\/wp-json\/wp\/v2\/product\/12011","targetHints":{"allow":["GET"]}}],"collection":[{"href":"https:\/\/candeebaar.ee\/lv\/wp-json\/wp\/v2\/product"}],"about":[{"href":"https:\/\/candeebaar.ee\/lv\/wp-json\/wp\/v2\/types\/product"}],"version-history":[{"count":3,"href":"https:\/\/candeebaar.ee\/lv\/wp-json\/wp\/v2\/product\/12011\/revisions"}],"predecessor-version":[{"id":14910,"href":"https:\/\/candeebaar.ee\/lv\/wp-json\/wp\/v2\/product\/12011\/revisions\/14910"}],"wp:featuredmedia":[{"embeddable":true,"href":"https:\/\/candeebaar.ee\/lv\/wp-json\/wp\/v2\/media\/11995"}],"wp:attachment":[{"href":"https:\/\/candeebaar.ee\/lv\/wp-json\/wp\/v2\/media?parent=12011"}],"wp:term":[{"taxonomy":"product_brand","embeddable":true,"href":"https:\/\/candeebaar.ee\/lv\/wp-json\/wp\/v2\/product_brand?post=12011"},{"taxonomy":"product_cat","embeddable":true,"href":"https:\/\/candeebaar.ee\/lv\/wp-json\/wp\/v2\/product_cat?post=12011"},{"taxonomy":"product_tag","embeddable":true,"href":"https:\/\/candeebaar.ee\/lv\/wp-json\/wp\/v2\/product_tag?post=12011"}],"curies":[{"name":"wp","href":"https:\/\/api.w.org\/{rel}","templated":true}]}}