{"id":12013,"date":"2025-04-25T14:27:05","date_gmt":"2025-04-25T12:27:05","guid":{"rendered":"https:\/\/candeebaar.ee\/?post_type=product&#038;p=12013"},"modified":"2026-04-05T17:20:05","modified_gmt":"2026-04-05T15:20:05","slug":"smidzinataji-damu-ballitei-45g-2","status":"publish","type":"product","link":"https:\/\/candeebaar.ee\/lv\/veikals\/smidzinataji-damu-ballitei-45g-2\/","title":{"rendered":"Smidzin\u0101t\u0101ji \u201cBumblebee\u201d 45g"},"content":{"rendered":"<p>Smidzin\u0101t\u0101ji desertu dekor\u0113\u0161anai.<\/p>\n<p><strong>Sast\u0101vda\u013cas<\/strong>:<\/p>\n<p>uzp\u016bsti r\u012bsi (<strong>lipeklis<\/strong>), cukura s\u012brups, kukur\u016bzas ciete, p\u016bdercukurs, E102, E151, E174, <b>KVIE\u0160I\u00a0<\/b>milti, \u016bdens, glikoze, palmu e\u013c\u013ca (nehidrogen\u0113ta), r\u012bsu milti, maltodekstr\u012bns, ak\u0101cijas sve\u0137i, Capol\u00ae glaz\u016bras l\u012bdzeklis<\/p>\n<p>Var satur\u0113t p\u0113das <strong>olas, piens un rieksti<\/strong>.<\/p>\n<p>Satur (E102) un t\u0101d\u0113\u013c var pasliktin\u0101t b\u0113rnu aktivit\u0101ti un uzman\u012bbu.<\/p>\n<p><strong>Uztura fakti:<\/strong><\/p>\n<table width=\"510\">\n<tbody>\n<tr>\n<td colspan=\"2\" width=\"510\">100 g satur vid\u0113jo v\u0113rt\u012bbu:<\/td>\n<\/tr>\n<tr>\n<td width=\"200\">Kaloriju v\u0113rt\u012bba<\/td>\n<td width=\"310\">1651 kJ \/ 389,8 kcal<\/td>\n<\/tr>\n<tr>\n<td width=\"200\">Olbaltumvielas<\/td>\n<td width=\"310\">0,4 g<\/td>\n<\/tr>\n<tr>\n<td width=\"200\">Tauki<\/p>\n<p>\u2013 Pies\u0101tin\u0101ts<\/td>\n<td width=\"310\">0,12 g<\/p>\n<p>\u2013 0,01 g<\/td>\n<\/tr>\n<tr>\n<td width=\"200\">Kop\u0113jais og\u013chidr\u0101tu saturs - cukurs<\/td>\n<td width=\"310\">95,5\u00a0g\u201360,5\u00a0g<\/td>\n<\/tr>\n<tr>\n<td width=\"200\">S\u0101ls<\/td>\n<td width=\"310\">0,002 g<\/td>\n<\/tr>\n<\/tbody>\n<\/table>\n<p style=\"font-weight: 400;\">Nav piem\u0113rots b\u0113rniem l\u012bdz 3 gadu vecumam. Liel\u0101kajai da\u013cai elementu iek\u0161pus\u0113 ir m\u012bksta r\u012bsu pamatne, bet da\u017ei var b\u016bt cieti.<br \/>\nUzglab\u0101t nosl\u0113gtu istabas temperat\u016br\u0101 un norm\u0101l\u0101 (40-75%) mitrum\u0101.<br \/>\nRa\u017eot\u0101js: V\u0101cija<br \/>\nDer\u012bguma termi\u0146\u0161: 2027. gada j\u016blijs<\/p>","protected":false},"excerpt":{"rendered":"<p>Smidzin\u0101t\u0101ji desertu dekor\u0113\u0161anai. Sast\u0101vs: uzp\u016bstie r\u012bsi (glut\u0113ns), cukura s\u012brups, kukur\u016bzas ciete, p\u016bdercukurs, E102, E151, E174, KVIE\u0160U milti, \u016bdens, glikoze, palmu e\u013c\u013ca (nehidrogen\u0113ta), r\u012bsu milti, maltodekstr\u012bns, ak\u0101cijas sve\u0137i, Capol\u00ae glaz\u016bra Var satur\u0113t olu, piena un riekstu p\u0113das. Satur (E102) un t\u0101p\u0113c var pasliktin\u0101t b\u0113rnu aktivit\u0101ti un uzman\u012bbu. Uztura fakti: 100 g satur vid\u0113ji [\u2026]<\/p>","protected":false},"featured_media":11994,"template":"","meta":{"_seopress_robots_primary_cat":"none","_seopress_titles_title":"","_seopress_titles_desc":"","_seopress_robots_index":""},"product_brand":[],"product_cat":[15,104,106],"product_tag":[],"class_list":{"0":"post-12013","1":"product","2":"type-product","3":"status-publish","4":"has-post-thumbnail","6":"product_cat-all-products","7":"product_cat-sprinkles","8":"product_cat-new","10":"first","11":"instock","12":"taxable","13":"shipping-taxable","14":"purchasable","15":"product-type-simple"},"_links":{"self":[{"href":"https:\/\/candeebaar.ee\/lv\/wp-json\/wp\/v2\/product\/12013","targetHints":{"allow":["GET"]}}],"collection":[{"href":"https:\/\/candeebaar.ee\/lv\/wp-json\/wp\/v2\/product"}],"about":[{"href":"https:\/\/candeebaar.ee\/lv\/wp-json\/wp\/v2\/types\/product"}],"version-history":[{"count":3,"href":"https:\/\/candeebaar.ee\/lv\/wp-json\/wp\/v2\/product\/12013\/revisions"}],"predecessor-version":[{"id":12018,"href":"https:\/\/candeebaar.ee\/lv\/wp-json\/wp\/v2\/product\/12013\/revisions\/12018"}],"wp:featuredmedia":[{"embeddable":true,"href":"https:\/\/candeebaar.ee\/lv\/wp-json\/wp\/v2\/media\/11994"}],"wp:attachment":[{"href":"https:\/\/candeebaar.ee\/lv\/wp-json\/wp\/v2\/media?parent=12013"}],"wp:term":[{"taxonomy":"product_brand","embeddable":true,"href":"https:\/\/candeebaar.ee\/lv\/wp-json\/wp\/v2\/product_brand?post=12013"},{"taxonomy":"product_cat","embeddable":true,"href":"https:\/\/candeebaar.ee\/lv\/wp-json\/wp\/v2\/product_cat?post=12013"},{"taxonomy":"product_tag","embeddable":true,"href":"https:\/\/candeebaar.ee\/lv\/wp-json\/wp\/v2\/product_tag?post=12013"}],"curies":[{"name":"wp","href":"https:\/\/api.w.org\/{rel}","templated":true}]}}