{"id":12019,"date":"2025-04-25T14:33:53","date_gmt":"2025-04-25T12:33:53","guid":{"rendered":"https:\/\/candeebaar.ee\/?post_type=product&#038;p=12019"},"modified":"2025-10-14T22:38:28","modified_gmt":"2025-10-14T20:38:28","slug":"smidzinasanas-eid-al-fitr-45g","status":"publish","type":"product","link":"https:\/\/candeebaar.ee\/lv\/veikals\/smidzinasanas-eid-al-fitr-45g\/","title":{"rendered":"Smidzin\u0101t\u0101ji \u201cEid al-Fitr\u201d 45g"},"content":{"rendered":"<p>Smidzin\u0101t\u0101ji desertu dekor\u0113\u0161anai.<\/p>\n<p><strong>Sast\u0101vda\u013cas<\/strong>:<\/p>\n<p>uzp\u016bsti r\u012bsi (<strong>lipeklis<\/strong>), p\u016bdercukurs, kukur\u016bzas ciete, kr\u0101sviela: tartraz\u012bns (E102), ponzo 4R (E124), kalcija karbon\u0101ts (E170), p\u0101rtikas sudrabs (E174), <strong>kvie\u0161i<\/strong>\u00a0milti, \u016bdens, glikoze, palmu e\u013c\u013ca (nehidrogen\u0113ta), r\u012bsu milti, maltodekstr\u012bns, ak\u0101cijas sve\u0137i, glaz\u016bras l\u012bdzeklis:\u00a0<span lang=\"EN-US\">Capol\u00ae (etanols, vasks, karnaubas vasks (E903), \u0161ellaka (E904), bi\u0161u vasks (E901))<\/span>.<\/p>\n<p>Var satur\u0113t p\u0113das <strong>olas, piens un rieksti<\/strong>.<\/p>\n<p>Satur tartraz\u012bnu (E102) un ponzo 4R (E124) un t\u0101d\u0113\u013c var ietekm\u0113t b\u0113rnu aktivit\u0101ti un uzman\u012bbu.<\/p>\n<p><strong>Uztura fakti:<\/strong><\/p>\n<table width=\"510\">\n<tbody>\n<tr>\n<td colspan=\"2\" width=\"510\">100 g satur vid\u0113jo v\u0113rt\u012bbu:<\/td>\n<\/tr>\n<tr>\n<td width=\"200\">Kaloriju v\u0113rt\u012bba<\/td>\n<td width=\"310\">1638,2 kJ \/ 391,2 kcal<\/td>\n<\/tr>\n<tr>\n<td width=\"200\">Olbaltumvielas<\/td>\n<td width=\"310\">0,4 g<\/td>\n<\/tr>\n<tr>\n<td width=\"200\">Tauki<\/p>\n<p>\u2013 Pies\u0101tin\u0101ts<\/td>\n<td width=\"310\">1,59 g<\/p>\n<p>\u2013 0,67 g<\/td>\n<\/tr>\n<tr>\n<td width=\"200\">Kop\u0113jais og\u013chidr\u0101tu saturs - cukurs<\/td>\n<td width=\"310\">93,26\u00a0g\u201373,52\u00a0g<\/td>\n<\/tr>\n<tr>\n<td width=\"200\">S\u0101ls<\/td>\n<td width=\"310\">0,00g<\/td>\n<\/tr>\n<\/tbody>\n<\/table>\n<p style=\"font-weight: 400;\">Nav piem\u0113rots b\u0113rniem l\u012bdz 3 gadu vecumam. Liel\u0101kajai da\u013cai elementu iek\u0161pus\u0113 ir m\u012bksta r\u012bsu pamatne, bet da\u017ei var b\u016bt cieti.<br \/>\nUzglab\u0101t nosl\u0113gtu istabas temperat\u016br\u0101 un norm\u0101l\u0101 (40-75%) mitrum\u0101.<br \/>\nRa\u017eot\u0101js: V\u0101cija<br \/>\nDer\u012bguma termi\u0146\u0161: 2026.\u00a0gada decembris<\/p>","protected":false},"excerpt":{"rendered":"<p>Smidzin\u0101t\u0101ji desertu dekor\u0113\u0161anai. Sast\u0101vda\u013cas: uzp\u016bstie r\u012bsi (glut\u0113ns), p\u016bdercukurs, kukur\u016bzas ciete, kr\u0101svielas: tartraz\u012bns (E102), ponzo 4R (E124), kalcija karbon\u0101ts (E170), p\u0101rtikas sudrabs (E174), kvie\u0161u milti, \u016bdens, glikoze, palmu e\u013c\u013ca (nehidrogen\u0113ta), r\u012bsu milti, maltodekstr\u012bns (capetolcia, sve\u0137i, coetolcia karnauba (E903), \u0161ellaka (E904), bi\u0161u vasks (E901)). Var satur\u0113t olu, piena un riekstu p\u0113das. Satur tartraz\u012bnu (E102), [\u2026]<\/p>","protected":false},"featured_media":11993,"template":"","meta":{"_seopress_robots_primary_cat":"none","_seopress_titles_title":"","_seopress_titles_desc":"","_seopress_robots_index":""},"product_brand":[],"product_cat":[15,104,106],"product_tag":[],"class_list":{"0":"post-12019","1":"product","2":"type-product","3":"status-publish","4":"has-post-thumbnail","6":"product_cat-all-products","7":"product_cat-sprinkles","8":"product_cat-new","10":"first","11":"outofstock","12":"taxable","13":"shipping-taxable","14":"purchasable","15":"product-type-simple"},"_links":{"self":[{"href":"https:\/\/candeebaar.ee\/lv\/wp-json\/wp\/v2\/product\/12019","targetHints":{"allow":["GET"]}}],"collection":[{"href":"https:\/\/candeebaar.ee\/lv\/wp-json\/wp\/v2\/product"}],"about":[{"href":"https:\/\/candeebaar.ee\/lv\/wp-json\/wp\/v2\/types\/product"}],"version-history":[{"count":2,"href":"https:\/\/candeebaar.ee\/lv\/wp-json\/wp\/v2\/product\/12019\/revisions"}],"predecessor-version":[{"id":12021,"href":"https:\/\/candeebaar.ee\/lv\/wp-json\/wp\/v2\/product\/12019\/revisions\/12021"}],"wp:featuredmedia":[{"embeddable":true,"href":"https:\/\/candeebaar.ee\/lv\/wp-json\/wp\/v2\/media\/11993"}],"wp:attachment":[{"href":"https:\/\/candeebaar.ee\/lv\/wp-json\/wp\/v2\/media?parent=12019"}],"wp:term":[{"taxonomy":"product_brand","embeddable":true,"href":"https:\/\/candeebaar.ee\/lv\/wp-json\/wp\/v2\/product_brand?post=12019"},{"taxonomy":"product_cat","embeddable":true,"href":"https:\/\/candeebaar.ee\/lv\/wp-json\/wp\/v2\/product_cat?post=12019"},{"taxonomy":"product_tag","embeddable":true,"href":"https:\/\/candeebaar.ee\/lv\/wp-json\/wp\/v2\/product_tag?post=12019"}],"curies":[{"name":"wp","href":"https:\/\/api.w.org\/{rel}","templated":true}]}}