{"id":12034,"date":"2025-04-25T15:01:13","date_gmt":"2025-04-25T13:01:13","guid":{"rendered":"https:\/\/candeebaar.ee\/?post_type=product&#038;p=12034"},"modified":"2026-04-06T18:13:22","modified_gmt":"2026-04-06T16:13:22","slug":"smidzinataji-melnas-perles-45g-kopija","status":"publish","type":"product","link":"https:\/\/candeebaar.ee\/lv\/veikals\/smidzinataji-melnas-perles-45g-kopija\/","title":{"rendered":"Smidzin\u0101\u0161anas \u201cMeln\u0101s p\u0113rles\u201d 45g"},"content":{"rendered":"<p>Smidzin\u0101t\u0101ji desertu dekor\u0113\u0161anai. P\u0113r\u013cu izm\u0113ri ir nejau\u0161i no 1 l\u012bdz 10 mm.<\/p>\n<p><strong>Sast\u0101vda\u013cas<\/strong>:<\/p>\n<p>uzp\u016bsti r\u012bsi (<strong>lipeklis<\/strong>), p\u016bdercukurs, kukur\u016bzas ciete, p\u0101rtikas kr\u0101sviela: Briljantmelnais BN (E 151), glaz\u016bras l\u012bdzeklis: Kapols (\u0161ellaka, augu e\u013c\u013ca, etanols).<\/p>\n<p>&nbsp;<\/p>\n<p>Var satur\u0113t p\u0113das <strong>olas, piens un rieksti<\/strong>.<\/p>\n<p><strong>Uztura fakti:<\/strong><\/p>\n<table width=\"510\">\n<tbody>\n<tr>\n<td colspan=\"2\" width=\"510\">100 g satur vid\u0113jo v\u0113rt\u012bbu:<\/td>\n<\/tr>\n<tr>\n<td width=\"200\">Kaloriju v\u0113rt\u012bba<\/td>\n<td width=\"310\">1660kJ \/ 392kcal<\/td>\n<\/tr>\n<tr>\n<td width=\"200\">Olbaltumvielas<\/td>\n<td width=\"310\">0,8 g<\/td>\n<\/tr>\n<tr>\n<td width=\"200\">Tauki<\/p>\n<p>\u2013 Pies\u0101tin\u0101ts<\/td>\n<td width=\"310\">0,1\u00a0g<\/p>\n<p>- 0 g<\/td>\n<\/tr>\n<tr>\n<td width=\"200\">Kop\u0113jais og\u013chidr\u0101tu saturs - cukurs<\/td>\n<td width=\"310\">95.9g-60g<\/td>\n<\/tr>\n<tr>\n<td width=\"200\">S\u0101ls<\/td>\n<td width=\"310\">0,00g<\/td>\n<\/tr>\n<\/tbody>\n<\/table>\n<p style=\"font-weight: 400;\">Nav piem\u0113rots b\u0113rniem l\u012bdz 3 gadu vecumam. Liel\u0101kajai da\u013cai elementu iek\u0161pus\u0113 ir m\u012bksta r\u012bsu pamatne, bet da\u017ei var b\u016bt cieti.<br \/>\nUzglab\u0101t nosl\u0113gtu istabas temperat\u016br\u0101 un norm\u0101l\u0101 (40-75%) mitrum\u0101.<br \/>\nRa\u017eot\u0101js: V\u0101cija<br \/>\nDer\u012bguma termi\u0146\u0161: 2026.\u00a0gada decembris<\/p>","protected":false},"excerpt":{"rendered":"<p>Smidzin\u0101t\u0101ji desertu dekor\u0113\u0161anai. P\u0113r\u013cu izm\u0113ri ir nejau\u0161i no 1 l\u012bdz 10 mm. Sast\u0101vda\u013cas: uzp\u016bstie r\u012bsi (glut\u0113ns), p\u016bdercukurs, kukur\u016bzas ciete, p\u0101rtikas kr\u0101sviela: Brilliant Black BN (E 151), p\u0101rkl\u0101juma l\u012bdzeklis: Capol (\u0161ellaka, augu e\u013c\u013ca, etanols).  Var satur\u0113t olu, piena un riekstu p\u0113das. Uzturv\u0113rt\u012bbas: 100 g satur vid\u0113jo v\u0113rt\u012bbu: kaloriju v\u0113rt\u012bba 1660 kJ \/ 392 kcal [\u2026]<\/p>","protected":false},"featured_media":11989,"template":"","meta":{"_seopress_robots_primary_cat":"none","_seopress_titles_title":"","_seopress_titles_desc":"","_seopress_robots_index":""},"product_brand":[],"product_cat":[15,104,106],"product_tag":[],"class_list":{"0":"post-12034","1":"product","2":"type-product","3":"status-publish","4":"has-post-thumbnail","6":"product_cat-all-products","7":"product_cat-sprinkles","8":"product_cat-new","10":"first","11":"instock","12":"taxable","13":"shipping-taxable","14":"purchasable","15":"product-type-simple"},"_links":{"self":[{"href":"https:\/\/candeebaar.ee\/lv\/wp-json\/wp\/v2\/product\/12034","targetHints":{"allow":["GET"]}}],"collection":[{"href":"https:\/\/candeebaar.ee\/lv\/wp-json\/wp\/v2\/product"}],"about":[{"href":"https:\/\/candeebaar.ee\/lv\/wp-json\/wp\/v2\/types\/product"}],"version-history":[{"count":1,"href":"https:\/\/candeebaar.ee\/lv\/wp-json\/wp\/v2\/product\/12034\/revisions"}],"predecessor-version":[{"id":12035,"href":"https:\/\/candeebaar.ee\/lv\/wp-json\/wp\/v2\/product\/12034\/revisions\/12035"}],"wp:featuredmedia":[{"embeddable":true,"href":"https:\/\/candeebaar.ee\/lv\/wp-json\/wp\/v2\/media\/11989"}],"wp:attachment":[{"href":"https:\/\/candeebaar.ee\/lv\/wp-json\/wp\/v2\/media?parent=12034"}],"wp:term":[{"taxonomy":"product_brand","embeddable":true,"href":"https:\/\/candeebaar.ee\/lv\/wp-json\/wp\/v2\/product_brand?post=12034"},{"taxonomy":"product_cat","embeddable":true,"href":"https:\/\/candeebaar.ee\/lv\/wp-json\/wp\/v2\/product_cat?post=12034"},{"taxonomy":"product_tag","embeddable":true,"href":"https:\/\/candeebaar.ee\/lv\/wp-json\/wp\/v2\/product_tag?post=12034"}],"curies":[{"name":"wp","href":"https:\/\/api.w.org\/{rel}","templated":true}]}}