{"id":12042,"date":"2025-04-25T15:15:27","date_gmt":"2025-04-25T13:15:27","guid":{"rendered":"https:\/\/candeebaar.ee\/?post_type=product&#038;p=12042"},"modified":"2026-02-02T14:44:07","modified_gmt":"2026-02-02T12:44:07","slug":"sprinkles-sunset-love-45g-kopija","status":"publish","type":"product","link":"https:\/\/candeebaar.ee\/lv\/veikals\/sprinkles-sunset-love-45g-kopija\/","title":{"rendered":"Smidzin\u0101t\u0101ji \u201cSunset Love\u201d 45g"},"content":{"rendered":"<p>Smidzin\u0101t\u0101ji desertu dekor\u0113\u0161anai.<\/p>\n<p><strong>Sast\u0101vda\u013cas<\/strong>:<\/p>\n<p>Cukurs, dekstroze, kukur\u016bzas ciete, dekstr\u012bns, uzp\u016bsti r\u012bsi (<strong>lipeklis<\/strong>), r\u012bsu milti, kvie\u0161u milti, baltais cukurs, rafin\u0113ta dezodor\u0113ta palmu e\u013c\u013ca, melase, p\u016bdercukurs, nehidrogen\u0113ta palmu e\u013c\u013ca, kokosriekstu e\u013c\u013ca, lecit\u012bns, magnija stear\u0101ts, karnaubas vasks (E903), glaz\u016bras vielas: gumijarabiks (E414), talks (E553b), \u0161ellaks (E904), biezin\u0101t\u0101js: karboksimetilceluloze (CMC) (E466), aromatiz\u0113t\u0101js: vani\u013ca, p\u0101rtikas kr\u0101svielas: tartraz\u012bns (E102), saulrieta dzeltenais FCF (E110), ponso 4R (E124), \u0113damais sudrabs (E174).<\/p>\n<p>Var satur\u0113t p\u0113das <strong>olas, piens un rieksti<\/strong>.<\/p>\n<p>Satur (E102) un t\u0101d\u0113\u013c var pasliktin\u0101t b\u0113rnu aktivit\u0101ti un uzman\u012bbu.<\/p>\n<p><strong>Uztura fakti:<\/strong><\/p>\n<table width=\"510\">\n<tbody>\n<tr>\n<td colspan=\"2\" width=\"510\">100 g satur vid\u0113jo v\u0113rt\u012bbu:<\/td>\n<\/tr>\n<tr>\n<td width=\"200\">Kaloriju v\u0113rt\u012bba<\/td>\n<td width=\"310\">1651 kJ \/ 389,8 kcal<\/td>\n<\/tr>\n<tr>\n<td width=\"200\">Olbaltumvielas<\/td>\n<td width=\"310\">0,4 g<\/td>\n<\/tr>\n<tr>\n<td width=\"200\">Tauki<\/p>\n<p>\u2013 Pies\u0101tin\u0101ts<\/td>\n<td width=\"310\">0,12 g<\/p>\n<p>\u2013 0,01 g<\/td>\n<\/tr>\n<tr>\n<td width=\"200\">Kop\u0113jais og\u013chidr\u0101tu saturs - cukurs<\/td>\n<td width=\"310\">95,5\u00a0g\u201360,5\u00a0g<\/td>\n<\/tr>\n<tr>\n<td width=\"200\">S\u0101ls<\/td>\n<td width=\"310\">0,002 g<\/td>\n<\/tr>\n<\/tbody>\n<\/table>\n<p style=\"font-weight: 400;\">Nav piem\u0113rots b\u0113rniem l\u012bdz 3 gadu vecumam. Liel\u0101kajai da\u013cai elementu iek\u0161pus\u0113 ir m\u012bksta r\u012bsu pamatne, bet da\u017ei var b\u016bt cieti.<br \/>\nUzglab\u0101t nosl\u0113gtu istabas temperat\u016br\u0101 un norm\u0101l\u0101 (40-75%) mitrum\u0101.<br \/>\nRa\u017eot\u0101js: V\u0101cija<br \/>\nDer\u012bguma termi\u0146\u0161: 2027. gada janv\u0101ris<\/p>","protected":false},"excerpt":{"rendered":"<p>Smidzin\u0101t\u0101ji desertu dekor\u0113\u0161anai. Sast\u0101vs: cukurs, dekstroze, kukur\u016bzas ciete, dekstr\u012bns, uzp\u016bstie r\u012bsi (glut\u0113ns), r\u012bsu milti, kvie\u0161u milti, baltais cukurs, rafin\u0113ta dezodor\u0113ta palmu e\u013c\u013ca, melase, p\u016bdercukurs, nehidrogen\u0113ta palmu e\u013c\u013ca, kokosriekstu e\u013c\u013ca, lecit\u012bns, magnija stear\u0101ts, karnaubas sve\u0137i, kobabvasks (E90:14), arab\u012bns (E90:14), (E553b), \u0161ellaka (E904), biezin\u0101t\u0101js: karboksimetilceluloze (CMC) (E466), aromatiz\u0113t\u0101js: vani\u013ca, p\u0101rtikas kr\u0101svielas: tartraz\u012bns (E102), [\u2026]<\/p>","protected":false},"featured_media":11985,"template":"","meta":{"_seopress_robots_primary_cat":"none","_seopress_titles_title":"","_seopress_titles_desc":"","_seopress_robots_index":""},"product_brand":[],"product_cat":[183,15,104,106],"product_tag":[],"class_list":{"0":"post-12042","1":"product","2":"type-product","3":"status-publish","4":"has-post-thumbnail","6":"product_cat-valentines-day","7":"product_cat-all-products","8":"product_cat-sprinkles","9":"product_cat-new","11":"first","12":"outofstock","13":"taxable","14":"shipping-taxable","15":"purchasable","16":"product-type-simple"},"_links":{"self":[{"href":"https:\/\/candeebaar.ee\/lv\/wp-json\/wp\/v2\/product\/12042","targetHints":{"allow":["GET"]}}],"collection":[{"href":"https:\/\/candeebaar.ee\/lv\/wp-json\/wp\/v2\/product"}],"about":[{"href":"https:\/\/candeebaar.ee\/lv\/wp-json\/wp\/v2\/types\/product"}],"version-history":[{"count":1,"href":"https:\/\/candeebaar.ee\/lv\/wp-json\/wp\/v2\/product\/12042\/revisions"}],"predecessor-version":[{"id":12043,"href":"https:\/\/candeebaar.ee\/lv\/wp-json\/wp\/v2\/product\/12042\/revisions\/12043"}],"wp:featuredmedia":[{"embeddable":true,"href":"https:\/\/candeebaar.ee\/lv\/wp-json\/wp\/v2\/media\/11985"}],"wp:attachment":[{"href":"https:\/\/candeebaar.ee\/lv\/wp-json\/wp\/v2\/media?parent=12042"}],"wp:term":[{"taxonomy":"product_brand","embeddable":true,"href":"https:\/\/candeebaar.ee\/lv\/wp-json\/wp\/v2\/product_brand?post=12042"},{"taxonomy":"product_cat","embeddable":true,"href":"https:\/\/candeebaar.ee\/lv\/wp-json\/wp\/v2\/product_cat?post=12042"},{"taxonomy":"product_tag","embeddable":true,"href":"https:\/\/candeebaar.ee\/lv\/wp-json\/wp\/v2\/product_tag?post=12042"}],"curies":[{"name":"wp","href":"https:\/\/api.w.org\/{rel}","templated":true}]}}