{"id":12059,"date":"2025-04-27T10:37:20","date_gmt":"2025-04-27T08:37:20","guid":{"rendered":"https:\/\/candeebaar.ee\/?post_type=product&#038;p=12059"},"modified":"2025-04-27T10:38:55","modified_gmt":"2025-04-27T08:38:55","slug":"callebaut-60-40-38-tumsa-sokolade-60-1-400g","status":"publish","type":"product","link":"https:\/\/candeebaar.ee\/lv\/veikals\/callebaut-60-40-38-tumsa-sokolade-60-1-400g\/","title":{"rendered":"Callebaut 60\u00a040\u00a038 tum\u0161\u0101 \u0161okol\u0101de (60.1%) 400\u00a0g"},"content":{"rendered":"<p>Paz\u012bstam\u0101 \u0161okol\u0101de. Tam ir augst\u0101k\u0101 kvalit\u0101te.<br \/>\nSast\u0101vda\u013cas: kakao masa, cukurs, kakao sviests, emulgators: lecit\u012bni (<strong>SOJA<\/strong>), Dab\u012bgs vani\u013cas aromatiz\u0113t\u0101js<br \/>\nSvars: 400g<\/p>\n<p>Ra\u017eot\u0101js: CALLEBAUT Belgium<br \/>\nTurkl\u0101t vietn\u0113 varat atrast daudzas jaunas receptes un iepaz\u012bties ar vi\u0146u produktiem <a href=\"https:\/\/www.callebaut.com\/\">callebaut.com<\/a>.<br \/>\nUzglab\u0101\u0161anas temperat\u016bra: <strong>12 \u2013 20 \u00b0C<br \/>\n<\/strong>Var satur\u0113t <strong>Piens.<\/strong><\/p>\n<p>&nbsp;<\/p>","protected":false},"excerpt":{"rendered":"<p>Paz\u012bstama \u0161okol\u0101de. Tai ir augst\u0101k\u0101 kvalit\u0101te. Sast\u0101vda\u013cas: kakao masa, cukurs, kakao sviests, emulgators: lecit\u012bni (SOJA), dab\u012bgs vani\u013cas aromatiz\u0113t\u0101js. Svars: 400 g. Ra\u017eot\u0101js: CALLEBAUT Be\u013c\u0123ija. Turkl\u0101t daudzas jaunas receptes un produktus varat iepaz\u012bties t\u012bmek\u013ca vietn\u0113 callebaut.com. Uzglab\u0101\u0161anas temperat\u016bra: 12\u201320 \u00b0C. Var satur\u0113t pienu. &nbsp;<\/p>","protected":false},"featured_media":12057,"template":"","meta":{"_seopress_robots_primary_cat":"none","_seopress_titles_title":"","_seopress_titles_desc":"","_seopress_robots_index":""},"product_brand":[],"product_cat":[15,110,106],"product_tag":[],"class_list":{"0":"post-12059","1":"product","2":"type-product","3":"status-publish","4":"has-post-thumbnail","6":"product_cat-all-products","7":"product_cat-callebaut","8":"product_cat-new","10":"first","11":"instock","12":"taxable","13":"shipping-taxable","14":"purchasable","15":"product-type-simple"},"_links":{"self":[{"href":"https:\/\/candeebaar.ee\/lv\/wp-json\/wp\/v2\/product\/12059","targetHints":{"allow":["GET"]}}],"collection":[{"href":"https:\/\/candeebaar.ee\/lv\/wp-json\/wp\/v2\/product"}],"about":[{"href":"https:\/\/candeebaar.ee\/lv\/wp-json\/wp\/v2\/types\/product"}],"version-history":[{"count":1,"href":"https:\/\/candeebaar.ee\/lv\/wp-json\/wp\/v2\/product\/12059\/revisions"}],"predecessor-version":[{"id":12060,"href":"https:\/\/candeebaar.ee\/lv\/wp-json\/wp\/v2\/product\/12059\/revisions\/12060"}],"wp:featuredmedia":[{"embeddable":true,"href":"https:\/\/candeebaar.ee\/lv\/wp-json\/wp\/v2\/media\/12057"}],"wp:attachment":[{"href":"https:\/\/candeebaar.ee\/lv\/wp-json\/wp\/v2\/media?parent=12059"}],"wp:term":[{"taxonomy":"product_brand","embeddable":true,"href":"https:\/\/candeebaar.ee\/lv\/wp-json\/wp\/v2\/product_brand?post=12059"},{"taxonomy":"product_cat","embeddable":true,"href":"https:\/\/candeebaar.ee\/lv\/wp-json\/wp\/v2\/product_cat?post=12059"},{"taxonomy":"product_tag","embeddable":true,"href":"https:\/\/candeebaar.ee\/lv\/wp-json\/wp\/v2\/product_tag?post=12059"}],"curies":[{"name":"wp","href":"https:\/\/api.w.org\/{rel}","templated":true}]}}