{"id":12633,"date":"2025-06-12T07:55:46","date_gmt":"2025-06-12T05:55:46","guid":{"rendered":"https:\/\/candeebaar.ee\/?post_type=product&#038;p=12633"},"modified":"2026-03-23T19:03:02","modified_gmt":"2026-03-23T17:03:02","slug":"8-g-zilas-partikas-krasvielas-sausa-veida-2","status":"publish","type":"product","link":"https:\/\/candeebaar.ee\/lv\/veikals\/8-g-zilas-partikas-krasvielas-sausa-veida-2\/","title":{"rendered":"Saus\u0101 kr\u0101sa zila 8g p\u0101rtikas kr\u0101svielas"},"content":{"rendered":"<p>\u016aden\u012b \u0161\u0137\u012bsto\u0161a saus\u0101 p\u0101rtikas kr\u0101sviela \u201cZil\u0101\u201d.<br \/>\nLieto\u0161ana: iz\u0161\u0137\u012bdiniet nepiecie\u0161amo kr\u0101svielas daudzumu neliel\u0101 \u016bdens vai cita \u0161\u0137idruma daudzum\u0101, p\u0113c tam ievadiet to produkt\u0101. Ieteicam\u0101 deva 0,003%-0,007% no produkta svara.<br \/>\nSast\u0101vs: E133. Uzglab\u0101t saus\u0101, v\u0113s\u0101 viet\u0101. Der\u012bguma termi\u0146\u0161 4 gadi no izgatavo\u0161anas datuma.<br \/>\n*Var negat\u012bvi ietekm\u0113t b\u0113rnu aktivit\u0101ti un uzman\u012bbu.<br \/>\nMasa: 8g<br \/>\nRa\u017eot\u0101js: Food Colours, Polija<\/p>","protected":false},"excerpt":{"rendered":"<p>Saus\u0101 p\u0101rtikas kr\u0101sviela \u016bden\u012b \u0161\u0137\u012bsto\u0161a \u201cZil\u0101\u201d. Lieto\u0161ana: nepiecie\u0161amo kr\u0101svielas daudzumu iz\u0161\u0137\u012bdiniet neliel\u0101 \u016bdens vai cita \u0161\u0137idruma daudzum\u0101 un p\u0113c tam ievadiet to produkt\u0101. Ieteicam\u0101 deva 0,003%-0,007% no produkta svara. Sast\u0101vs: E133. Uzglab\u0101t saus\u0101, v\u0113s\u0101 viet\u0101. Der\u012bguma termi\u0146\u0161 4 gadi no ra\u017eo\u0161anas datuma. *Var b\u016bt negat\u012bva [\u2026]<\/p>","protected":false},"featured_media":12635,"template":"","meta":{"_seopress_robots_primary_cat":"none","_seopress_titles_title":"","_seopress_titles_desc":"","_seopress_robots_index":""},"product_brand":[],"product_cat":[15,112,106],"product_tag":[],"class_list":{"0":"post-12633","1":"product","2":"type-product","3":"status-publish","4":"has-post-thumbnail","6":"product_cat-all-products","7":"product_cat-powder-water-soluble","8":"product_cat-new","10":"first","11":"instock","12":"taxable","13":"shipping-taxable","14":"purchasable","15":"product-type-simple"},"_links":{"self":[{"href":"https:\/\/candeebaar.ee\/lv\/wp-json\/wp\/v2\/product\/12633","targetHints":{"allow":["GET"]}}],"collection":[{"href":"https:\/\/candeebaar.ee\/lv\/wp-json\/wp\/v2\/product"}],"about":[{"href":"https:\/\/candeebaar.ee\/lv\/wp-json\/wp\/v2\/types\/product"}],"version-history":[{"count":1,"href":"https:\/\/candeebaar.ee\/lv\/wp-json\/wp\/v2\/product\/12633\/revisions"}],"predecessor-version":[{"id":12634,"href":"https:\/\/candeebaar.ee\/lv\/wp-json\/wp\/v2\/product\/12633\/revisions\/12634"}],"wp:featuredmedia":[{"embeddable":true,"href":"https:\/\/candeebaar.ee\/lv\/wp-json\/wp\/v2\/media\/12635"}],"wp:attachment":[{"href":"https:\/\/candeebaar.ee\/lv\/wp-json\/wp\/v2\/media?parent=12633"}],"wp:term":[{"taxonomy":"product_brand","embeddable":true,"href":"https:\/\/candeebaar.ee\/lv\/wp-json\/wp\/v2\/product_brand?post=12633"},{"taxonomy":"product_cat","embeddable":true,"href":"https:\/\/candeebaar.ee\/lv\/wp-json\/wp\/v2\/product_cat?post=12633"},{"taxonomy":"product_tag","embeddable":true,"href":"https:\/\/candeebaar.ee\/lv\/wp-json\/wp\/v2\/product_tag?post=12633"}],"curies":[{"name":"wp","href":"https:\/\/api.w.org\/{rel}","templated":true}]}}